{"id":30086,"date":"2018-06-16T10:38:35","date_gmt":"2018-06-16T08:38:35","guid":{"rendered":"https:\/\/objectif-lune.ch\/?page_id=30086"},"modified":"2024-11-16T22:12:28","modified_gmt":"2024-11-16T21:12:28","slug":"suisse","status":"publish","type":"page","link":"https:\/\/conservation-science.ch\/?page_id=30086","title":{"rendered":"Suisse"},"content":{"rendered":"<p><strong>Projets r\u00e9alis\u00e9s dans les cantons suisses suivants :<\/strong><\/p>\n<ul>\n<li><a href=\"\/etudes-expertises\/suisse\/argovie\/\">AG\u00a0<\/a>(Argovie)<\/li>\n<li><a href=\"\/etudes-expertises\/suisse\/berne\/\">BE\u00a0<\/a>(Berne)<\/li>\n<li><a href=\"\/etudes-expertises\/suisse\/bale-campagne\/\">BL\u00a0<\/a>(B\u00e2le campagne)<\/li>\n<li><a href=\"\/etudes-expertises\/suisse\/bale-ville\/\">BS\u00a0<\/a>(B\u00e2le ville)<\/li>\n<li><a href=\"\/etudes-expertises\/suisse\/fribourg\/\">FR<\/a>\u00a0(Fribourg)<\/li>\n<li><a href=\"\/etudes-expertises\/suisse\/geneve\/\">GE\u00a0<\/a>(Gen\u00e8ve)<\/li>\n<li><a href=\"\/etudes-expertises\/suisse\/grisons\/\">GR\u00a0<\/a>(Grisons)<\/li>\n<li><a href=\"\/etudes-expertises\/suisse\/lucerne\/\">LU\u00a0<\/a>(Lucerne)<\/li>\n<li><a href=\"\/etudes-expertises\/suisse\/neuchatel\/\">NE\u00a0<\/a>(Neuch\u00e2tel)<\/li>\n<li><a href=\"\/etudes-expertises\/suisse\/nidwald\/\">NW<\/a> (Nidwald)<\/li>\n<li><a href=\"\/etudes-expertises\/suisse\/obwald\/\">OW\u00a0<\/a>(Obwald)<\/li>\n<li><a href=\"\/etudes-expertises\/suisse\/saint-gall\/\">SG\u00a0<\/a>(Saint-Gall)<\/li>\n<li><a href=\"\/etudes-expertises\/suisse\/schaffhouse\/\">SH\u00a0<\/a>(Schaffhouse)<\/li>\n<li><a href=\"\/etudes-expertises\/suisse\/soleure\/\">SO\u00a0<\/a>(Soleure)<\/li>\n<li><a href=\"\/etudes-expertises\/suisse\/schwytz\/\">SZ\u00a0<\/a>(Schwytz)<\/li>\n<li><a href=\"\/etudes-expertises\/suisse\/tessin\/\">TI\u00a0<\/a>(Tessin)<\/li>\n<li><a href=\"\/etudes-expertises\/suisse\/thurgovie\/\">TG\u00a0<\/a>(Thurgovie)<\/li>\n<li><a href=\"\/etudes-expertises\/suisse\/uri\/\">UR\u00a0<\/a>(Uri)<\/li>\n<li><a href=\"\/etudes-expertises\/suisse\/vaud\/\">VD\u00a0<\/a>(Vaud)<\/li>\n<li><a href=\"\/etudes-expertises\/suisse\/valais\/\">VS\u00a0<\/a>(Valais)<\/li>\n<li><a href=\"\/etudes-expertises\/suisse\/zoug\/\">ZG\u00a0<\/a>(Zoug)<\/li>\n<li><a href=\"\/etudes-expertises\/suisse\/zurich\/\">ZH\u00a0<\/a>(Zurich)<\/li>\n<\/ul>\n","protected":false},"excerpt":{"rendered":"<p>Projets r\u00e9alis\u00e9s dans les cantons suisses suivants : AG\u00a0(Argovie) BE\u00a0(Berne) BL\u00a0(B\u00e2le campagne) BS\u00a0(B\u00e2le ville) FR\u00a0(Fribourg) GE\u00a0(Gen\u00e8ve) GR\u00a0(Grisons) LU\u00a0(Lucerne) NE\u00a0(Neuch\u00e2tel) NW (Nidwald) OW\u00a0(Obwald) SG\u00a0(Saint-Gall) SH\u00a0(Schaffhouse) SO\u00a0(Soleure) SZ\u00a0(Schwytz) TI\u00a0(Tessin) TG\u00a0(Thurgovie) UR\u00a0(Uri) VD\u00a0(Vaud) VS\u00a0(Valais) ZG\u00a0(Zoug) ZH\u00a0(Zurich)<\/p>\n","protected":false},"author":1,"featured_media":0,"parent":28915,"menu_order":1,"comment_status":"closed","ping_status":"closed","template":"","meta":{"footnotes":""},"class_list":["post-30086","page","type-page","status-publish","hentry"],"yoast_head":"<!-- This site is optimized with the Yoast SEO plugin v27.2 - https:\/\/yoast.com\/product\/yoast-seo-wordpress\/ -->\n<title>Suisse - Bl\u00e4uer - Conservation - Science<\/title>\n<meta name=\"robots\" content=\"index, follow, max-snippet:-1, max-image-preview:large, max-video-preview:-1\" \/>\n<link rel=\"canonical\" href=\"https:\/\/conservation-science.ch\/?page_id=30086\" \/>\n<meta property=\"og:locale\" content=\"fr_FR\" \/>\n<meta property=\"og:type\" content=\"article\" \/>\n<meta property=\"og:title\" content=\"Suisse - Bl\u00e4uer - Conservation - Science\" \/>\n<meta property=\"og:description\" content=\"Projets r\u00e9alis\u00e9s dans les cantons suisses suivants : AG\u00a0(Argovie) BE\u00a0(Berne) BL\u00a0(B\u00e2le campagne) BS\u00a0(B\u00e2le ville) FR\u00a0(Fribourg) GE\u00a0(Gen\u00e8ve) GR\u00a0(Grisons) LU\u00a0(Lucerne) NE\u00a0(Neuch\u00e2tel) NW (Nidwald) OW\u00a0(Obwald) SG\u00a0(Saint-Gall) SH\u00a0(Schaffhouse) SO\u00a0(Soleure) SZ\u00a0(Schwytz) TI\u00a0(Tessin) TG\u00a0(Thurgovie) UR\u00a0(Uri) VD\u00a0(Vaud) VS\u00a0(Valais) ZG\u00a0(Zoug) ZH\u00a0(Zurich)\" \/>\n<meta property=\"og:url\" content=\"https:\/\/conservation-science.ch\/?page_id=30086\" \/>\n<meta property=\"og:site_name\" content=\"Bl\u00e4uer - Conservation - Science\" \/>\n<meta property=\"article:modified_time\" content=\"2024-11-16T21:12:28+00:00\" \/>\n<meta name=\"twitter:card\" content=\"summary_large_image\" \/>\n<meta name=\"twitter:label1\" content=\"Dur\u00e9e de lecture estim\u00e9e\" \/>\n\t<meta name=\"twitter:data1\" content=\"1 minute\" \/>\n<script type=\"application\/ld+json\" class=\"yoast-schema-graph\">{\"@context\":\"https:\/\/schema.org\",\"@graph\":[{\"@type\":\"WebPage\",\"@id\":\"https:\/\/conservation-science.ch\/?page_id=30086\",\"url\":\"https:\/\/conservation-science.ch\/?page_id=30086\",\"name\":\"Suisse - Bl\u00e4uer - Conservation - Science\",\"isPartOf\":{\"@id\":\"https:\/\/conservation-science.ch\/#website\"},\"datePublished\":\"2018-06-16T08:38:35+00:00\",\"dateModified\":\"2024-11-16T21:12:28+00:00\",\"breadcrumb\":{\"@id\":\"https:\/\/conservation-science.ch\/?page_id=30086#breadcrumb\"},\"inLanguage\":\"fr-FR\",\"potentialAction\":[{\"@type\":\"ReadAction\",\"target\":[\"https:\/\/conservation-science.ch\/?page_id=30086\"]}]},{\"@type\":\"BreadcrumbList\",\"@id\":\"https:\/\/conservation-science.ch\/?page_id=30086#breadcrumb\",\"itemListElement\":[{\"@type\":\"ListItem\",\"position\":1,\"name\":\"Accueil\",\"item\":\"https:\/\/conservation-science.ch\/\"},{\"@type\":\"ListItem\",\"position\":2,\"name\":\"Accueil\",\"item\":\"https:\/\/conservation-science.ch\/\"},{\"@type\":\"ListItem\",\"position\":3,\"name\":\"Etudes \/ Expertises\",\"item\":\"https:\/\/conservation-science.ch\/?page_id=28915\"},{\"@type\":\"ListItem\",\"position\":4,\"name\":\"Suisse\"}]},{\"@type\":\"WebSite\",\"@id\":\"https:\/\/conservation-science.ch\/#website\",\"url\":\"https:\/\/conservation-science.ch\/\",\"name\":\"CSC - Conservation - Sciences\",\"description\":\"Transmission de connaissances dans le domaine des sciences de la conservation du patrimoine b\u00e2ti\",\"potentialAction\":[{\"@type\":\"SearchAction\",\"target\":{\"@type\":\"EntryPoint\",\"urlTemplate\":\"https:\/\/conservation-science.ch\/?s={search_term_string}\"},\"query-input\":{\"@type\":\"PropertyValueSpecification\",\"valueRequired\":true,\"valueName\":\"search_term_string\"}}],\"inLanguage\":\"fr-FR\"}]}<\/script>\n<!-- \/ Yoast SEO plugin. -->","yoast_head_json":{"title":"Suisse - Bl\u00e4uer - Conservation - Science","robots":{"index":"index","follow":"follow","max-snippet":"max-snippet:-1","max-image-preview":"max-image-preview:large","max-video-preview":"max-video-preview:-1"},"canonical":"https:\/\/conservation-science.ch\/?page_id=30086","og_locale":"fr_FR","og_type":"article","og_title":"Suisse - Bl\u00e4uer - Conservation - Science","og_description":"Projets r\u00e9alis\u00e9s dans les cantons suisses suivants : AG\u00a0(Argovie) BE\u00a0(Berne) BL\u00a0(B\u00e2le campagne) BS\u00a0(B\u00e2le ville) FR\u00a0(Fribourg) GE\u00a0(Gen\u00e8ve) GR\u00a0(Grisons) LU\u00a0(Lucerne) NE\u00a0(Neuch\u00e2tel) NW (Nidwald) OW\u00a0(Obwald) SG\u00a0(Saint-Gall) SH\u00a0(Schaffhouse) SO\u00a0(Soleure) SZ\u00a0(Schwytz) TI\u00a0(Tessin) TG\u00a0(Thurgovie) UR\u00a0(Uri) VD\u00a0(Vaud) VS\u00a0(Valais) ZG\u00a0(Zoug) ZH\u00a0(Zurich)","og_url":"https:\/\/conservation-science.ch\/?page_id=30086","og_site_name":"Bl\u00e4uer - Conservation - Science","article_modified_time":"2024-11-16T21:12:28+00:00","twitter_card":"summary_large_image","twitter_misc":{"Dur\u00e9e de lecture estim\u00e9e":"1 minute"},"schema":{"@context":"https:\/\/schema.org","@graph":[{"@type":"WebPage","@id":"https:\/\/conservation-science.ch\/?page_id=30086","url":"https:\/\/conservation-science.ch\/?page_id=30086","name":"Suisse - Bl\u00e4uer - Conservation - Science","isPartOf":{"@id":"https:\/\/conservation-science.ch\/#website"},"datePublished":"2018-06-16T08:38:35+00:00","dateModified":"2024-11-16T21:12:28+00:00","breadcrumb":{"@id":"https:\/\/conservation-science.ch\/?page_id=30086#breadcrumb"},"inLanguage":"fr-FR","potentialAction":[{"@type":"ReadAction","target":["https:\/\/conservation-science.ch\/?page_id=30086"]}]},{"@type":"BreadcrumbList","@id":"https:\/\/conservation-science.ch\/?page_id=30086#breadcrumb","itemListElement":[{"@type":"ListItem","position":1,"name":"Accueil","item":"https:\/\/conservation-science.ch\/"},{"@type":"ListItem","position":2,"name":"Accueil","item":"https:\/\/conservation-science.ch\/"},{"@type":"ListItem","position":3,"name":"Etudes \/ Expertises","item":"https:\/\/conservation-science.ch\/?page_id=28915"},{"@type":"ListItem","position":4,"name":"Suisse"}]},{"@type":"WebSite","@id":"https:\/\/conservation-science.ch\/#website","url":"https:\/\/conservation-science.ch\/","name":"CSC - Conservation - Sciences","description":"Transmission de connaissances dans le domaine des sciences de la conservation du patrimoine b\u00e2ti","potentialAction":[{"@type":"SearchAction","target":{"@type":"EntryPoint","urlTemplate":"https:\/\/conservation-science.ch\/?s={search_term_string}"},"query-input":{"@type":"PropertyValueSpecification","valueRequired":true,"valueName":"search_term_string"}}],"inLanguage":"fr-FR"}]}},"_links":{"self":[{"href":"https:\/\/conservation-science.ch\/index.php?rest_route=\/wp\/v2\/pages\/30086","targetHints":{"allow":["GET"]}}],"collection":[{"href":"https:\/\/conservation-science.ch\/index.php?rest_route=\/wp\/v2\/pages"}],"about":[{"href":"https:\/\/conservation-science.ch\/index.php?rest_route=\/wp\/v2\/types\/page"}],"author":[{"embeddable":true,"href":"https:\/\/conservation-science.ch\/index.php?rest_route=\/wp\/v2\/users\/1"}],"replies":[{"embeddable":true,"href":"https:\/\/conservation-science.ch\/index.php?rest_route=%2Fwp%2Fv2%2Fcomments&post=30086"}],"version-history":[{"count":8,"href":"https:\/\/conservation-science.ch\/index.php?rest_route=\/wp\/v2\/pages\/30086\/revisions"}],"predecessor-version":[{"id":40521,"href":"https:\/\/conservation-science.ch\/index.php?rest_route=\/wp\/v2\/pages\/30086\/revisions\/40521"}],"up":[{"embeddable":true,"href":"https:\/\/conservation-science.ch\/index.php?rest_route=\/wp\/v2\/pages\/28915"}],"wp:attachment":[{"href":"https:\/\/conservation-science.ch\/index.php?rest_route=%2Fwp%2Fv2%2Fmedia&parent=30086"}],"curies":[{"name":"wp","href":"https:\/\/api.w.org\/{rel}","templated":true}]}}