{"id":29899,"date":"2018-06-14T09:54:12","date_gmt":"2018-06-14T07:54:12","guid":{"rendered":"https:\/\/objectif-lune.ch\/?page_id=29899"},"modified":"2024-11-16T21:56:29","modified_gmt":"2024-11-16T20:56:29","slug":"nos-astuces","status":"publish","type":"page","link":"https:\/\/conservation-science.ch\/?page_id=29899","title":{"rendered":"Nos astuces"},"content":{"rendered":"<p style=\"text-align: justify;\"><strong>Comment savoir si un traitement de surface forme un film non poreux ou s&rsquo;il hydrofuge \u00ab\u00a0seulement\u00a0\u00bb les surfaces sans boucher les pores : test \u00e0 la goutte, 2\u00e8me partie<\/strong><br \/>\nParmi les traitements de surface qui rendent les mat\u00e9riaux hydrophobes il peut \u00eatre utile de savoir reconna\u00eetre ceux qui forment un film \u00e9tanche non poreux de ceux qui, sans boucher les pores, forment des couches mol\u00e9culaires tr\u00e8s fines mais hydrophobes sur les particules solides du mat\u00e9riau.<br \/>\nEn g\u00e9n\u00e9ral, les substances hydrophobes \u00ab\u00a0aiment\u00a0\u00bb les solvants organiques : pratiquement, si une goutte de solvant organique est d\u00e9pos\u00e9e sur un mat\u00e9riau hydrophobe mais poreux, elle va p\u00e9n\u00e9trer par capillarit\u00e9 dans la porosit\u00e9.<br \/>\nPour d\u00e9terminer si une surface hydrophobe est encore poreuse ou non, il suffira donc de compl\u00e9ter le test \u00e0 la goutte d&rsquo;eau d\u00e9crit dans l&rsquo;astuce pr\u00e9c\u00e9dente par le test \u00e0 la goutte d&rsquo;\u00e9thanol d\u00e9crit ci-apr\u00e8s.<\/p>\n<p style=\"text-align: justify;\"><strong>1 &#8211; Test \u00e0 la goutte d&rsquo;eau : v\u00e9rifiez si le mat\u00e9riau est hydrophobe <\/strong>en suivant les \u00e9tapes 1 et 2 de l&rsquo;astuce pr\u00e9c\u00e9dente (<a href=\"\/nos-astuces\/nos-astuces-archivees\/test-a-la-goutte-1ere-partie\/\">surface hydrofug\u00e9e ?<\/a>)<\/p>\n<p>&nbsp;<\/p>\n<table border=\"0\" width=\"580\" align=\"center\">\n<tbody>\n<tr>\n<td style=\"vertical-align: top;\" align=\"center\" valign=\"bottom\" width=\"\" height=\"\"><img loading=\"lazy\" decoding=\"async\" class=\"alignnone size-full wp-image-29841\" src=\"https:\/\/csc-sarl.ch\/wp-content\/uploads\/2018\/06\/hydrophob_fort.jpg\" alt=\"\" width=\"250\" height=\"155\" \/><br \/>\nsurface tr\u00e8s hydrophobe<\/td>\n<td style=\"vertical-align: top;\" align=\"center\" valign=\"bottom\" width=\"\" height=\"\"><img loading=\"lazy\" decoding=\"async\" class=\"alignnone size-full wp-image-29840\" src=\"https:\/\/csc-sarl.ch\/wp-content\/uploads\/2018\/06\/hydrophob_faible.jpg\" alt=\"\" width=\"250\" height=\"144\" \/><br \/>\nsurface l\u00e9g\u00e8rement moins hydrophobe<\/td>\n<\/tr>\n<\/tbody>\n<\/table>\n<p style=\"text-align: justify;\"><strong>2 &#8211; Test \u00e0 la goutte d&rsquo;\u00e9thanol : v\u00e9rifiez si la surface hydrophobe est poreuse ou non<\/strong><br \/>\namenez d\u00e9licatement en contact une petite goutte d&rsquo;\u00e9thanol avec la surface du mat\u00e9riau \u00e0 tester<\/p>\n<table border=\"0\" width=\"580\" align=\"center\">\n<tbody>\n<tr>\n<td align=\"center\" valign=\"bottom\" width=\"\" height=\"\"><img loading=\"lazy\" decoding=\"async\" class=\"alignnone size-full wp-image-29843\" src=\"https:\/\/csc-sarl.ch\/wp-content\/uploads\/2018\/06\/surface_horiz.jpg\" alt=\"\" width=\"250\" height=\"195\" \/><\/td>\n<\/tr>\n<\/tbody>\n<\/table>\n<p style=\"text-align: justify;\"><strong>3 &#8211; Lecture du r\u00e9sultat<\/strong><br \/>\n&#8211; la goutte d&rsquo;\u00e9thanol mouille le mat\u00e9riau tout en \u00e9tant absorb\u00e9e par capillarit\u00e9 si la surface est encore poreuse (a) ;<br \/>\n&#8211; si la porosit\u00e9 de surface du mat\u00e9riau est bouch\u00e9e, la goutte d&rsquo;\u00e9thanol mouille la surface et s&rsquo;y \u00e9tale simplement, sans \u00eatre absorb\u00e9e (b). Elle dispara\u00eet par \u00e9vaporation avec le temps (attention s&rsquo;il fait tr\u00e8s chaud ou s&rsquo;il y a beaucoup de vent le s\u00e9chage sera tr\u00e8s rapide).<\/p>\n<table border=\"0\" width=\"580\" align=\"center\">\n<tbody>\n<tr>\n<td align=\"center\" valign=\"bottom\" width=\"\" height=\"\"><img loading=\"lazy\" decoding=\"async\" class=\"alignnone size-full wp-image-29896\" src=\"https:\/\/csc-sarl.ch\/wp-content\/uploads\/2018\/06\/ethanol_sur_poreux.jpg\" alt=\"\" width=\"250\" height=\"135\" \/><br \/>\n(a) mat\u00e9riau hydrophobe,<br \/>\nporeux<\/td>\n<td align=\"center\" valign=\"bottom\" width=\"\" height=\"\"><img loading=\"lazy\" decoding=\"async\" class=\"alignnone size-full wp-image-29895\" src=\"https:\/\/csc-sarl.ch\/wp-content\/uploads\/2018\/06\/ethanol_sur_non_poreux.jpg\" alt=\"\" width=\"250\" height=\"134\" \/><br \/>\n(b) mat\u00e9riau hydrophobe<br \/>\net non poreux<\/td>\n<\/tr>\n<\/tbody>\n<\/table>\n<p><em><strong><span style=\"color: #996600;\">Test \u00e0 la goutte, suite :<\/span> <\/strong>dans notre prochaine astuce nous expliquerons comment reconna\u00eetre les anciens traitements de surfaces hydrofuges <\/em><\/p>\n<p><a href=\"\/nos-astuces\/nos-astuces-archivees\/\">pour nos astuces archiv\u00e9es&#8230;<\/a><\/p>\n","protected":false},"excerpt":{"rendered":"<p>Comment savoir si un traitement de surface forme un film non poreux ou s&rsquo;il hydrofuge \u00ab\u00a0seulement\u00a0\u00bb les surfaces sans boucher les pores : test \u00e0 la goutte, 2\u00e8me partie Parmi les traitements de surface qui rendent les mat\u00e9riaux hydrophobes il peut \u00eatre utile de savoir reconna\u00eetre ceux qui forment un film \u00e9tanche non poreux de &hellip; <a href=\"https:\/\/conservation-science.ch\/?page_id=29899\" class=\"more-link\">Continuer la lecture de <span class=\"screen-reader-text\">Nos astuces<\/span><\/a><\/p>\n","protected":false},"author":1,"featured_media":0,"parent":28756,"menu_order":4,"comment_status":"closed","ping_status":"closed","template":"","meta":{"footnotes":""},"class_list":["post-29899","page","type-page","status-publish","hentry"],"yoast_head":"<!-- This site is optimized with the Yoast SEO plugin v27.2 - https:\/\/yoast.com\/product\/yoast-seo-wordpress\/ -->\n<title>Nos astuces - Bl\u00e4uer - Conservation - Science<\/title>\n<meta name=\"robots\" content=\"index, follow, max-snippet:-1, max-image-preview:large, max-video-preview:-1\" \/>\n<link rel=\"canonical\" href=\"https:\/\/conservation-science.ch\/?page_id=29899\" \/>\n<meta property=\"og:locale\" content=\"fr_FR\" \/>\n<meta property=\"og:type\" content=\"article\" \/>\n<meta property=\"og:title\" content=\"Nos astuces - Bl\u00e4uer - Conservation - Science\" \/>\n<meta property=\"og:description\" content=\"Comment savoir si un traitement de surface forme un film non poreux ou s&rsquo;il hydrofuge \u00ab\u00a0seulement\u00a0\u00bb les surfaces sans boucher les pores : test \u00e0 la goutte, 2\u00e8me partie Parmi les traitements de surface qui rendent les mat\u00e9riaux hydrophobes il peut \u00eatre utile de savoir reconna\u00eetre ceux qui forment un film \u00e9tanche non poreux de &hellip; Continuer la lecture de Nos astuces\" \/>\n<meta property=\"og:url\" content=\"https:\/\/conservation-science.ch\/?page_id=29899\" \/>\n<meta property=\"og:site_name\" content=\"Bl\u00e4uer - Conservation - Science\" \/>\n<meta property=\"article:modified_time\" content=\"2024-11-16T20:56:29+00:00\" \/>\n<meta property=\"og:image\" content=\"https:\/\/csc-sarl.ch\/wp-content\/uploads\/2018\/06\/hydrophob_fort.jpg\" \/>\n<meta name=\"twitter:card\" content=\"summary_large_image\" \/>\n<meta name=\"twitter:label1\" content=\"Dur\u00e9e de lecture estim\u00e9e\" \/>\n\t<meta name=\"twitter:data1\" content=\"3 minutes\" \/>\n<script type=\"application\/ld+json\" class=\"yoast-schema-graph\">{\"@context\":\"https:\/\/schema.org\",\"@graph\":[{\"@type\":\"WebPage\",\"@id\":\"https:\/\/conservation-science.ch\/?page_id=29899\",\"url\":\"https:\/\/conservation-science.ch\/?page_id=29899\",\"name\":\"Nos astuces - Bl\u00e4uer - Conservation - Science\",\"isPartOf\":{\"@id\":\"https:\/\/conservation-science.ch\/#website\"},\"primaryImageOfPage\":{\"@id\":\"https:\/\/conservation-science.ch\/?page_id=29899#primaryimage\"},\"image\":{\"@id\":\"https:\/\/conservation-science.ch\/?page_id=29899#primaryimage\"},\"thumbnailUrl\":\"https:\/\/csc-sarl.ch\/wp-content\/uploads\/2018\/06\/hydrophob_fort.jpg\",\"datePublished\":\"2018-06-14T07:54:12+00:00\",\"dateModified\":\"2024-11-16T20:56:29+00:00\",\"breadcrumb\":{\"@id\":\"https:\/\/conservation-science.ch\/?page_id=29899#breadcrumb\"},\"inLanguage\":\"fr-FR\",\"potentialAction\":[{\"@type\":\"ReadAction\",\"target\":[\"https:\/\/conservation-science.ch\/?page_id=29899\"]}]},{\"@type\":\"ImageObject\",\"inLanguage\":\"fr-FR\",\"@id\":\"https:\/\/conservation-science.ch\/?page_id=29899#primaryimage\",\"url\":\"https:\/\/csc-sarl.ch\/wp-content\/uploads\/2018\/06\/hydrophob_fort.jpg\",\"contentUrl\":\"https:\/\/csc-sarl.ch\/wp-content\/uploads\/2018\/06\/hydrophob_fort.jpg\"},{\"@type\":\"BreadcrumbList\",\"@id\":\"https:\/\/conservation-science.ch\/?page_id=29899#breadcrumb\",\"itemListElement\":[{\"@type\":\"ListItem\",\"position\":1,\"name\":\"Accueil\",\"item\":\"https:\/\/conservation-science.ch\/\"},{\"@type\":\"ListItem\",\"position\":2,\"name\":\"Accueil\",\"item\":\"https:\/\/conservation-science.ch\/\"},{\"@type\":\"ListItem\",\"position\":3,\"name\":\"Nos astuces\"}]},{\"@type\":\"WebSite\",\"@id\":\"https:\/\/conservation-science.ch\/#website\",\"url\":\"https:\/\/conservation-science.ch\/\",\"name\":\"CSC - Conservation - Sciences\",\"description\":\"Transmission de connaissances dans le domaine des sciences de la conservation du patrimoine b\u00e2ti\",\"potentialAction\":[{\"@type\":\"SearchAction\",\"target\":{\"@type\":\"EntryPoint\",\"urlTemplate\":\"https:\/\/conservation-science.ch\/?s={search_term_string}\"},\"query-input\":{\"@type\":\"PropertyValueSpecification\",\"valueRequired\":true,\"valueName\":\"search_term_string\"}}],\"inLanguage\":\"fr-FR\"}]}<\/script>\n<!-- \/ Yoast SEO plugin. -->","yoast_head_json":{"title":"Nos astuces - Bl\u00e4uer - Conservation - Science","robots":{"index":"index","follow":"follow","max-snippet":"max-snippet:-1","max-image-preview":"max-image-preview:large","max-video-preview":"max-video-preview:-1"},"canonical":"https:\/\/conservation-science.ch\/?page_id=29899","og_locale":"fr_FR","og_type":"article","og_title":"Nos astuces - Bl\u00e4uer - Conservation - Science","og_description":"Comment savoir si un traitement de surface forme un film non poreux ou s&rsquo;il hydrofuge \u00ab\u00a0seulement\u00a0\u00bb les surfaces sans boucher les pores : test \u00e0 la goutte, 2\u00e8me partie Parmi les traitements de surface qui rendent les mat\u00e9riaux hydrophobes il peut \u00eatre utile de savoir reconna\u00eetre ceux qui forment un film \u00e9tanche non poreux de &hellip; Continuer la lecture de Nos astuces","og_url":"https:\/\/conservation-science.ch\/?page_id=29899","og_site_name":"Bl\u00e4uer - Conservation - Science","article_modified_time":"2024-11-16T20:56:29+00:00","og_image":[{"url":"https:\/\/csc-sarl.ch\/wp-content\/uploads\/2018\/06\/hydrophob_fort.jpg","type":"","width":"","height":""}],"twitter_card":"summary_large_image","twitter_misc":{"Dur\u00e9e de lecture estim\u00e9e":"3 minutes"},"schema":{"@context":"https:\/\/schema.org","@graph":[{"@type":"WebPage","@id":"https:\/\/conservation-science.ch\/?page_id=29899","url":"https:\/\/conservation-science.ch\/?page_id=29899","name":"Nos astuces - Bl\u00e4uer - Conservation - Science","isPartOf":{"@id":"https:\/\/conservation-science.ch\/#website"},"primaryImageOfPage":{"@id":"https:\/\/conservation-science.ch\/?page_id=29899#primaryimage"},"image":{"@id":"https:\/\/conservation-science.ch\/?page_id=29899#primaryimage"},"thumbnailUrl":"https:\/\/csc-sarl.ch\/wp-content\/uploads\/2018\/06\/hydrophob_fort.jpg","datePublished":"2018-06-14T07:54:12+00:00","dateModified":"2024-11-16T20:56:29+00:00","breadcrumb":{"@id":"https:\/\/conservation-science.ch\/?page_id=29899#breadcrumb"},"inLanguage":"fr-FR","potentialAction":[{"@type":"ReadAction","target":["https:\/\/conservation-science.ch\/?page_id=29899"]}]},{"@type":"ImageObject","inLanguage":"fr-FR","@id":"https:\/\/conservation-science.ch\/?page_id=29899#primaryimage","url":"https:\/\/csc-sarl.ch\/wp-content\/uploads\/2018\/06\/hydrophob_fort.jpg","contentUrl":"https:\/\/csc-sarl.ch\/wp-content\/uploads\/2018\/06\/hydrophob_fort.jpg"},{"@type":"BreadcrumbList","@id":"https:\/\/conservation-science.ch\/?page_id=29899#breadcrumb","itemListElement":[{"@type":"ListItem","position":1,"name":"Accueil","item":"https:\/\/conservation-science.ch\/"},{"@type":"ListItem","position":2,"name":"Accueil","item":"https:\/\/conservation-science.ch\/"},{"@type":"ListItem","position":3,"name":"Nos astuces"}]},{"@type":"WebSite","@id":"https:\/\/conservation-science.ch\/#website","url":"https:\/\/conservation-science.ch\/","name":"CSC - Conservation - Sciences","description":"Transmission de connaissances dans le domaine des sciences de la conservation du patrimoine b\u00e2ti","potentialAction":[{"@type":"SearchAction","target":{"@type":"EntryPoint","urlTemplate":"https:\/\/conservation-science.ch\/?s={search_term_string}"},"query-input":{"@type":"PropertyValueSpecification","valueRequired":true,"valueName":"search_term_string"}}],"inLanguage":"fr-FR"}]}},"_links":{"self":[{"href":"https:\/\/conservation-science.ch\/index.php?rest_route=\/wp\/v2\/pages\/29899","targetHints":{"allow":["GET"]}}],"collection":[{"href":"https:\/\/conservation-science.ch\/index.php?rest_route=\/wp\/v2\/pages"}],"about":[{"href":"https:\/\/conservation-science.ch\/index.php?rest_route=\/wp\/v2\/types\/page"}],"author":[{"embeddable":true,"href":"https:\/\/conservation-science.ch\/index.php?rest_route=\/wp\/v2\/users\/1"}],"replies":[{"embeddable":true,"href":"https:\/\/conservation-science.ch\/index.php?rest_route=%2Fwp%2Fv2%2Fcomments&post=29899"}],"version-history":[{"count":6,"href":"https:\/\/conservation-science.ch\/index.php?rest_route=\/wp\/v2\/pages\/29899\/revisions"}],"predecessor-version":[{"id":40511,"href":"https:\/\/conservation-science.ch\/index.php?rest_route=\/wp\/v2\/pages\/29899\/revisions\/40511"}],"up":[{"embeddable":true,"href":"https:\/\/conservation-science.ch\/index.php?rest_route=\/wp\/v2\/pages\/28756"}],"wp:attachment":[{"href":"https:\/\/conservation-science.ch\/index.php?rest_route=%2Fwp%2Fv2%2Fmedia&parent=29899"}],"curies":[{"name":"wp","href":"https:\/\/api.w.org\/{rel}","templated":true}]}}