{"id":29891,"date":"2018-06-14T09:55:45","date_gmt":"2018-06-14T07:55:45","guid":{"rendered":"https:\/\/objectif-lune.ch\/?page_id=29891"},"modified":"2024-11-16T21:50:01","modified_gmt":"2024-11-16T20:50:01","slug":"nos-astuces-archivees","status":"publish","type":"page","link":"https:\/\/conservation-science.ch\/?page_id=29891","title":{"rendered":"Nos astuces archiv\u00e9es"},"content":{"rendered":"<h5>Nos astuces archiv\u00e9es<\/h5>\n<p>&#8211; <a href=\"\/nos-astuces\/nos-astuces-archivees\/observer-par-tous-les-temps\/\">Observer par tous les temps<\/a><\/p>\n<p>&#8211; <a href=\"\/nos-astuces\/nos-astuces-archivees\/chimie-flammes-colorees\/\">Chimie : flammes color\u00e9es<\/a><\/p>\n<p>&#8211; <a href=\"\/nos-astuces\/nos-astuces-archivees\/les-mortiers-hydrauliques\/\">Les mortiers hydrauliques<\/a><\/p>\n<p>&#8211; <a href=\"\/nos-astuces\/nos-astuces-archivees\/identification-rapide-de-la-source-defflorescences-de-sels-a-laide-dun-papier-ph-1-14\/\">Identification rapide de la source d&rsquo;efflorescences de sels \u00e0 l&rsquo;aide d&rsquo;un papier pH 1-14<\/a><\/p>\n<p>&#8211; <a href=\"\/nos-astuces\/nos-astuces-archivees\/sur-l-origine-des-taches-humides\/\">Sur l&rsquo;origine des taches humides<\/a><\/p>\n<p>&#8211; <a href=\"\/nos-astuces\/nos-astuces-archivees\/la-pierre-jaune\/\">La Pierre Jaune<\/a><\/p>\n<p>&#8211; <a href=\"\/nos-astuces\/nos-astuces-archivees\/quelques-sources-de-sels-1\/\">Quelques sources de sels &#8211; 1<\/a><\/p>\n<p>&#8211; <a href=\"\/nos-astuces\/nos-astuces-archivees\/cette-pierre-contient-elle-des-argiles-ou-non\/\">Cette pierre contient-elle des argiles ou non ?<\/a><\/p>\n<p>&#8211; <a href=\"\/nos-astuces\/nos-astuces-archivees\/decolle-ou-pas\/\">D\u00e9coll\u00e9 ou pas ?<\/a><\/p>\n<p>&#8211; <a href=\"\/nos-astuces\/nos-astuces-archivees\/test-a-la-goutte-1ere-partie\/\">Test \u00e0 la goutte, 1\u00e8re partie<\/a><\/p>\n","protected":false},"excerpt":{"rendered":"<p>Nos astuces archiv\u00e9es &#8211; Observer par tous les temps &#8211; Chimie : flammes color\u00e9es &#8211; Les mortiers hydrauliques &#8211; Identification rapide de la source d&rsquo;efflorescences de sels \u00e0 l&rsquo;aide d&rsquo;un papier pH 1-14 &#8211; Sur l&rsquo;origine des taches humides &#8211; La Pierre Jaune &#8211; Quelques sources de sels &#8211; 1 &#8211; Cette pierre contient-elle des &hellip; <a href=\"https:\/\/conservation-science.ch\/?page_id=29891\" class=\"more-link\">Continuer la lecture de <span class=\"screen-reader-text\">Nos astuces archiv\u00e9es<\/span><\/a><\/p>\n","protected":false},"author":1,"featured_media":0,"parent":29899,"menu_order":4,"comment_status":"closed","ping_status":"closed","template":"","meta":{"footnotes":""},"class_list":["post-29891","page","type-page","status-publish","hentry"],"yoast_head":"<!-- This site is optimized with the Yoast SEO plugin v27.2 - https:\/\/yoast.com\/product\/yoast-seo-wordpress\/ -->\n<title>Nos astuces archiv\u00e9es - Bl\u00e4uer - Conservation - Science<\/title>\n<meta name=\"robots\" content=\"index, follow, max-snippet:-1, max-image-preview:large, max-video-preview:-1\" \/>\n<link rel=\"canonical\" href=\"https:\/\/conservation-science.ch\/?page_id=29891\" \/>\n<meta property=\"og:locale\" content=\"fr_FR\" \/>\n<meta property=\"og:type\" content=\"article\" \/>\n<meta property=\"og:title\" content=\"Nos astuces archiv\u00e9es - Bl\u00e4uer - Conservation - Science\" \/>\n<meta property=\"og:description\" content=\"Nos astuces archiv\u00e9es &#8211; Observer par tous les temps &#8211; Chimie : flammes color\u00e9es &#8211; Les mortiers hydrauliques &#8211; Identification rapide de la source d&rsquo;efflorescences de sels \u00e0 l&rsquo;aide d&rsquo;un papier pH 1-14 &#8211; Sur l&rsquo;origine des taches humides &#8211; La Pierre Jaune &#8211; Quelques sources de sels &#8211; 1 &#8211; Cette pierre contient-elle des &hellip; Continuer la lecture de Nos astuces archiv\u00e9es\" \/>\n<meta property=\"og:url\" content=\"https:\/\/conservation-science.ch\/?page_id=29891\" \/>\n<meta property=\"og:site_name\" content=\"Bl\u00e4uer - Conservation - Science\" \/>\n<meta property=\"article:modified_time\" content=\"2024-11-16T20:50:01+00:00\" \/>\n<meta name=\"twitter:card\" content=\"summary_large_image\" \/>\n<meta name=\"twitter:label1\" content=\"Dur\u00e9e de lecture estim\u00e9e\" \/>\n\t<meta name=\"twitter:data1\" content=\"1 minute\" \/>\n<script type=\"application\/ld+json\" class=\"yoast-schema-graph\">{\"@context\":\"https:\/\/schema.org\",\"@graph\":[{\"@type\":\"WebPage\",\"@id\":\"https:\/\/conservation-science.ch\/?page_id=29891\",\"url\":\"https:\/\/conservation-science.ch\/?page_id=29891\",\"name\":\"Nos astuces archiv\u00e9es - Bl\u00e4uer - Conservation - Science\",\"isPartOf\":{\"@id\":\"https:\/\/conservation-science.ch\/#website\"},\"datePublished\":\"2018-06-14T07:55:45+00:00\",\"dateModified\":\"2024-11-16T20:50:01+00:00\",\"breadcrumb\":{\"@id\":\"https:\/\/conservation-science.ch\/?page_id=29891#breadcrumb\"},\"inLanguage\":\"fr-FR\",\"potentialAction\":[{\"@type\":\"ReadAction\",\"target\":[\"https:\/\/conservation-science.ch\/?page_id=29891\"]}]},{\"@type\":\"BreadcrumbList\",\"@id\":\"https:\/\/conservation-science.ch\/?page_id=29891#breadcrumb\",\"itemListElement\":[{\"@type\":\"ListItem\",\"position\":1,\"name\":\"Accueil\",\"item\":\"https:\/\/conservation-science.ch\/\"},{\"@type\":\"ListItem\",\"position\":2,\"name\":\"Accueil\",\"item\":\"https:\/\/conservation-science.ch\/\"},{\"@type\":\"ListItem\",\"position\":3,\"name\":\"Nos astuces\",\"item\":\"https:\/\/conservation-science.ch\/?page_id=29899\"},{\"@type\":\"ListItem\",\"position\":4,\"name\":\"Nos astuces archiv\u00e9es\"}]},{\"@type\":\"WebSite\",\"@id\":\"https:\/\/conservation-science.ch\/#website\",\"url\":\"https:\/\/conservation-science.ch\/\",\"name\":\"CSC - Conservation - Sciences\",\"description\":\"Transmission de connaissances dans le domaine des sciences de la conservation du patrimoine b\u00e2ti\",\"potentialAction\":[{\"@type\":\"SearchAction\",\"target\":{\"@type\":\"EntryPoint\",\"urlTemplate\":\"https:\/\/conservation-science.ch\/?s={search_term_string}\"},\"query-input\":{\"@type\":\"PropertyValueSpecification\",\"valueRequired\":true,\"valueName\":\"search_term_string\"}}],\"inLanguage\":\"fr-FR\"}]}<\/script>\n<!-- \/ Yoast SEO plugin. -->","yoast_head_json":{"title":"Nos astuces archiv\u00e9es - Bl\u00e4uer - Conservation - Science","robots":{"index":"index","follow":"follow","max-snippet":"max-snippet:-1","max-image-preview":"max-image-preview:large","max-video-preview":"max-video-preview:-1"},"canonical":"https:\/\/conservation-science.ch\/?page_id=29891","og_locale":"fr_FR","og_type":"article","og_title":"Nos astuces archiv\u00e9es - Bl\u00e4uer - Conservation - Science","og_description":"Nos astuces archiv\u00e9es &#8211; Observer par tous les temps &#8211; Chimie : flammes color\u00e9es &#8211; Les mortiers hydrauliques &#8211; Identification rapide de la source d&rsquo;efflorescences de sels \u00e0 l&rsquo;aide d&rsquo;un papier pH 1-14 &#8211; Sur l&rsquo;origine des taches humides &#8211; La Pierre Jaune &#8211; Quelques sources de sels &#8211; 1 &#8211; Cette pierre contient-elle des &hellip; Continuer la lecture de Nos astuces archiv\u00e9es","og_url":"https:\/\/conservation-science.ch\/?page_id=29891","og_site_name":"Bl\u00e4uer - Conservation - Science","article_modified_time":"2024-11-16T20:50:01+00:00","twitter_card":"summary_large_image","twitter_misc":{"Dur\u00e9e de lecture estim\u00e9e":"1 minute"},"schema":{"@context":"https:\/\/schema.org","@graph":[{"@type":"WebPage","@id":"https:\/\/conservation-science.ch\/?page_id=29891","url":"https:\/\/conservation-science.ch\/?page_id=29891","name":"Nos astuces archiv\u00e9es - Bl\u00e4uer - Conservation - Science","isPartOf":{"@id":"https:\/\/conservation-science.ch\/#website"},"datePublished":"2018-06-14T07:55:45+00:00","dateModified":"2024-11-16T20:50:01+00:00","breadcrumb":{"@id":"https:\/\/conservation-science.ch\/?page_id=29891#breadcrumb"},"inLanguage":"fr-FR","potentialAction":[{"@type":"ReadAction","target":["https:\/\/conservation-science.ch\/?page_id=29891"]}]},{"@type":"BreadcrumbList","@id":"https:\/\/conservation-science.ch\/?page_id=29891#breadcrumb","itemListElement":[{"@type":"ListItem","position":1,"name":"Accueil","item":"https:\/\/conservation-science.ch\/"},{"@type":"ListItem","position":2,"name":"Accueil","item":"https:\/\/conservation-science.ch\/"},{"@type":"ListItem","position":3,"name":"Nos astuces","item":"https:\/\/conservation-science.ch\/?page_id=29899"},{"@type":"ListItem","position":4,"name":"Nos astuces archiv\u00e9es"}]},{"@type":"WebSite","@id":"https:\/\/conservation-science.ch\/#website","url":"https:\/\/conservation-science.ch\/","name":"CSC - Conservation - Sciences","description":"Transmission de connaissances dans le domaine des sciences de la conservation du patrimoine b\u00e2ti","potentialAction":[{"@type":"SearchAction","target":{"@type":"EntryPoint","urlTemplate":"https:\/\/conservation-science.ch\/?s={search_term_string}"},"query-input":{"@type":"PropertyValueSpecification","valueRequired":true,"valueName":"search_term_string"}}],"inLanguage":"fr-FR"}]}},"_links":{"self":[{"href":"https:\/\/conservation-science.ch\/index.php?rest_route=\/wp\/v2\/pages\/29891","targetHints":{"allow":["GET"]}}],"collection":[{"href":"https:\/\/conservation-science.ch\/index.php?rest_route=\/wp\/v2\/pages"}],"about":[{"href":"https:\/\/conservation-science.ch\/index.php?rest_route=\/wp\/v2\/types\/page"}],"author":[{"embeddable":true,"href":"https:\/\/conservation-science.ch\/index.php?rest_route=\/wp\/v2\/users\/1"}],"replies":[{"embeddable":true,"href":"https:\/\/conservation-science.ch\/index.php?rest_route=%2Fwp%2Fv2%2Fcomments&post=29891"}],"version-history":[{"count":14,"href":"https:\/\/conservation-science.ch\/index.php?rest_route=\/wp\/v2\/pages\/29891\/revisions"}],"predecessor-version":[{"id":40506,"href":"https:\/\/conservation-science.ch\/index.php?rest_route=\/wp\/v2\/pages\/29891\/revisions\/40506"}],"up":[{"embeddable":true,"href":"https:\/\/conservation-science.ch\/index.php?rest_route=\/wp\/v2\/pages\/29899"}],"wp:attachment":[{"href":"https:\/\/conservation-science.ch\/index.php?rest_route=%2Fwp%2Fv2%2Fmedia&parent=29891"}],"curies":[{"name":"wp","href":"https:\/\/api.w.org\/{rel}","templated":true}]}}