{"id":29863,"date":"2018-06-14T08:55:20","date_gmt":"2018-06-14T06:55:20","guid":{"rendered":"https:\/\/objectif-lune.ch\/?page_id=29863"},"modified":"2018-06-28T19:57:36","modified_gmt":"2018-06-28T17:57:36","slug":"cette-pierre-contient-elle-des-argiles-ou-non","status":"publish","type":"page","link":"https:\/\/conservation-science.ch\/?page_id=29863","title":{"rendered":"Cette pierre contient-elle des argiles ou non ?"},"content":{"rendered":"<h6>Argiles ou pas ?<\/h6>\n<p style=\"text-align: justify;\"><strong>Un truc de g\u00e9ologue&#8230;<\/strong><br \/>\nUn mat\u00e9riau sec qui contient beaucoup de min\u00e9raux argileux happe \u00e0 la langue<br \/>\n(en raison de la grande affinit\u00e9 de ces min\u00e9raux pour l&rsquo;eau)<\/p>\n<p><img loading=\"lazy\" decoding=\"async\" class=\"rex_image aligncenter\" src=\"https:\/\/csc-sarl.ch\/wp-content\/uploads\/2018\/06\/cecilia_langue_argiles_580px.jpg\" alt=\"[Keine Beschreibung eingegeben]\" ismap=\"ismap\" width=\"368\" height=\"293\" \/><\/p>\n<p><em>Merci beaucoup Cecilia&#8230;<\/em><\/p>\n<p style=\"text-align: justify;\">\n","protected":false},"excerpt":{"rendered":"<p>Argiles ou pas ? Un truc de g\u00e9ologue&#8230; Un mat\u00e9riau sec qui contient beaucoup de min\u00e9raux argileux happe \u00e0 la langue (en raison de la grande affinit\u00e9 de ces min\u00e9raux pour l&rsquo;eau) Merci beaucoup Cecilia&#8230;<\/p>\n","protected":false},"author":1,"featured_media":0,"parent":29891,"menu_order":8,"comment_status":"closed","ping_status":"closed","template":"","meta":{"footnotes":""},"class_list":["post-29863","page","type-page","status-publish","hentry"],"yoast_head":"<!-- This site is optimized with the Yoast SEO plugin v27.2 - https:\/\/yoast.com\/product\/yoast-seo-wordpress\/ -->\n<title>Cette pierre contient-elle des argiles ou non ? - Bl\u00e4uer - Conservation - Science<\/title>\n<meta name=\"robots\" content=\"index, follow, max-snippet:-1, max-image-preview:large, max-video-preview:-1\" \/>\n<link rel=\"canonical\" href=\"https:\/\/conservation-science.ch\/?page_id=29863\" \/>\n<meta property=\"og:locale\" content=\"fr_FR\" \/>\n<meta property=\"og:type\" content=\"article\" \/>\n<meta property=\"og:title\" content=\"Cette pierre contient-elle des argiles ou non ? - Bl\u00e4uer - Conservation - Science\" \/>\n<meta property=\"og:description\" content=\"Argiles ou pas ? Un truc de g\u00e9ologue&#8230; Un mat\u00e9riau sec qui contient beaucoup de min\u00e9raux argileux happe \u00e0 la langue (en raison de la grande affinit\u00e9 de ces min\u00e9raux pour l&rsquo;eau) Merci beaucoup Cecilia&#8230;\" \/>\n<meta property=\"og:url\" content=\"https:\/\/conservation-science.ch\/?page_id=29863\" \/>\n<meta property=\"og:site_name\" content=\"Bl\u00e4uer - Conservation - Science\" \/>\n<meta property=\"article:modified_time\" content=\"2018-06-28T17:57:36+00:00\" \/>\n<meta property=\"og:image\" content=\"https:\/\/csc-sarl.ch\/wp-content\/uploads\/2018\/06\/cecilia_langue_argiles_580px.jpg\" \/>\n<meta name=\"twitter:card\" content=\"summary_large_image\" \/>\n<script type=\"application\/ld+json\" class=\"yoast-schema-graph\">{\"@context\":\"https:\/\/schema.org\",\"@graph\":[{\"@type\":\"WebPage\",\"@id\":\"https:\/\/conservation-science.ch\/?page_id=29863\",\"url\":\"https:\/\/conservation-science.ch\/?page_id=29863\",\"name\":\"Cette pierre contient-elle des argiles ou non ? - Bl\u00e4uer - Conservation - Science\",\"isPartOf\":{\"@id\":\"https:\/\/conservation-science.ch\/#website\"},\"primaryImageOfPage\":{\"@id\":\"https:\/\/conservation-science.ch\/?page_id=29863#primaryimage\"},\"image\":{\"@id\":\"https:\/\/conservation-science.ch\/?page_id=29863#primaryimage\"},\"thumbnailUrl\":\"https:\/\/csc-sarl.ch\/wp-content\/uploads\/2018\/06\/cecilia_langue_argiles_580px.jpg\",\"datePublished\":\"2018-06-14T06:55:20+00:00\",\"dateModified\":\"2018-06-28T17:57:36+00:00\",\"breadcrumb\":{\"@id\":\"https:\/\/conservation-science.ch\/?page_id=29863#breadcrumb\"},\"inLanguage\":\"fr-FR\",\"potentialAction\":[{\"@type\":\"ReadAction\",\"target\":[\"https:\/\/conservation-science.ch\/?page_id=29863\"]}]},{\"@type\":\"ImageObject\",\"inLanguage\":\"fr-FR\",\"@id\":\"https:\/\/conservation-science.ch\/?page_id=29863#primaryimage\",\"url\":\"https:\/\/csc-sarl.ch\/wp-content\/uploads\/2018\/06\/cecilia_langue_argiles_580px.jpg\",\"contentUrl\":\"https:\/\/csc-sarl.ch\/wp-content\/uploads\/2018\/06\/cecilia_langue_argiles_580px.jpg\"},{\"@type\":\"BreadcrumbList\",\"@id\":\"https:\/\/conservation-science.ch\/?page_id=29863#breadcrumb\",\"itemListElement\":[{\"@type\":\"ListItem\",\"position\":1,\"name\":\"Accueil\",\"item\":\"https:\/\/conservation-science.ch\/\"},{\"@type\":\"ListItem\",\"position\":2,\"name\":\"Accueil\",\"item\":\"https:\/\/conservation-science.ch\/\"},{\"@type\":\"ListItem\",\"position\":3,\"name\":\"Nos astuces\",\"item\":\"https:\/\/conservation-science.ch\/?page_id=29899\"},{\"@type\":\"ListItem\",\"position\":4,\"name\":\"Nos astuces archiv\u00e9es\",\"item\":\"https:\/\/conservation-science.ch\/?page_id=29891\"},{\"@type\":\"ListItem\",\"position\":5,\"name\":\"Cette pierre contient-elle des argiles ou non ?\"}]},{\"@type\":\"WebSite\",\"@id\":\"https:\/\/conservation-science.ch\/#website\",\"url\":\"https:\/\/conservation-science.ch\/\",\"name\":\"CSC - Conservation - Sciences\",\"description\":\"Transmission de connaissances dans le domaine des sciences de la conservation du patrimoine b\u00e2ti\",\"potentialAction\":[{\"@type\":\"SearchAction\",\"target\":{\"@type\":\"EntryPoint\",\"urlTemplate\":\"https:\/\/conservation-science.ch\/?s={search_term_string}\"},\"query-input\":{\"@type\":\"PropertyValueSpecification\",\"valueRequired\":true,\"valueName\":\"search_term_string\"}}],\"inLanguage\":\"fr-FR\"}]}<\/script>\n<!-- \/ Yoast SEO plugin. -->","yoast_head_json":{"title":"Cette pierre contient-elle des argiles ou non ? - Bl\u00e4uer - Conservation - Science","robots":{"index":"index","follow":"follow","max-snippet":"max-snippet:-1","max-image-preview":"max-image-preview:large","max-video-preview":"max-video-preview:-1"},"canonical":"https:\/\/conservation-science.ch\/?page_id=29863","og_locale":"fr_FR","og_type":"article","og_title":"Cette pierre contient-elle des argiles ou non ? - Bl\u00e4uer - Conservation - Science","og_description":"Argiles ou pas ? Un truc de g\u00e9ologue&#8230; Un mat\u00e9riau sec qui contient beaucoup de min\u00e9raux argileux happe \u00e0 la langue (en raison de la grande affinit\u00e9 de ces min\u00e9raux pour l&rsquo;eau) Merci beaucoup Cecilia&#8230;","og_url":"https:\/\/conservation-science.ch\/?page_id=29863","og_site_name":"Bl\u00e4uer - Conservation - Science","article_modified_time":"2018-06-28T17:57:36+00:00","og_image":[{"url":"https:\/\/csc-sarl.ch\/wp-content\/uploads\/2018\/06\/cecilia_langue_argiles_580px.jpg","type":"","width":"","height":""}],"twitter_card":"summary_large_image","schema":{"@context":"https:\/\/schema.org","@graph":[{"@type":"WebPage","@id":"https:\/\/conservation-science.ch\/?page_id=29863","url":"https:\/\/conservation-science.ch\/?page_id=29863","name":"Cette pierre contient-elle des argiles ou non ? - Bl\u00e4uer - Conservation - Science","isPartOf":{"@id":"https:\/\/conservation-science.ch\/#website"},"primaryImageOfPage":{"@id":"https:\/\/conservation-science.ch\/?page_id=29863#primaryimage"},"image":{"@id":"https:\/\/conservation-science.ch\/?page_id=29863#primaryimage"},"thumbnailUrl":"https:\/\/csc-sarl.ch\/wp-content\/uploads\/2018\/06\/cecilia_langue_argiles_580px.jpg","datePublished":"2018-06-14T06:55:20+00:00","dateModified":"2018-06-28T17:57:36+00:00","breadcrumb":{"@id":"https:\/\/conservation-science.ch\/?page_id=29863#breadcrumb"},"inLanguage":"fr-FR","potentialAction":[{"@type":"ReadAction","target":["https:\/\/conservation-science.ch\/?page_id=29863"]}]},{"@type":"ImageObject","inLanguage":"fr-FR","@id":"https:\/\/conservation-science.ch\/?page_id=29863#primaryimage","url":"https:\/\/csc-sarl.ch\/wp-content\/uploads\/2018\/06\/cecilia_langue_argiles_580px.jpg","contentUrl":"https:\/\/csc-sarl.ch\/wp-content\/uploads\/2018\/06\/cecilia_langue_argiles_580px.jpg"},{"@type":"BreadcrumbList","@id":"https:\/\/conservation-science.ch\/?page_id=29863#breadcrumb","itemListElement":[{"@type":"ListItem","position":1,"name":"Accueil","item":"https:\/\/conservation-science.ch\/"},{"@type":"ListItem","position":2,"name":"Accueil","item":"https:\/\/conservation-science.ch\/"},{"@type":"ListItem","position":3,"name":"Nos astuces","item":"https:\/\/conservation-science.ch\/?page_id=29899"},{"@type":"ListItem","position":4,"name":"Nos astuces archiv\u00e9es","item":"https:\/\/conservation-science.ch\/?page_id=29891"},{"@type":"ListItem","position":5,"name":"Cette pierre contient-elle des argiles ou non ?"}]},{"@type":"WebSite","@id":"https:\/\/conservation-science.ch\/#website","url":"https:\/\/conservation-science.ch\/","name":"CSC - Conservation - Sciences","description":"Transmission de connaissances dans le domaine des sciences de la conservation du patrimoine b\u00e2ti","potentialAction":[{"@type":"SearchAction","target":{"@type":"EntryPoint","urlTemplate":"https:\/\/conservation-science.ch\/?s={search_term_string}"},"query-input":{"@type":"PropertyValueSpecification","valueRequired":true,"valueName":"search_term_string"}}],"inLanguage":"fr-FR"}]}},"_links":{"self":[{"href":"https:\/\/conservation-science.ch\/index.php?rest_route=\/wp\/v2\/pages\/29863","targetHints":{"allow":["GET"]}}],"collection":[{"href":"https:\/\/conservation-science.ch\/index.php?rest_route=\/wp\/v2\/pages"}],"about":[{"href":"https:\/\/conservation-science.ch\/index.php?rest_route=\/wp\/v2\/types\/page"}],"author":[{"embeddable":true,"href":"https:\/\/conservation-science.ch\/index.php?rest_route=\/wp\/v2\/users\/1"}],"replies":[{"embeddable":true,"href":"https:\/\/conservation-science.ch\/index.php?rest_route=%2Fwp%2Fv2%2Fcomments&post=29863"}],"version-history":[{"count":1,"href":"https:\/\/conservation-science.ch\/index.php?rest_route=\/wp\/v2\/pages\/29863\/revisions"}],"predecessor-version":[{"id":37363,"href":"https:\/\/conservation-science.ch\/index.php?rest_route=\/wp\/v2\/pages\/29863\/revisions\/37363"}],"up":[{"embeddable":true,"href":"https:\/\/conservation-science.ch\/index.php?rest_route=\/wp\/v2\/pages\/29891"}],"wp:attachment":[{"href":"https:\/\/conservation-science.ch\/index.php?rest_route=%2Fwp%2Fv2%2Fmedia&parent=29863"}],"curies":[{"name":"wp","href":"https:\/\/api.w.org\/{rel}","templated":true}]}}