{"id":29862,"date":"2018-06-14T08:56:49","date_gmt":"2018-06-14T06:56:49","guid":{"rendered":"https:\/\/objectif-lune.ch\/?page_id=29862"},"modified":"2018-12-19T09:40:16","modified_gmt":"2018-12-19T08:40:16","slug":"decolle-ou-pas","status":"publish","type":"page","link":"https:\/\/conservation-science.ch\/?page_id=29862","title":{"rendered":"D\u00e9coll\u00e9 ou pas ?"},"content":{"rendered":"<h6>D\u00e9coll\u00e9 ou pas ?<\/h6>\n<p style=\"text-align: justify;\">Lorsqu&rsquo;on effleure la surface d&rsquo;une pierre, d&rsquo;un mortier ou d&rsquo;un cr\u00e9pi avec une tige m\u00e9tallique, le bruit obtenu indique s&rsquo;il y a un d\u00e9collement (son grave) ou non (son aigu) [cliquez ci-dessous pour visionner le film et \u00e9coutez&#8230;]. Attention toutefois \u00e0 ne pas griffer la surface test\u00e9e !!!<br \/>\nMalheureusement cette technique a ses limites : elle ne permet pas de d\u00e9tecter des d\u00e9collements de plaques trop \u00e9paisses.<\/p>\n<p style=\"text-align: center;\"><a href=\"https:\/\/conservation-science.ch\/wp-content\/uploads\/2018\/12\/Resonanzpointer_cscsarl_ch.wmv\">Le film<\/a><\/p>\n<p>&nbsp;<\/p>\n<p>&nbsp;<\/p>\n<p>&nbsp;<\/p>\n","protected":false},"excerpt":{"rendered":"<p>D\u00e9coll\u00e9 ou pas ? Lorsqu&rsquo;on effleure la surface d&rsquo;une pierre, d&rsquo;un mortier ou d&rsquo;un cr\u00e9pi avec une tige m\u00e9tallique, le bruit obtenu indique s&rsquo;il y a un d\u00e9collement (son grave) ou non (son aigu) [cliquez ci-dessous pour visionner le film et \u00e9coutez&#8230;]. Attention toutefois \u00e0 ne pas griffer la surface test\u00e9e !!! Malheureusement cette technique &hellip; <a href=\"https:\/\/conservation-science.ch\/?page_id=29862\" class=\"more-link\">Continuer la lecture de <span class=\"screen-reader-text\">D\u00e9coll\u00e9 ou pas ?<\/span><\/a><\/p>\n","protected":false},"author":1,"featured_media":0,"parent":29891,"menu_order":9,"comment_status":"closed","ping_status":"closed","template":"","meta":{"footnotes":""},"class_list":["post-29862","page","type-page","status-publish","hentry"],"yoast_head":"<!-- This site is optimized with the Yoast SEO plugin v27.2 - https:\/\/yoast.com\/product\/yoast-seo-wordpress\/ -->\n<title>D\u00e9coll\u00e9 ou pas ? - Bl\u00e4uer - Conservation - Science<\/title>\n<meta name=\"robots\" content=\"index, follow, max-snippet:-1, max-image-preview:large, max-video-preview:-1\" \/>\n<link rel=\"canonical\" href=\"https:\/\/conservation-science.ch\/?page_id=29862\" \/>\n<meta property=\"og:locale\" content=\"fr_FR\" \/>\n<meta property=\"og:type\" content=\"article\" \/>\n<meta property=\"og:title\" content=\"D\u00e9coll\u00e9 ou pas ? - Bl\u00e4uer - Conservation - Science\" \/>\n<meta property=\"og:description\" content=\"D\u00e9coll\u00e9 ou pas ? Lorsqu&rsquo;on effleure la surface d&rsquo;une pierre, d&rsquo;un mortier ou d&rsquo;un cr\u00e9pi avec une tige m\u00e9tallique, le bruit obtenu indique s&rsquo;il y a un d\u00e9collement (son grave) ou non (son aigu) [cliquez ci-dessous pour visionner le film et \u00e9coutez&#8230;]. Attention toutefois \u00e0 ne pas griffer la surface test\u00e9e !!! Malheureusement cette technique &hellip; Continuer la lecture de D\u00e9coll\u00e9 ou pas ?\" \/>\n<meta property=\"og:url\" content=\"https:\/\/conservation-science.ch\/?page_id=29862\" \/>\n<meta property=\"og:site_name\" content=\"Bl\u00e4uer - Conservation - Science\" \/>\n<meta property=\"article:modified_time\" content=\"2018-12-19T08:40:16+00:00\" \/>\n<meta name=\"twitter:card\" content=\"summary_large_image\" \/>\n<script type=\"application\/ld+json\" class=\"yoast-schema-graph\">{\"@context\":\"https:\/\/schema.org\",\"@graph\":[{\"@type\":\"WebPage\",\"@id\":\"https:\/\/conservation-science.ch\/?page_id=29862\",\"url\":\"https:\/\/conservation-science.ch\/?page_id=29862\",\"name\":\"D\u00e9coll\u00e9 ou pas ? - Bl\u00e4uer - Conservation - Science\",\"isPartOf\":{\"@id\":\"https:\/\/conservation-science.ch\/#website\"},\"datePublished\":\"2018-06-14T06:56:49+00:00\",\"dateModified\":\"2018-12-19T08:40:16+00:00\",\"breadcrumb\":{\"@id\":\"https:\/\/conservation-science.ch\/?page_id=29862#breadcrumb\"},\"inLanguage\":\"fr-FR\",\"potentialAction\":[{\"@type\":\"ReadAction\",\"target\":[\"https:\/\/conservation-science.ch\/?page_id=29862\"]}]},{\"@type\":\"BreadcrumbList\",\"@id\":\"https:\/\/conservation-science.ch\/?page_id=29862#breadcrumb\",\"itemListElement\":[{\"@type\":\"ListItem\",\"position\":1,\"name\":\"Accueil\",\"item\":\"https:\/\/conservation-science.ch\/\"},{\"@type\":\"ListItem\",\"position\":2,\"name\":\"Accueil\",\"item\":\"https:\/\/conservation-science.ch\/\"},{\"@type\":\"ListItem\",\"position\":3,\"name\":\"Nos astuces\",\"item\":\"https:\/\/conservation-science.ch\/?page_id=29899\"},{\"@type\":\"ListItem\",\"position\":4,\"name\":\"Nos astuces archiv\u00e9es\",\"item\":\"https:\/\/conservation-science.ch\/?page_id=29891\"},{\"@type\":\"ListItem\",\"position\":5,\"name\":\"D\u00e9coll\u00e9 ou pas ?\"}]},{\"@type\":\"WebSite\",\"@id\":\"https:\/\/conservation-science.ch\/#website\",\"url\":\"https:\/\/conservation-science.ch\/\",\"name\":\"CSC - Conservation - Sciences\",\"description\":\"Transmission de connaissances dans le domaine des sciences de la conservation du patrimoine b\u00e2ti\",\"potentialAction\":[{\"@type\":\"SearchAction\",\"target\":{\"@type\":\"EntryPoint\",\"urlTemplate\":\"https:\/\/conservation-science.ch\/?s={search_term_string}\"},\"query-input\":{\"@type\":\"PropertyValueSpecification\",\"valueRequired\":true,\"valueName\":\"search_term_string\"}}],\"inLanguage\":\"fr-FR\"}]}<\/script>\n<!-- \/ Yoast SEO plugin. -->","yoast_head_json":{"title":"D\u00e9coll\u00e9 ou pas ? - Bl\u00e4uer - Conservation - Science","robots":{"index":"index","follow":"follow","max-snippet":"max-snippet:-1","max-image-preview":"max-image-preview:large","max-video-preview":"max-video-preview:-1"},"canonical":"https:\/\/conservation-science.ch\/?page_id=29862","og_locale":"fr_FR","og_type":"article","og_title":"D\u00e9coll\u00e9 ou pas ? - Bl\u00e4uer - Conservation - Science","og_description":"D\u00e9coll\u00e9 ou pas ? Lorsqu&rsquo;on effleure la surface d&rsquo;une pierre, d&rsquo;un mortier ou d&rsquo;un cr\u00e9pi avec une tige m\u00e9tallique, le bruit obtenu indique s&rsquo;il y a un d\u00e9collement (son grave) ou non (son aigu) [cliquez ci-dessous pour visionner le film et \u00e9coutez&#8230;]. Attention toutefois \u00e0 ne pas griffer la surface test\u00e9e !!! Malheureusement cette technique &hellip; Continuer la lecture de D\u00e9coll\u00e9 ou pas ?","og_url":"https:\/\/conservation-science.ch\/?page_id=29862","og_site_name":"Bl\u00e4uer - Conservation - Science","article_modified_time":"2018-12-19T08:40:16+00:00","twitter_card":"summary_large_image","schema":{"@context":"https:\/\/schema.org","@graph":[{"@type":"WebPage","@id":"https:\/\/conservation-science.ch\/?page_id=29862","url":"https:\/\/conservation-science.ch\/?page_id=29862","name":"D\u00e9coll\u00e9 ou pas ? - Bl\u00e4uer - Conservation - Science","isPartOf":{"@id":"https:\/\/conservation-science.ch\/#website"},"datePublished":"2018-06-14T06:56:49+00:00","dateModified":"2018-12-19T08:40:16+00:00","breadcrumb":{"@id":"https:\/\/conservation-science.ch\/?page_id=29862#breadcrumb"},"inLanguage":"fr-FR","potentialAction":[{"@type":"ReadAction","target":["https:\/\/conservation-science.ch\/?page_id=29862"]}]},{"@type":"BreadcrumbList","@id":"https:\/\/conservation-science.ch\/?page_id=29862#breadcrumb","itemListElement":[{"@type":"ListItem","position":1,"name":"Accueil","item":"https:\/\/conservation-science.ch\/"},{"@type":"ListItem","position":2,"name":"Accueil","item":"https:\/\/conservation-science.ch\/"},{"@type":"ListItem","position":3,"name":"Nos astuces","item":"https:\/\/conservation-science.ch\/?page_id=29899"},{"@type":"ListItem","position":4,"name":"Nos astuces archiv\u00e9es","item":"https:\/\/conservation-science.ch\/?page_id=29891"},{"@type":"ListItem","position":5,"name":"D\u00e9coll\u00e9 ou pas ?"}]},{"@type":"WebSite","@id":"https:\/\/conservation-science.ch\/#website","url":"https:\/\/conservation-science.ch\/","name":"CSC - Conservation - Sciences","description":"Transmission de connaissances dans le domaine des sciences de la conservation du patrimoine b\u00e2ti","potentialAction":[{"@type":"SearchAction","target":{"@type":"EntryPoint","urlTemplate":"https:\/\/conservation-science.ch\/?s={search_term_string}"},"query-input":{"@type":"PropertyValueSpecification","valueRequired":true,"valueName":"search_term_string"}}],"inLanguage":"fr-FR"}]}},"_links":{"self":[{"href":"https:\/\/conservation-science.ch\/index.php?rest_route=\/wp\/v2\/pages\/29862","targetHints":{"allow":["GET"]}}],"collection":[{"href":"https:\/\/conservation-science.ch\/index.php?rest_route=\/wp\/v2\/pages"}],"about":[{"href":"https:\/\/conservation-science.ch\/index.php?rest_route=\/wp\/v2\/types\/page"}],"author":[{"embeddable":true,"href":"https:\/\/conservation-science.ch\/index.php?rest_route=\/wp\/v2\/users\/1"}],"replies":[{"embeddable":true,"href":"https:\/\/conservation-science.ch\/index.php?rest_route=%2Fwp%2Fv2%2Fcomments&post=29862"}],"version-history":[{"count":5,"href":"https:\/\/conservation-science.ch\/index.php?rest_route=\/wp\/v2\/pages\/29862\/revisions"}],"predecessor-version":[{"id":39199,"href":"https:\/\/conservation-science.ch\/index.php?rest_route=\/wp\/v2\/pages\/29862\/revisions\/39199"}],"up":[{"embeddable":true,"href":"https:\/\/conservation-science.ch\/index.php?rest_route=\/wp\/v2\/pages\/29891"}],"wp:attachment":[{"href":"https:\/\/conservation-science.ch\/index.php?rest_route=%2Fwp%2Fv2%2Fmedia&parent=29862"}],"curies":[{"name":"wp","href":"https:\/\/api.w.org\/{rel}","templated":true}]}}