{"id":29853,"date":"2018-06-14T08:49:06","date_gmt":"2018-06-14T06:49:06","guid":{"rendered":"https:\/\/objectif-lune.ch\/?page_id=29853"},"modified":"2018-06-28T19:46:16","modified_gmt":"2018-06-28T17:46:16","slug":"identification-rapide-de-la-source-defflorescences-de-sels-a-laide-dun-papier-ph-1-14","status":"publish","type":"page","link":"https:\/\/conservation-science.ch\/?page_id=29853","title":{"rendered":"Identification rapide de la source d&rsquo;efflorescences de sels \u00e0 l&rsquo;aide d&rsquo;un papier pH 1-14"},"content":{"rendered":"<h6>Identification rapide de la source d&rsquo;efflorescences de sels \u00e0 l&rsquo;aide d&rsquo;un papier pH 1-14<\/h6>\n<p style=\"text-align: justify;\">Sur les b\u00e2timents, la source d&rsquo;efflorescences de sels alcalins (pH &gt; 8) est toujours un mat\u00e9riau de construction (ou de restauration\/conservation) lui-m\u00eame alcalin, tel que le ciment, la chaux hydraulique ou le verre soluble (Schaffer, 1932 ; Arnold, 1985).<br \/>\nPar cons\u00e9quent, si la mesure faite sur des efflorescences in situ ou au laboratoire avec un papier pH donne un r\u00e9sultat alcalin (pH &gt; 8), la recherche de l&rsquo;origine de ces sels est tr\u00e8s rapidement orient\u00e9e. Par contre, si le pH est neutre ou acide (\u00a0\u2264 8), la source des sels solubles ne peut \u00eatre identifi\u00e9e qu&rsquo;apr\u00e8s des analyses plus pouss\u00e9es et il peut m\u00eame s&rsquo;agir des mat\u00e9riaux alcalins cit\u00e9s pr\u00e9c\u00e9demment.<\/p>\n<p>\u00a0 \u00a0 \u00a0 \u00a0 \u00a0 <img loading=\"lazy\" decoding=\"async\" class=\"alignnone wp-image-29802\" src=\"https:\/\/csc-sarl.ch\/wp-content\/uploads\/2018\/06\/papierphinsitu_ptt.jpg\" alt=\"\" width=\"177\" height=\"143\" \/>\u00a0\u00a0 \u00a0 \u00a0\u00a0 \u00a0\u00a0\u00a0\u00a0\u00a0\u00a0\u00a0 <img loading=\"lazy\" decoding=\"async\" class=\"alignnone size-full wp-image-29801\" src=\"https:\/\/csc-sarl.ch\/wp-content\/uploads\/2018\/06\/papierphlabo_ptt.jpg\" alt=\"\" width=\"200\" height=\"131\" \/><\/p>\n<table width=\"561\">\n<tbody>\n<tr>\n<td style=\"width: 273px;\" width=\"\"><span style=\"font-size: 10pt;\"><strong>Mesure in situ :\u00a0<\/strong><\/span><br \/>\n<span style=\"font-size: 10pt;\">&#8211; humidifier le papier pH\u00a0<\/span><br \/>\n<span style=\"font-size: 10pt;\">&#8211; le poser ou le frotter sur les efflorescences<\/span><br \/>\n<span style=\"font-size: 10pt;\">&#8211; lire la mesure<\/span><\/td>\n<td style=\"width: 307px;\" width=\"\"><span style=\"font-size: 10pt;\"><strong>Mesure au laboratoire :<\/strong><\/span><br \/>\n<span style=\"font-size: 10pt;\">&#8211; dissoudre les sels dans une goutte d&rsquo;eau<\/span><br \/>\n<span style=\"font-size: 10pt;\">&#8211; tremper le papier pH dans la goutte<\/span><br \/>\n<span style=\"font-size: 10pt;\">&#8211; lire la mesure<\/span><\/td>\n<\/tr>\n<\/tbody>\n<\/table>\n<p style=\"text-align: justify;\"><span style=\"font-size: 10pt;\">Arnold, A. (1985). \u00ab\u00a0Moderne alkalische Baustoffe und die Probleme bei der Konservierung von Denkm\u00e4lern.\u00a0\u00bb Natursteinkonservierung, Arbeitshefte des Bayerischen Landesamtes f\u00fcr Denkmalpflege, 31, 152-162.\u00a0\u00a0<\/span><\/p>\n<p style=\"text-align: justify;\"><span style=\"font-size: 10pt;\">Schaffer, R. J. (1932). \u00ab\u00a0The Weathering of Natural Building Stones.\u00a0\u00bb Facsimile of the 1932 edition , published by Construction Research communications Ltd, by permission of Building Research Establishment Ltd.<\/span><\/p>\n<p style=\"text-align: justify;\">\n","protected":false},"excerpt":{"rendered":"<p>Identification rapide de la source d&rsquo;efflorescences de sels \u00e0 l&rsquo;aide d&rsquo;un papier pH 1-14 Sur les b\u00e2timents, la source d&rsquo;efflorescences de sels alcalins (pH &gt; 8) est toujours un mat\u00e9riau de construction (ou de restauration\/conservation) lui-m\u00eame alcalin, tel que le ciment, la chaux hydraulique ou le verre soluble (Schaffer, 1932 ; Arnold, 1985). Par cons\u00e9quent, &hellip; <a href=\"https:\/\/conservation-science.ch\/?page_id=29853\" class=\"more-link\">Continuer la lecture de <span class=\"screen-reader-text\">Identification rapide de la source d&rsquo;efflorescences de sels \u00e0 l&rsquo;aide d&rsquo;un papier pH 1-14<\/span><\/a><\/p>\n","protected":false},"author":1,"featured_media":0,"parent":29891,"menu_order":4,"comment_status":"closed","ping_status":"closed","template":"","meta":{"footnotes":""},"class_list":["post-29853","page","type-page","status-publish","hentry"],"yoast_head":"<!-- This site is optimized with the Yoast SEO plugin v27.2 - https:\/\/yoast.com\/product\/yoast-seo-wordpress\/ -->\n<title>Identification rapide de la source d&#039;efflorescences de sels \u00e0 l&#039;aide d&#039;un papier pH 1-14 - Bl\u00e4uer - Conservation - Science<\/title>\n<meta name=\"robots\" content=\"index, follow, max-snippet:-1, max-image-preview:large, max-video-preview:-1\" \/>\n<link rel=\"canonical\" href=\"https:\/\/conservation-science.ch\/?page_id=29853\" \/>\n<meta property=\"og:locale\" content=\"fr_FR\" \/>\n<meta property=\"og:type\" content=\"article\" \/>\n<meta property=\"og:title\" content=\"Identification rapide de la source d&#039;efflorescences de sels \u00e0 l&#039;aide d&#039;un papier pH 1-14 - Bl\u00e4uer - Conservation - Science\" \/>\n<meta property=\"og:description\" content=\"Identification rapide de la source d&rsquo;efflorescences de sels \u00e0 l&rsquo;aide d&rsquo;un papier pH 1-14 Sur les b\u00e2timents, la source d&rsquo;efflorescences de sels alcalins (pH &gt; 8) est toujours un mat\u00e9riau de construction (ou de restauration\/conservation) lui-m\u00eame alcalin, tel que le ciment, la chaux hydraulique ou le verre soluble (Schaffer, 1932 ; Arnold, 1985). Par cons\u00e9quent, &hellip; Continuer la lecture de Identification rapide de la source d&rsquo;efflorescences de sels \u00e0 l&rsquo;aide d&rsquo;un papier pH 1-14\" \/>\n<meta property=\"og:url\" content=\"https:\/\/conservation-science.ch\/?page_id=29853\" \/>\n<meta property=\"og:site_name\" content=\"Bl\u00e4uer - Conservation - Science\" \/>\n<meta property=\"article:modified_time\" content=\"2018-06-28T17:46:16+00:00\" \/>\n<meta property=\"og:image\" content=\"https:\/\/csc-sarl.ch\/wp-content\/uploads\/2018\/06\/papierphinsitu_ptt.jpg\" \/>\n<meta name=\"twitter:card\" content=\"summary_large_image\" \/>\n<meta name=\"twitter:label1\" content=\"Dur\u00e9e de lecture estim\u00e9e\" \/>\n\t<meta name=\"twitter:data1\" content=\"1 minute\" \/>\n<script type=\"application\/ld+json\" class=\"yoast-schema-graph\">{\"@context\":\"https:\/\/schema.org\",\"@graph\":[{\"@type\":\"WebPage\",\"@id\":\"https:\/\/conservation-science.ch\/?page_id=29853\",\"url\":\"https:\/\/conservation-science.ch\/?page_id=29853\",\"name\":\"Identification rapide de la source d'efflorescences de sels \u00e0 l'aide d'un papier pH 1-14 - Bl\u00e4uer - Conservation - Science\",\"isPartOf\":{\"@id\":\"https:\/\/conservation-science.ch\/#website\"},\"primaryImageOfPage\":{\"@id\":\"https:\/\/conservation-science.ch\/?page_id=29853#primaryimage\"},\"image\":{\"@id\":\"https:\/\/conservation-science.ch\/?page_id=29853#primaryimage\"},\"thumbnailUrl\":\"https:\/\/csc-sarl.ch\/wp-content\/uploads\/2018\/06\/papierphinsitu_ptt.jpg\",\"datePublished\":\"2018-06-14T06:49:06+00:00\",\"dateModified\":\"2018-06-28T17:46:16+00:00\",\"breadcrumb\":{\"@id\":\"https:\/\/conservation-science.ch\/?page_id=29853#breadcrumb\"},\"inLanguage\":\"fr-FR\",\"potentialAction\":[{\"@type\":\"ReadAction\",\"target\":[\"https:\/\/conservation-science.ch\/?page_id=29853\"]}]},{\"@type\":\"ImageObject\",\"inLanguage\":\"fr-FR\",\"@id\":\"https:\/\/conservation-science.ch\/?page_id=29853#primaryimage\",\"url\":\"https:\/\/csc-sarl.ch\/wp-content\/uploads\/2018\/06\/papierphinsitu_ptt.jpg\",\"contentUrl\":\"https:\/\/csc-sarl.ch\/wp-content\/uploads\/2018\/06\/papierphinsitu_ptt.jpg\"},{\"@type\":\"BreadcrumbList\",\"@id\":\"https:\/\/conservation-science.ch\/?page_id=29853#breadcrumb\",\"itemListElement\":[{\"@type\":\"ListItem\",\"position\":1,\"name\":\"Accueil\",\"item\":\"https:\/\/conservation-science.ch\/\"},{\"@type\":\"ListItem\",\"position\":2,\"name\":\"Accueil\",\"item\":\"https:\/\/conservation-science.ch\/\"},{\"@type\":\"ListItem\",\"position\":3,\"name\":\"Nos astuces\",\"item\":\"https:\/\/conservation-science.ch\/?page_id=29899\"},{\"@type\":\"ListItem\",\"position\":4,\"name\":\"Nos astuces archiv\u00e9es\",\"item\":\"https:\/\/conservation-science.ch\/?page_id=29891\"},{\"@type\":\"ListItem\",\"position\":5,\"name\":\"Identification rapide de la source d&rsquo;efflorescences de sels \u00e0 l&rsquo;aide d&rsquo;un papier pH 1-14\"}]},{\"@type\":\"WebSite\",\"@id\":\"https:\/\/conservation-science.ch\/#website\",\"url\":\"https:\/\/conservation-science.ch\/\",\"name\":\"CSC - Conservation - Sciences\",\"description\":\"Transmission de connaissances dans le domaine des sciences de la conservation du patrimoine b\u00e2ti\",\"potentialAction\":[{\"@type\":\"SearchAction\",\"target\":{\"@type\":\"EntryPoint\",\"urlTemplate\":\"https:\/\/conservation-science.ch\/?s={search_term_string}\"},\"query-input\":{\"@type\":\"PropertyValueSpecification\",\"valueRequired\":true,\"valueName\":\"search_term_string\"}}],\"inLanguage\":\"fr-FR\"}]}<\/script>\n<!-- \/ Yoast SEO plugin. -->","yoast_head_json":{"title":"Identification rapide de la source d'efflorescences de sels \u00e0 l'aide d'un papier pH 1-14 - Bl\u00e4uer - Conservation - Science","robots":{"index":"index","follow":"follow","max-snippet":"max-snippet:-1","max-image-preview":"max-image-preview:large","max-video-preview":"max-video-preview:-1"},"canonical":"https:\/\/conservation-science.ch\/?page_id=29853","og_locale":"fr_FR","og_type":"article","og_title":"Identification rapide de la source d'efflorescences de sels \u00e0 l'aide d'un papier pH 1-14 - Bl\u00e4uer - Conservation - Science","og_description":"Identification rapide de la source d&rsquo;efflorescences de sels \u00e0 l&rsquo;aide d&rsquo;un papier pH 1-14 Sur les b\u00e2timents, la source d&rsquo;efflorescences de sels alcalins (pH &gt; 8) est toujours un mat\u00e9riau de construction (ou de restauration\/conservation) lui-m\u00eame alcalin, tel que le ciment, la chaux hydraulique ou le verre soluble (Schaffer, 1932 ; Arnold, 1985). Par cons\u00e9quent, &hellip; Continuer la lecture de Identification rapide de la source d&rsquo;efflorescences de sels \u00e0 l&rsquo;aide d&rsquo;un papier pH 1-14","og_url":"https:\/\/conservation-science.ch\/?page_id=29853","og_site_name":"Bl\u00e4uer - Conservation - Science","article_modified_time":"2018-06-28T17:46:16+00:00","og_image":[{"url":"https:\/\/csc-sarl.ch\/wp-content\/uploads\/2018\/06\/papierphinsitu_ptt.jpg","type":"","width":"","height":""}],"twitter_card":"summary_large_image","twitter_misc":{"Dur\u00e9e de lecture estim\u00e9e":"1 minute"},"schema":{"@context":"https:\/\/schema.org","@graph":[{"@type":"WebPage","@id":"https:\/\/conservation-science.ch\/?page_id=29853","url":"https:\/\/conservation-science.ch\/?page_id=29853","name":"Identification rapide de la source d'efflorescences de sels \u00e0 l'aide d'un papier pH 1-14 - Bl\u00e4uer - Conservation - Science","isPartOf":{"@id":"https:\/\/conservation-science.ch\/#website"},"primaryImageOfPage":{"@id":"https:\/\/conservation-science.ch\/?page_id=29853#primaryimage"},"image":{"@id":"https:\/\/conservation-science.ch\/?page_id=29853#primaryimage"},"thumbnailUrl":"https:\/\/csc-sarl.ch\/wp-content\/uploads\/2018\/06\/papierphinsitu_ptt.jpg","datePublished":"2018-06-14T06:49:06+00:00","dateModified":"2018-06-28T17:46:16+00:00","breadcrumb":{"@id":"https:\/\/conservation-science.ch\/?page_id=29853#breadcrumb"},"inLanguage":"fr-FR","potentialAction":[{"@type":"ReadAction","target":["https:\/\/conservation-science.ch\/?page_id=29853"]}]},{"@type":"ImageObject","inLanguage":"fr-FR","@id":"https:\/\/conservation-science.ch\/?page_id=29853#primaryimage","url":"https:\/\/csc-sarl.ch\/wp-content\/uploads\/2018\/06\/papierphinsitu_ptt.jpg","contentUrl":"https:\/\/csc-sarl.ch\/wp-content\/uploads\/2018\/06\/papierphinsitu_ptt.jpg"},{"@type":"BreadcrumbList","@id":"https:\/\/conservation-science.ch\/?page_id=29853#breadcrumb","itemListElement":[{"@type":"ListItem","position":1,"name":"Accueil","item":"https:\/\/conservation-science.ch\/"},{"@type":"ListItem","position":2,"name":"Accueil","item":"https:\/\/conservation-science.ch\/"},{"@type":"ListItem","position":3,"name":"Nos astuces","item":"https:\/\/conservation-science.ch\/?page_id=29899"},{"@type":"ListItem","position":4,"name":"Nos astuces archiv\u00e9es","item":"https:\/\/conservation-science.ch\/?page_id=29891"},{"@type":"ListItem","position":5,"name":"Identification rapide de la source d&rsquo;efflorescences de sels \u00e0 l&rsquo;aide d&rsquo;un papier pH 1-14"}]},{"@type":"WebSite","@id":"https:\/\/conservation-science.ch\/#website","url":"https:\/\/conservation-science.ch\/","name":"CSC - Conservation - Sciences","description":"Transmission de connaissances dans le domaine des sciences de la conservation du patrimoine b\u00e2ti","potentialAction":[{"@type":"SearchAction","target":{"@type":"EntryPoint","urlTemplate":"https:\/\/conservation-science.ch\/?s={search_term_string}"},"query-input":{"@type":"PropertyValueSpecification","valueRequired":true,"valueName":"search_term_string"}}],"inLanguage":"fr-FR"}]}},"_links":{"self":[{"href":"https:\/\/conservation-science.ch\/index.php?rest_route=\/wp\/v2\/pages\/29853","targetHints":{"allow":["GET"]}}],"collection":[{"href":"https:\/\/conservation-science.ch\/index.php?rest_route=\/wp\/v2\/pages"}],"about":[{"href":"https:\/\/conservation-science.ch\/index.php?rest_route=\/wp\/v2\/types\/page"}],"author":[{"embeddable":true,"href":"https:\/\/conservation-science.ch\/index.php?rest_route=\/wp\/v2\/users\/1"}],"replies":[{"embeddable":true,"href":"https:\/\/conservation-science.ch\/index.php?rest_route=%2Fwp%2Fv2%2Fcomments&post=29853"}],"version-history":[{"count":1,"href":"https:\/\/conservation-science.ch\/index.php?rest_route=\/wp\/v2\/pages\/29853\/revisions"}],"predecessor-version":[{"id":37354,"href":"https:\/\/conservation-science.ch\/index.php?rest_route=\/wp\/v2\/pages\/29853\/revisions\/37354"}],"up":[{"embeddable":true,"href":"https:\/\/conservation-science.ch\/index.php?rest_route=\/wp\/v2\/pages\/29891"}],"wp:attachment":[{"href":"https:\/\/conservation-science.ch\/index.php?rest_route=%2Fwp%2Fv2%2Fmedia&parent=29853"}],"curies":[{"name":"wp","href":"https:\/\/api.w.org\/{rel}","templated":true}]}}