{"id":29852,"date":"2018-06-14T08:50:27","date_gmt":"2018-06-14T06:50:27","guid":{"rendered":"https:\/\/objectif-lune.ch\/?page_id=29852"},"modified":"2024-11-16T16:27:01","modified_gmt":"2024-11-16T15:27:01","slug":"sur-l-origine-des-taches-humides","status":"publish","type":"page","link":"https:\/\/conservation-science.ch\/?page_id=29852","title":{"rendered":"Sur l&rsquo;origine des taches humides"},"content":{"rendered":"<h6>Sur l&rsquo;origine des taches humides&#8230;<\/h6>\n<table width=\"561\">\n<tbody>\n<tr>\n<td style=\"width: 131px; vertical-align: top;\" width=\"\"><a href=\"https:\/\/csc-sarl.ch\/wp-content\/uploads\/2018\/06\/astuce_090422_chateau_aileromane_gd.jpg\"><img loading=\"lazy\" decoding=\"async\" class=\"alignnone wp-image-29808\" src=\"https:\/\/csc-sarl.ch\/wp-content\/uploads\/2018\/06\/astuce_090422_chateau_aileromane_haut90.jpg\" alt=\"\" width=\"104\" height=\"110\" \/><\/a><\/td>\n<td style=\"text-align: justify; width: 450px; vertical-align: top;\" width=\"\">Les \u00ab\u00a0taches humides\u00a0\u00bb observ\u00e9es sur les b\u00e2timents sont classiquement imput\u00e9es \u00e0 des infiltrations ou \u00e0 des remont\u00e9es capillaires, ph\u00e9nom\u00e8nes qui impliquent la pr\u00e9sence d&rsquo;une grande quantit\u00e9 d&rsquo;eau liquide dans la \u00ab\u00a0zone humide\u00a0\u00bb. Or, dans la majorit\u00e9 des cas, des sels hygroscopiques (tels que des chlorures* ou des nitrates**) qui adsorbent facilement et abondamment la vapeur d&rsquo;eau contenue dans l&rsquo;air ambiant jouent un r\u00f4le pr\u00e9pond\u00e9rant.<\/td>\n<\/tr>\n<\/tbody>\n<\/table>\n<table width=\"561\">\n<tbody>\n<tr>\n<td style=\"text-align: justify; width: 446px; vertical-align: top;\">Lorsque de tels sels sont pr\u00e9sents dans les mat\u00e9riaux de construction, ils ont la propri\u00e9t\u00e9 de modifier les interactions entre la lumi\u00e8re et la mati\u00e8re poreuse qui les contient donnant \u00e0 cette derni\u00e8re un aspect plus sombre ou \u00ab\u00a0mouill\u00e9\u00a0\u00bb.<br \/>\nLes quantit\u00e9s d&rsquo;eau et de sels n\u00e9cessaires pour que ces illusions d&rsquo;optiques soient observables d\u00e9pendent de la nature des sels, mais la quantit\u00e9 de vapeur d&rsquo;eau pr\u00e9sente dans l&rsquo;air ambiant, m\u00eame par temps \u00ab\u00a0sec\u00a0\u00bb, est souvent suffisante. Les appareils de mesure d&rsquo;humidit\u00e9 non destructifs, g\u00e9n\u00e9ralement sensibles aux sels, sont rarement capables de faire la distinction entre ces cas \u00ab\u00a0b\u00e9nins\u00a0\u00bb &#8211; quoique esth\u00e9tiquement d\u00e9rangeants &#8211; et les cas de r\u00e9elles infiltrations ou de remont\u00e9es capillaires, mais quelques tests de laboratoire permettent facilement et rapidement de lever l&rsquo;ind\u00e9termination.<\/td>\n<td style=\"width: 134px; vertical-align: top;\"><a href=\"https:\/\/csc-sarl.ch\/wp-content\/uploads\/2018\/06\/astuce_notredame_fr_20070705_gd.jpg\"><img loading=\"lazy\" decoding=\"async\" class=\"alignnone wp-image-29812 size-full\" src=\"https:\/\/csc-sarl.ch\/wp-content\/uploads\/2018\/06\/astuce_notredame_fr_20070705_haut90-1.jpg\" alt=\"\" width=\"121\" height=\"90\" \/><\/a><\/p>\n<p>&nbsp;<\/p>\n<p><a href=\"https:\/\/csc-sarl.ch\/wp-content\/uploads\/2018\/06\/astuce_montherontemple_2001_gd.jpg\"><img loading=\"lazy\" decoding=\"async\" class=\"alignnone wp-image-29806\" src=\"https:\/\/csc-sarl.ch\/wp-content\/uploads\/2018\/06\/astuce_montherontemple_2001_haut90.jpg\" alt=\"\" width=\"121\" height=\"96\" \/><\/a><\/td>\n<\/tr>\n<\/tbody>\n<\/table>\n<table width=\"561\">\n<tbody>\n<tr>\n<td style=\"width: 127px; vertical-align: top;\"><a href=\"https:\/\/csc-sarl.ch\/wp-content\/uploads\/2018\/06\/astuce_kaysersberg_gd.jpg\"><img loading=\"lazy\" decoding=\"async\" class=\"alignnone wp-image-29805 size-full\" src=\"https:\/\/csc-sarl.ch\/wp-content\/uploads\/2018\/06\/astuce_kaysersberg_haut90.jpg\" alt=\"\" width=\"96\" height=\"90\" \/><\/a><\/p>\n<p>&nbsp;<\/p>\n<p><a href=\"https:\/\/csc-sarl.ch\/wp-content\/uploads\/2018\/06\/astuce_nacl_mgcl2_calcsavonniere_090706_gd.jpg\"><img loading=\"lazy\" decoding=\"async\" class=\"alignnone wp-image-29804 size-full\" src=\"https:\/\/csc-sarl.ch\/wp-content\/uploads\/2018\/06\/astuce_nacl_mgcl2_calcsavonniere_090706_larg100.jpg\" alt=\"\" width=\"100\" height=\"75\" \/><\/a><\/td>\n<td style=\"width: 454px; vertical-align: top;\">\n<p style=\"text-align: justify;\"><em><strong>En conclusion<\/strong><\/em>,\u00a0avant d&rsquo;entreprendre des interventions lourdes telles qu&rsquo;un drainage ou la mise en place d&rsquo;une \u00ab\u00a0barri\u00e8re capillaire\u00a0\u00bb quelconque, nous conseillons vivement de faire \u00e9valuer la quantit\u00e9 d&rsquo;eau r\u00e9ellement pr\u00e9sente dans une ma\u00e7onnerie et \u00e9ventuellement de proc\u00e9der \u00e0 quelques analyses des sels pr\u00e9sents.<\/p>\n<p style=\"text-align: justify;\">* les chlorures peuvent par exemple \u00eatre apport\u00e9s par les sels de d\u00e9vergla\u00e7age ;<br \/>\n** les nitrates peuvent \u00eatre apport\u00e9s par des d\u00e9jections animales ou par des engrais.<\/p>\n<\/td>\n<\/tr>\n<\/tbody>\n<\/table>\n<p style=\"text-align: justify;\">\n","protected":false},"excerpt":{"rendered":"<p>Sur l&rsquo;origine des taches humides&#8230; Les \u00ab\u00a0taches humides\u00a0\u00bb observ\u00e9es sur les b\u00e2timents sont classiquement imput\u00e9es \u00e0 des infiltrations ou \u00e0 des remont\u00e9es capillaires, ph\u00e9nom\u00e8nes qui impliquent la pr\u00e9sence d&rsquo;une grande quantit\u00e9 d&rsquo;eau liquide dans la \u00ab\u00a0zone humide\u00a0\u00bb. Or, dans la majorit\u00e9 des cas, des sels hygroscopiques (tels que des chlorures* ou des nitrates**) qui adsorbent &hellip; <a href=\"https:\/\/conservation-science.ch\/?page_id=29852\" class=\"more-link\">Continuer la lecture de <span class=\"screen-reader-text\">Sur l&rsquo;origine des taches humides<\/span><\/a><\/p>\n","protected":false},"author":1,"featured_media":0,"parent":29891,"menu_order":5,"comment_status":"closed","ping_status":"closed","template":"","meta":{"footnotes":""},"class_list":["post-29852","page","type-page","status-publish","hentry"],"yoast_head":"<!-- This site is optimized with the Yoast SEO plugin v27.2 - https:\/\/yoast.com\/product\/yoast-seo-wordpress\/ -->\n<title>Sur l&#039;origine des taches humides - Bl\u00e4uer - Conservation - Science<\/title>\n<meta name=\"robots\" content=\"index, follow, max-snippet:-1, max-image-preview:large, max-video-preview:-1\" \/>\n<link rel=\"canonical\" href=\"https:\/\/conservation-science.ch\/?page_id=29852\" \/>\n<meta property=\"og:locale\" content=\"fr_FR\" \/>\n<meta property=\"og:type\" content=\"article\" \/>\n<meta property=\"og:title\" content=\"Sur l&#039;origine des taches humides - Bl\u00e4uer - Conservation - Science\" \/>\n<meta property=\"og:description\" content=\"Sur l&rsquo;origine des taches humides&#8230; Les \u00ab\u00a0taches humides\u00a0\u00bb observ\u00e9es sur les b\u00e2timents sont classiquement imput\u00e9es \u00e0 des infiltrations ou \u00e0 des remont\u00e9es capillaires, ph\u00e9nom\u00e8nes qui impliquent la pr\u00e9sence d&rsquo;une grande quantit\u00e9 d&rsquo;eau liquide dans la \u00ab\u00a0zone humide\u00a0\u00bb. Or, dans la majorit\u00e9 des cas, des sels hygroscopiques (tels que des chlorures* ou des nitrates**) qui adsorbent &hellip; Continuer la lecture de Sur l&rsquo;origine des taches humides\" \/>\n<meta property=\"og:url\" content=\"https:\/\/conservation-science.ch\/?page_id=29852\" \/>\n<meta property=\"og:site_name\" content=\"Bl\u00e4uer - Conservation - Science\" \/>\n<meta property=\"article:modified_time\" content=\"2024-11-16T15:27:01+00:00\" \/>\n<meta property=\"og:image\" content=\"https:\/\/csc-sarl.ch\/wp-content\/uploads\/2018\/06\/astuce_090422_chateau_aileromane_haut90.jpg\" \/>\n<meta name=\"twitter:card\" content=\"summary_large_image\" \/>\n<meta name=\"twitter:label1\" content=\"Dur\u00e9e de lecture estim\u00e9e\" \/>\n\t<meta name=\"twitter:data1\" content=\"2 minutes\" \/>\n<script type=\"application\/ld+json\" class=\"yoast-schema-graph\">{\"@context\":\"https:\/\/schema.org\",\"@graph\":[{\"@type\":\"WebPage\",\"@id\":\"https:\/\/conservation-science.ch\/?page_id=29852\",\"url\":\"https:\/\/conservation-science.ch\/?page_id=29852\",\"name\":\"Sur l'origine des taches humides - Bl\u00e4uer - Conservation - Science\",\"isPartOf\":{\"@id\":\"https:\/\/conservation-science.ch\/#website\"},\"primaryImageOfPage\":{\"@id\":\"https:\/\/conservation-science.ch\/?page_id=29852#primaryimage\"},\"image\":{\"@id\":\"https:\/\/conservation-science.ch\/?page_id=29852#primaryimage\"},\"thumbnailUrl\":\"https:\/\/csc-sarl.ch\/wp-content\/uploads\/2018\/06\/astuce_090422_chateau_aileromane_haut90.jpg\",\"datePublished\":\"2018-06-14T06:50:27+00:00\",\"dateModified\":\"2024-11-16T15:27:01+00:00\",\"breadcrumb\":{\"@id\":\"https:\/\/conservation-science.ch\/?page_id=29852#breadcrumb\"},\"inLanguage\":\"fr-FR\",\"potentialAction\":[{\"@type\":\"ReadAction\",\"target\":[\"https:\/\/conservation-science.ch\/?page_id=29852\"]}]},{\"@type\":\"ImageObject\",\"inLanguage\":\"fr-FR\",\"@id\":\"https:\/\/conservation-science.ch\/?page_id=29852#primaryimage\",\"url\":\"https:\/\/csc-sarl.ch\/wp-content\/uploads\/2018\/06\/astuce_090422_chateau_aileromane_haut90.jpg\",\"contentUrl\":\"https:\/\/csc-sarl.ch\/wp-content\/uploads\/2018\/06\/astuce_090422_chateau_aileromane_haut90.jpg\"},{\"@type\":\"BreadcrumbList\",\"@id\":\"https:\/\/conservation-science.ch\/?page_id=29852#breadcrumb\",\"itemListElement\":[{\"@type\":\"ListItem\",\"position\":1,\"name\":\"Accueil\",\"item\":\"https:\/\/conservation-science.ch\/\"},{\"@type\":\"ListItem\",\"position\":2,\"name\":\"Accueil\",\"item\":\"https:\/\/conservation-science.ch\/\"},{\"@type\":\"ListItem\",\"position\":3,\"name\":\"Nos astuces\",\"item\":\"https:\/\/conservation-science.ch\/?page_id=29899\"},{\"@type\":\"ListItem\",\"position\":4,\"name\":\"Nos astuces archiv\u00e9es\",\"item\":\"https:\/\/conservation-science.ch\/?page_id=29891\"},{\"@type\":\"ListItem\",\"position\":5,\"name\":\"Sur l&rsquo;origine des taches humides\"}]},{\"@type\":\"WebSite\",\"@id\":\"https:\/\/conservation-science.ch\/#website\",\"url\":\"https:\/\/conservation-science.ch\/\",\"name\":\"CSC - Conservation - Sciences\",\"description\":\"Transmission de connaissances dans le domaine des sciences de la conservation du patrimoine b\u00e2ti\",\"potentialAction\":[{\"@type\":\"SearchAction\",\"target\":{\"@type\":\"EntryPoint\",\"urlTemplate\":\"https:\/\/conservation-science.ch\/?s={search_term_string}\"},\"query-input\":{\"@type\":\"PropertyValueSpecification\",\"valueRequired\":true,\"valueName\":\"search_term_string\"}}],\"inLanguage\":\"fr-FR\"}]}<\/script>\n<!-- \/ Yoast SEO plugin. -->","yoast_head_json":{"title":"Sur l'origine des taches humides - Bl\u00e4uer - Conservation - Science","robots":{"index":"index","follow":"follow","max-snippet":"max-snippet:-1","max-image-preview":"max-image-preview:large","max-video-preview":"max-video-preview:-1"},"canonical":"https:\/\/conservation-science.ch\/?page_id=29852","og_locale":"fr_FR","og_type":"article","og_title":"Sur l'origine des taches humides - Bl\u00e4uer - Conservation - Science","og_description":"Sur l&rsquo;origine des taches humides&#8230; Les \u00ab\u00a0taches humides\u00a0\u00bb observ\u00e9es sur les b\u00e2timents sont classiquement imput\u00e9es \u00e0 des infiltrations ou \u00e0 des remont\u00e9es capillaires, ph\u00e9nom\u00e8nes qui impliquent la pr\u00e9sence d&rsquo;une grande quantit\u00e9 d&rsquo;eau liquide dans la \u00ab\u00a0zone humide\u00a0\u00bb. Or, dans la majorit\u00e9 des cas, des sels hygroscopiques (tels que des chlorures* ou des nitrates**) qui adsorbent &hellip; Continuer la lecture de Sur l&rsquo;origine des taches humides","og_url":"https:\/\/conservation-science.ch\/?page_id=29852","og_site_name":"Bl\u00e4uer - Conservation - Science","article_modified_time":"2024-11-16T15:27:01+00:00","og_image":[{"url":"https:\/\/csc-sarl.ch\/wp-content\/uploads\/2018\/06\/astuce_090422_chateau_aileromane_haut90.jpg","type":"","width":"","height":""}],"twitter_card":"summary_large_image","twitter_misc":{"Dur\u00e9e de lecture estim\u00e9e":"2 minutes"},"schema":{"@context":"https:\/\/schema.org","@graph":[{"@type":"WebPage","@id":"https:\/\/conservation-science.ch\/?page_id=29852","url":"https:\/\/conservation-science.ch\/?page_id=29852","name":"Sur l'origine des taches humides - Bl\u00e4uer - Conservation - Science","isPartOf":{"@id":"https:\/\/conservation-science.ch\/#website"},"primaryImageOfPage":{"@id":"https:\/\/conservation-science.ch\/?page_id=29852#primaryimage"},"image":{"@id":"https:\/\/conservation-science.ch\/?page_id=29852#primaryimage"},"thumbnailUrl":"https:\/\/csc-sarl.ch\/wp-content\/uploads\/2018\/06\/astuce_090422_chateau_aileromane_haut90.jpg","datePublished":"2018-06-14T06:50:27+00:00","dateModified":"2024-11-16T15:27:01+00:00","breadcrumb":{"@id":"https:\/\/conservation-science.ch\/?page_id=29852#breadcrumb"},"inLanguage":"fr-FR","potentialAction":[{"@type":"ReadAction","target":["https:\/\/conservation-science.ch\/?page_id=29852"]}]},{"@type":"ImageObject","inLanguage":"fr-FR","@id":"https:\/\/conservation-science.ch\/?page_id=29852#primaryimage","url":"https:\/\/csc-sarl.ch\/wp-content\/uploads\/2018\/06\/astuce_090422_chateau_aileromane_haut90.jpg","contentUrl":"https:\/\/csc-sarl.ch\/wp-content\/uploads\/2018\/06\/astuce_090422_chateau_aileromane_haut90.jpg"},{"@type":"BreadcrumbList","@id":"https:\/\/conservation-science.ch\/?page_id=29852#breadcrumb","itemListElement":[{"@type":"ListItem","position":1,"name":"Accueil","item":"https:\/\/conservation-science.ch\/"},{"@type":"ListItem","position":2,"name":"Accueil","item":"https:\/\/conservation-science.ch\/"},{"@type":"ListItem","position":3,"name":"Nos astuces","item":"https:\/\/conservation-science.ch\/?page_id=29899"},{"@type":"ListItem","position":4,"name":"Nos astuces archiv\u00e9es","item":"https:\/\/conservation-science.ch\/?page_id=29891"},{"@type":"ListItem","position":5,"name":"Sur l&rsquo;origine des taches humides"}]},{"@type":"WebSite","@id":"https:\/\/conservation-science.ch\/#website","url":"https:\/\/conservation-science.ch\/","name":"CSC - Conservation - Sciences","description":"Transmission de connaissances dans le domaine des sciences de la conservation du patrimoine b\u00e2ti","potentialAction":[{"@type":"SearchAction","target":{"@type":"EntryPoint","urlTemplate":"https:\/\/conservation-science.ch\/?s={search_term_string}"},"query-input":{"@type":"PropertyValueSpecification","valueRequired":true,"valueName":"search_term_string"}}],"inLanguage":"fr-FR"}]}},"_links":{"self":[{"href":"https:\/\/conservation-science.ch\/index.php?rest_route=\/wp\/v2\/pages\/29852","targetHints":{"allow":["GET"]}}],"collection":[{"href":"https:\/\/conservation-science.ch\/index.php?rest_route=\/wp\/v2\/pages"}],"about":[{"href":"https:\/\/conservation-science.ch\/index.php?rest_route=\/wp\/v2\/types\/page"}],"author":[{"embeddable":true,"href":"https:\/\/conservation-science.ch\/index.php?rest_route=\/wp\/v2\/users\/1"}],"replies":[{"embeddable":true,"href":"https:\/\/conservation-science.ch\/index.php?rest_route=%2Fwp%2Fv2%2Fcomments&post=29852"}],"version-history":[{"count":2,"href":"https:\/\/conservation-science.ch\/index.php?rest_route=\/wp\/v2\/pages\/29852\/revisions"}],"predecessor-version":[{"id":37356,"href":"https:\/\/conservation-science.ch\/index.php?rest_route=\/wp\/v2\/pages\/29852\/revisions\/37356"}],"up":[{"embeddable":true,"href":"https:\/\/conservation-science.ch\/index.php?rest_route=\/wp\/v2\/pages\/29891"}],"wp:attachment":[{"href":"https:\/\/conservation-science.ch\/index.php?rest_route=%2Fwp%2Fv2%2Fmedia&parent=29852"}],"curies":[{"name":"wp","href":"https:\/\/api.w.org\/{rel}","templated":true}]}}