{"id":29848,"date":"2018-06-14T08:43:04","date_gmt":"2018-06-14T06:43:04","guid":{"rendered":"https:\/\/objectif-lune.ch\/?page_id=29848"},"modified":"2018-06-28T19:42:56","modified_gmt":"2018-06-28T17:42:56","slug":"observer-par-tous-les-temps","status":"publish","type":"page","link":"https:\/\/conservation-science.ch\/?page_id=29848","title":{"rendered":"Observer par tous les temps"},"content":{"rendered":"<h6 style=\"text-align: justify;\">Observer par tous les temps<\/h6>\n<p><img loading=\"lazy\" decoding=\"async\" class=\"alignnone size-full wp-image-29794\" src=\"https:\/\/csc-sarl.ch\/wp-content\/uploads\/2018\/06\/1_truc_et_astuc.jpg\" alt=\"\" width=\"180\" height=\"240\" \/> \u00a0 <img loading=\"lazy\" decoding=\"async\" class=\"alignnone size-full wp-image-29793\" src=\"https:\/\/csc-sarl.ch\/wp-content\/uploads\/2018\/06\/2_truc_et_astuc.jpg\" alt=\"\" width=\"180\" height=\"240\" \/> \u00a0 <img loading=\"lazy\" decoding=\"async\" class=\"alignnone size-full wp-image-29792\" src=\"https:\/\/csc-sarl.ch\/wp-content\/uploads\/2018\/06\/3_truc_et_astuc.jpg\" alt=\"\" width=\"180\" height=\"240\" \/><\/p>\n<p style=\"text-align: justify;\">L\u2019observation des fa\u00e7ades par tous les temps r\u00e9v\u00e8le des ph\u00e9nom\u00e8nes \u00e9tonnants.<\/p>\n<p>&nbsp;<\/p>\n","protected":false},"excerpt":{"rendered":"<p>Observer par tous les temps \u00a0 \u00a0 L\u2019observation des fa\u00e7ades par tous les temps r\u00e9v\u00e8le des ph\u00e9nom\u00e8nes \u00e9tonnants. &nbsp;<\/p>\n","protected":false},"author":1,"featured_media":0,"parent":29891,"menu_order":1,"comment_status":"closed","ping_status":"closed","template":"","meta":{"footnotes":""},"class_list":["post-29848","page","type-page","status-publish","hentry"],"yoast_head":"<!-- This site is optimized with the Yoast SEO plugin v27.2 - https:\/\/yoast.com\/product\/yoast-seo-wordpress\/ -->\n<title>Observer par tous les temps - Bl\u00e4uer - Conservation - Science<\/title>\n<meta name=\"robots\" content=\"index, follow, max-snippet:-1, max-image-preview:large, max-video-preview:-1\" \/>\n<link rel=\"canonical\" href=\"https:\/\/conservation-science.ch\/?page_id=29848\" \/>\n<meta property=\"og:locale\" content=\"fr_FR\" \/>\n<meta property=\"og:type\" content=\"article\" \/>\n<meta property=\"og:title\" content=\"Observer par tous les temps - Bl\u00e4uer - Conservation - Science\" \/>\n<meta property=\"og:description\" content=\"Observer par tous les temps \u00a0 \u00a0 L\u2019observation des fa\u00e7ades par tous les temps r\u00e9v\u00e8le des ph\u00e9nom\u00e8nes \u00e9tonnants. &nbsp;\" \/>\n<meta property=\"og:url\" content=\"https:\/\/conservation-science.ch\/?page_id=29848\" \/>\n<meta property=\"og:site_name\" content=\"Bl\u00e4uer - Conservation - Science\" \/>\n<meta property=\"article:modified_time\" content=\"2018-06-28T17:42:56+00:00\" \/>\n<meta property=\"og:image\" content=\"https:\/\/csc-sarl.ch\/wp-content\/uploads\/2018\/06\/1_truc_et_astuc.jpg\" \/>\n<meta name=\"twitter:card\" content=\"summary_large_image\" \/>\n<script type=\"application\/ld+json\" class=\"yoast-schema-graph\">{\"@context\":\"https:\/\/schema.org\",\"@graph\":[{\"@type\":\"WebPage\",\"@id\":\"https:\/\/conservation-science.ch\/?page_id=29848\",\"url\":\"https:\/\/conservation-science.ch\/?page_id=29848\",\"name\":\"Observer par tous les temps - Bl\u00e4uer - Conservation - Science\",\"isPartOf\":{\"@id\":\"https:\/\/conservation-science.ch\/#website\"},\"primaryImageOfPage\":{\"@id\":\"https:\/\/conservation-science.ch\/?page_id=29848#primaryimage\"},\"image\":{\"@id\":\"https:\/\/conservation-science.ch\/?page_id=29848#primaryimage\"},\"thumbnailUrl\":\"https:\/\/csc-sarl.ch\/wp-content\/uploads\/2018\/06\/1_truc_et_astuc.jpg\",\"datePublished\":\"2018-06-14T06:43:04+00:00\",\"dateModified\":\"2018-06-28T17:42:56+00:00\",\"breadcrumb\":{\"@id\":\"https:\/\/conservation-science.ch\/?page_id=29848#breadcrumb\"},\"inLanguage\":\"fr-FR\",\"potentialAction\":[{\"@type\":\"ReadAction\",\"target\":[\"https:\/\/conservation-science.ch\/?page_id=29848\"]}]},{\"@type\":\"ImageObject\",\"inLanguage\":\"fr-FR\",\"@id\":\"https:\/\/conservation-science.ch\/?page_id=29848#primaryimage\",\"url\":\"https:\/\/csc-sarl.ch\/wp-content\/uploads\/2018\/06\/1_truc_et_astuc.jpg\",\"contentUrl\":\"https:\/\/csc-sarl.ch\/wp-content\/uploads\/2018\/06\/1_truc_et_astuc.jpg\"},{\"@type\":\"BreadcrumbList\",\"@id\":\"https:\/\/conservation-science.ch\/?page_id=29848#breadcrumb\",\"itemListElement\":[{\"@type\":\"ListItem\",\"position\":1,\"name\":\"Accueil\",\"item\":\"https:\/\/conservation-science.ch\/\"},{\"@type\":\"ListItem\",\"position\":2,\"name\":\"Accueil\",\"item\":\"https:\/\/conservation-science.ch\/\"},{\"@type\":\"ListItem\",\"position\":3,\"name\":\"Nos astuces\",\"item\":\"https:\/\/conservation-science.ch\/?page_id=29899\"},{\"@type\":\"ListItem\",\"position\":4,\"name\":\"Nos astuces archiv\u00e9es\",\"item\":\"https:\/\/conservation-science.ch\/?page_id=29891\"},{\"@type\":\"ListItem\",\"position\":5,\"name\":\"Observer par tous les temps\"}]},{\"@type\":\"WebSite\",\"@id\":\"https:\/\/conservation-science.ch\/#website\",\"url\":\"https:\/\/conservation-science.ch\/\",\"name\":\"CSC - Conservation - Sciences\",\"description\":\"Transmission de connaissances dans le domaine des sciences de la conservation du patrimoine b\u00e2ti\",\"potentialAction\":[{\"@type\":\"SearchAction\",\"target\":{\"@type\":\"EntryPoint\",\"urlTemplate\":\"https:\/\/conservation-science.ch\/?s={search_term_string}\"},\"query-input\":{\"@type\":\"PropertyValueSpecification\",\"valueRequired\":true,\"valueName\":\"search_term_string\"}}],\"inLanguage\":\"fr-FR\"}]}<\/script>\n<!-- \/ Yoast SEO plugin. -->","yoast_head_json":{"title":"Observer par tous les temps - Bl\u00e4uer - Conservation - Science","robots":{"index":"index","follow":"follow","max-snippet":"max-snippet:-1","max-image-preview":"max-image-preview:large","max-video-preview":"max-video-preview:-1"},"canonical":"https:\/\/conservation-science.ch\/?page_id=29848","og_locale":"fr_FR","og_type":"article","og_title":"Observer par tous les temps - Bl\u00e4uer - Conservation - Science","og_description":"Observer par tous les temps \u00a0 \u00a0 L\u2019observation des fa\u00e7ades par tous les temps r\u00e9v\u00e8le des ph\u00e9nom\u00e8nes \u00e9tonnants. &nbsp;","og_url":"https:\/\/conservation-science.ch\/?page_id=29848","og_site_name":"Bl\u00e4uer - Conservation - Science","article_modified_time":"2018-06-28T17:42:56+00:00","og_image":[{"url":"https:\/\/csc-sarl.ch\/wp-content\/uploads\/2018\/06\/1_truc_et_astuc.jpg","type":"","width":"","height":""}],"twitter_card":"summary_large_image","schema":{"@context":"https:\/\/schema.org","@graph":[{"@type":"WebPage","@id":"https:\/\/conservation-science.ch\/?page_id=29848","url":"https:\/\/conservation-science.ch\/?page_id=29848","name":"Observer par tous les temps - Bl\u00e4uer - Conservation - Science","isPartOf":{"@id":"https:\/\/conservation-science.ch\/#website"},"primaryImageOfPage":{"@id":"https:\/\/conservation-science.ch\/?page_id=29848#primaryimage"},"image":{"@id":"https:\/\/conservation-science.ch\/?page_id=29848#primaryimage"},"thumbnailUrl":"https:\/\/csc-sarl.ch\/wp-content\/uploads\/2018\/06\/1_truc_et_astuc.jpg","datePublished":"2018-06-14T06:43:04+00:00","dateModified":"2018-06-28T17:42:56+00:00","breadcrumb":{"@id":"https:\/\/conservation-science.ch\/?page_id=29848#breadcrumb"},"inLanguage":"fr-FR","potentialAction":[{"@type":"ReadAction","target":["https:\/\/conservation-science.ch\/?page_id=29848"]}]},{"@type":"ImageObject","inLanguage":"fr-FR","@id":"https:\/\/conservation-science.ch\/?page_id=29848#primaryimage","url":"https:\/\/csc-sarl.ch\/wp-content\/uploads\/2018\/06\/1_truc_et_astuc.jpg","contentUrl":"https:\/\/csc-sarl.ch\/wp-content\/uploads\/2018\/06\/1_truc_et_astuc.jpg"},{"@type":"BreadcrumbList","@id":"https:\/\/conservation-science.ch\/?page_id=29848#breadcrumb","itemListElement":[{"@type":"ListItem","position":1,"name":"Accueil","item":"https:\/\/conservation-science.ch\/"},{"@type":"ListItem","position":2,"name":"Accueil","item":"https:\/\/conservation-science.ch\/"},{"@type":"ListItem","position":3,"name":"Nos astuces","item":"https:\/\/conservation-science.ch\/?page_id=29899"},{"@type":"ListItem","position":4,"name":"Nos astuces archiv\u00e9es","item":"https:\/\/conservation-science.ch\/?page_id=29891"},{"@type":"ListItem","position":5,"name":"Observer par tous les temps"}]},{"@type":"WebSite","@id":"https:\/\/conservation-science.ch\/#website","url":"https:\/\/conservation-science.ch\/","name":"CSC - Conservation - Sciences","description":"Transmission de connaissances dans le domaine des sciences de la conservation du patrimoine b\u00e2ti","potentialAction":[{"@type":"SearchAction","target":{"@type":"EntryPoint","urlTemplate":"https:\/\/conservation-science.ch\/?s={search_term_string}"},"query-input":{"@type":"PropertyValueSpecification","valueRequired":true,"valueName":"search_term_string"}}],"inLanguage":"fr-FR"}]}},"_links":{"self":[{"href":"https:\/\/conservation-science.ch\/index.php?rest_route=\/wp\/v2\/pages\/29848","targetHints":{"allow":["GET"]}}],"collection":[{"href":"https:\/\/conservation-science.ch\/index.php?rest_route=\/wp\/v2\/pages"}],"about":[{"href":"https:\/\/conservation-science.ch\/index.php?rest_route=\/wp\/v2\/types\/page"}],"author":[{"embeddable":true,"href":"https:\/\/conservation-science.ch\/index.php?rest_route=\/wp\/v2\/users\/1"}],"replies":[{"embeddable":true,"href":"https:\/\/conservation-science.ch\/index.php?rest_route=%2Fwp%2Fv2%2Fcomments&post=29848"}],"version-history":[{"count":1,"href":"https:\/\/conservation-science.ch\/index.php?rest_route=\/wp\/v2\/pages\/29848\/revisions"}],"predecessor-version":[{"id":37351,"href":"https:\/\/conservation-science.ch\/index.php?rest_route=\/wp\/v2\/pages\/29848\/revisions\/37351"}],"up":[{"embeddable":true,"href":"https:\/\/conservation-science.ch\/index.php?rest_route=\/wp\/v2\/pages\/29891"}],"wp:attachment":[{"href":"https:\/\/conservation-science.ch\/index.php?rest_route=%2Fwp%2Fv2%2Fmedia&parent=29848"}],"curies":[{"name":"wp","href":"https:\/\/api.w.org\/{rel}","templated":true}]}}