{"id":29735,"date":"2018-06-13T16:57:59","date_gmt":"2018-06-13T14:57:59","guid":{"rendered":"https:\/\/objectif-lune.ch\/?page_id=29735"},"modified":"2024-11-16T21:23:29","modified_gmt":"2024-11-16T20:23:29","slug":"suivi-des-consolidations","status":"publish","type":"page","link":"https:\/\/conservation-science.ch\/?page_id=29735","title":{"rendered":"Suivi des consolidations"},"content":{"rendered":"<p style=\"text-align: justify;\"><strong>En 2007-2009\u00a0<\/strong>Nous avons travaill\u00e9 sur un projet de recherche et d\u00e9veloppement sur le th\u00e8me du\u00a0<span style=\"color: #996600;\"><strong>contr\u00f4le et du suivi des traitements de consolidation<\/strong>\u00a0<\/span>pour les cath\u00e9drales de B\u00e2le, Berne, Fribourg et Lausanne. Nous avons propos\u00e9 \u00e0 ces quatre institutions, toutes concern\u00e9es par le probl\u00e8me de consolidation de divers gr\u00e8s, de d\u00e9velopper une m\u00e9thode de mesure in situ simple permettant d&rsquo;ajuster les consolidations \u00e0 chaque cas particulier et d&rsquo;en suivre les effets au cours du temps. Sur la base d&rsquo;une \u00e9tude bibliographique, nous avons s\u00e9lectionn\u00e9 pour cela un appareil cens\u00e9 d\u00e9tecter l&rsquo;humidit\u00e9 dans les murs en \u00e9mettant et recevant en retour des micro-ondes : le MOIST 200B de hf sensor. Les r\u00e9sultats de cette technique de mesure se sont malheureusement r\u00e9v\u00e9l\u00e9s beaucoup trop al\u00e9atoires pour r\u00e9pondre \u00e0 nos besoins.<br \/>\n<strong>Nous remercions chaleureusement les responsables des cath\u00e9drales de\u00a0<a href=\"https:\/\/www.baslermuenster.ch\/bauwerk\/baugeschichte\" target=\"_blank\" rel=\"noopener\">B\u00e2le<\/a>,\u00a0<a href=\"http:\/\/www.bernermuensterstiftung.ch\/\" target=\"_blank\" rel=\"noopener\">Berne<\/a>,\u00a0<\/strong><strong>Fribourg et\u00a0<a href=\"http:\/\/www.patrimoine.vd.ch\/cathedrale-de-lausanne\/accueil\/\" target=\"_blank\" rel=\"noopener\">Lausanne<\/a>\u00a0<\/strong>pour nous avoir soutenus au cours de ce projet et pour accepter que le rapport complet de cette \u00e9tude soit\u00a0<a href=\"\/wp-content\/uploads\/2018\/06\/r0014_01f_bs_be_fr_vd_4kt.pdf\">librement accessible ici<\/a>.<\/p>\n<p><strong>Q<\/strong>uelques images de ce projet :<\/p>\n<table style=\"border-collapse: collapse; width: 100%;\" border=\"1\">\n<tbody>\n<tr>\n<td style=\"width: 33.3333%;\"><a href=\"\/wp-content\/uploads\/2018\/06\/4kt_echbeavant_grand.jpg\"><img loading=\"lazy\" decoding=\"async\" class=\"alignnone size-full wp-image-29736\" src=\"https:\/\/csc-sarl.ch\/wp-content\/uploads\/2018\/06\/4kt_echbeavant_petit.jpg\" alt=\"\" width=\"243\" height=\"142\" \/><\/a><\/td>\n<td style=\"width: 33.3333%;\"><a href=\"\/wp-content\/uploads\/2018\/06\/4kt_moistechsecs_grand.jpg\"><img loading=\"lazy\" decoding=\"async\" class=\"alignnone size-full wp-image-29737\" src=\"https:\/\/csc-sarl.ch\/wp-content\/uploads\/2018\/06\/4kt_moistechsecs_petit.jpg\" alt=\"\" width=\"214\" height=\"142\" \/><\/a><\/td>\n<td style=\"width: 33.3333%;\"><a href=\"http:\/\/h\/wp-content\/uploads\/2018\/06\/4kt_consolidation_grand.jpg\"><img loading=\"lazy\" decoding=\"async\" class=\"alignnone size-full wp-image-29738\" src=\"https:\/\/csc-sarl.ch\/wp-content\/uploads\/2018\/06\/4kt_consolidation_petit.jpg\" alt=\"\" width=\"120\" height=\"142\" \/><\/a><\/td>\n<\/tr>\n<tr>\n<td style=\"width: 33.3333%;\"><a href=\"\/wp-content\/uploads\/2018\/06\/4kt_pdtimbibition_grand.jpg\"><img loading=\"lazy\" decoding=\"async\" class=\"alignnone size-full wp-image-29739\" src=\"https:\/\/csc-sarl.ch\/wp-content\/uploads\/2018\/06\/4kt_pdtimbibition_petit.jpg\" alt=\"\" width=\"191\" height=\"142\" \/><\/a><\/td>\n<td style=\"width: 33.3333%;\"><img loading=\"lazy\" decoding=\"async\" class=\"size-full wp-image-29740 alignnone\" src=\"https:\/\/csc-sarl.ch\/wp-content\/uploads\/2018\/06\/4ktmoistpdtconsolidation_petit.jpg\" alt=\"\" width=\"195\" height=\"142\" \/><\/td>\n<td style=\"width: 33.3333%;\"><a href=\"\/wp-content\/uploads\/2018\/06\/4ktechbsmaapr_s_grand.jpg\"><img loading=\"lazy\" decoding=\"async\" class=\"alignnone size-full wp-image-29741\" src=\"https:\/\/csc-sarl.ch\/wp-content\/uploads\/2018\/06\/4ktechbsmaapr_s_petit.jpg\" alt=\"\" width=\"264\" height=\"135\" \/><\/a><\/td>\n<\/tr>\n<tr>\n<td style=\"width: 33.3333%;\"><a href=\"\/wp-content\/uploads\/2018\/06\/4kt_echbeapr_s_grand.jpg\"><img loading=\"lazy\" decoding=\"async\" class=\"alignnone size-full wp-image-29742\" src=\"https:\/\/csc-sarl.ch\/wp-content\/uploads\/2018\/06\/4kt_echbeapr_s_petit.jpg\" alt=\"\" width=\"249\" height=\"135\" \/><\/a><\/td>\n<td style=\"width: 33.3333%;\"><a href=\"\/wp-content\/uploads\/2018\/06\/4kt_echvdapr_s_grand.jpg\"><img loading=\"lazy\" decoding=\"async\" class=\"alignnone size-full wp-image-29743\" src=\"https:\/\/csc-sarl.ch\/wp-content\/uploads\/2018\/06\/4kt_echvdapr_s_petit.jpg\" alt=\"\" width=\"226\" height=\"135\" \/><\/a><\/td>\n<td style=\"width: 33.3333%;\"><a href=\"\/wp-content\/uploads\/2018\/06\/4kt_echfrapr_s_grand.jpg\"><img loading=\"lazy\" decoding=\"async\" class=\"alignnone size-full wp-image-29744\" src=\"https:\/\/csc-sarl.ch\/wp-content\/uploads\/2018\/06\/4kt_echfrapr_s_petit.jpg\" alt=\"\" width=\"249\" height=\"135\" \/><\/a><\/td>\n<\/tr>\n<\/tbody>\n<\/table>\n<p>&nbsp;<\/p>\n","protected":false},"excerpt":{"rendered":"<p>En 2007-2009\u00a0Nous avons travaill\u00e9 sur un projet de recherche et d\u00e9veloppement sur le th\u00e8me du\u00a0contr\u00f4le et du suivi des traitements de consolidation\u00a0pour les cath\u00e9drales de B\u00e2le, Berne, Fribourg et Lausanne. Nous avons propos\u00e9 \u00e0 ces quatre institutions, toutes concern\u00e9es par le probl\u00e8me de consolidation de divers gr\u00e8s, de d\u00e9velopper une m\u00e9thode de mesure in situ &hellip; <a href=\"https:\/\/conservation-science.ch\/?page_id=29735\" class=\"more-link\">Continuer la lecture de <span class=\"screen-reader-text\">Suivi des consolidations<\/span><\/a><\/p>\n","protected":false},"author":1,"featured_media":0,"parent":29042,"menu_order":1,"comment_status":"closed","ping_status":"closed","template":"","meta":{"footnotes":""},"class_list":["post-29735","page","type-page","status-publish","hentry"],"yoast_head":"<!-- This site is optimized with the Yoast SEO plugin v27.2 - https:\/\/yoast.com\/product\/yoast-seo-wordpress\/ -->\n<title>Suivi des consolidations - Bl\u00e4uer - Conservation - Science<\/title>\n<meta name=\"robots\" content=\"index, follow, max-snippet:-1, max-image-preview:large, max-video-preview:-1\" \/>\n<link rel=\"canonical\" href=\"https:\/\/conservation-science.ch\/?page_id=29735\" \/>\n<meta property=\"og:locale\" content=\"fr_FR\" \/>\n<meta property=\"og:type\" content=\"article\" \/>\n<meta property=\"og:title\" content=\"Suivi des consolidations - Bl\u00e4uer - Conservation - Science\" \/>\n<meta property=\"og:description\" content=\"En 2007-2009\u00a0Nous avons travaill\u00e9 sur un projet de recherche et d\u00e9veloppement sur le th\u00e8me du\u00a0contr\u00f4le et du suivi des traitements de consolidation\u00a0pour les cath\u00e9drales de B\u00e2le, Berne, Fribourg et Lausanne. Nous avons propos\u00e9 \u00e0 ces quatre institutions, toutes concern\u00e9es par le probl\u00e8me de consolidation de divers gr\u00e8s, de d\u00e9velopper une m\u00e9thode de mesure in situ &hellip; Continuer la lecture de Suivi des consolidations\" \/>\n<meta property=\"og:url\" content=\"https:\/\/conservation-science.ch\/?page_id=29735\" \/>\n<meta property=\"og:site_name\" content=\"Bl\u00e4uer - Conservation - Science\" \/>\n<meta property=\"article:modified_time\" content=\"2024-11-16T20:23:29+00:00\" \/>\n<meta property=\"og:image\" content=\"https:\/\/csc-sarl.ch\/wp-content\/uploads\/2018\/06\/4kt_echbeavant_petit.jpg\" \/>\n<meta name=\"twitter:card\" content=\"summary_large_image\" \/>\n<meta name=\"twitter:label1\" content=\"Dur\u00e9e de lecture estim\u00e9e\" \/>\n\t<meta name=\"twitter:data1\" content=\"3 minutes\" \/>\n<script type=\"application\/ld+json\" class=\"yoast-schema-graph\">{\"@context\":\"https:\/\/schema.org\",\"@graph\":[{\"@type\":\"WebPage\",\"@id\":\"https:\/\/conservation-science.ch\/?page_id=29735\",\"url\":\"https:\/\/conservation-science.ch\/?page_id=29735\",\"name\":\"Suivi des consolidations - Bl\u00e4uer - Conservation - Science\",\"isPartOf\":{\"@id\":\"https:\/\/conservation-science.ch\/#website\"},\"primaryImageOfPage\":{\"@id\":\"https:\/\/conservation-science.ch\/?page_id=29735#primaryimage\"},\"image\":{\"@id\":\"https:\/\/conservation-science.ch\/?page_id=29735#primaryimage\"},\"thumbnailUrl\":\"https:\/\/csc-sarl.ch\/wp-content\/uploads\/2018\/06\/4kt_echbeavant_petit.jpg\",\"datePublished\":\"2018-06-13T14:57:59+00:00\",\"dateModified\":\"2024-11-16T20:23:29+00:00\",\"breadcrumb\":{\"@id\":\"https:\/\/conservation-science.ch\/?page_id=29735#breadcrumb\"},\"inLanguage\":\"fr-FR\",\"potentialAction\":[{\"@type\":\"ReadAction\",\"target\":[\"https:\/\/conservation-science.ch\/?page_id=29735\"]}]},{\"@type\":\"ImageObject\",\"inLanguage\":\"fr-FR\",\"@id\":\"https:\/\/conservation-science.ch\/?page_id=29735#primaryimage\",\"url\":\"https:\/\/csc-sarl.ch\/wp-content\/uploads\/2018\/06\/4kt_echbeavant_petit.jpg\",\"contentUrl\":\"https:\/\/csc-sarl.ch\/wp-content\/uploads\/2018\/06\/4kt_echbeavant_petit.jpg\"},{\"@type\":\"BreadcrumbList\",\"@id\":\"https:\/\/conservation-science.ch\/?page_id=29735#breadcrumb\",\"itemListElement\":[{\"@type\":\"ListItem\",\"position\":1,\"name\":\"Accueil\",\"item\":\"https:\/\/conservation-science.ch\/\"},{\"@type\":\"ListItem\",\"position\":2,\"name\":\"Activit\u00e9s\",\"item\":\"https:\/\/conservation-science.ch\/?page_id=28902\"},{\"@type\":\"ListItem\",\"position\":3,\"name\":\"Recherche appliqu\u00e9e\",\"item\":\"https:\/\/conservation-science.ch\/?page_id=29042\"},{\"@type\":\"ListItem\",\"position\":4,\"name\":\"Suivi des consolidations\"}]},{\"@type\":\"WebSite\",\"@id\":\"https:\/\/conservation-science.ch\/#website\",\"url\":\"https:\/\/conservation-science.ch\/\",\"name\":\"CSC - Conservation - Sciences\",\"description\":\"Transmission de connaissances dans le domaine des sciences de la conservation du patrimoine b\u00e2ti\",\"potentialAction\":[{\"@type\":\"SearchAction\",\"target\":{\"@type\":\"EntryPoint\",\"urlTemplate\":\"https:\/\/conservation-science.ch\/?s={search_term_string}\"},\"query-input\":{\"@type\":\"PropertyValueSpecification\",\"valueRequired\":true,\"valueName\":\"search_term_string\"}}],\"inLanguage\":\"fr-FR\"}]}<\/script>\n<!-- \/ Yoast SEO plugin. -->","yoast_head_json":{"title":"Suivi des consolidations - Bl\u00e4uer - Conservation - Science","robots":{"index":"index","follow":"follow","max-snippet":"max-snippet:-1","max-image-preview":"max-image-preview:large","max-video-preview":"max-video-preview:-1"},"canonical":"https:\/\/conservation-science.ch\/?page_id=29735","og_locale":"fr_FR","og_type":"article","og_title":"Suivi des consolidations - Bl\u00e4uer - Conservation - Science","og_description":"En 2007-2009\u00a0Nous avons travaill\u00e9 sur un projet de recherche et d\u00e9veloppement sur le th\u00e8me du\u00a0contr\u00f4le et du suivi des traitements de consolidation\u00a0pour les cath\u00e9drales de B\u00e2le, Berne, Fribourg et Lausanne. Nous avons propos\u00e9 \u00e0 ces quatre institutions, toutes concern\u00e9es par le probl\u00e8me de consolidation de divers gr\u00e8s, de d\u00e9velopper une m\u00e9thode de mesure in situ &hellip; Continuer la lecture de Suivi des consolidations","og_url":"https:\/\/conservation-science.ch\/?page_id=29735","og_site_name":"Bl\u00e4uer - Conservation - Science","article_modified_time":"2024-11-16T20:23:29+00:00","og_image":[{"url":"https:\/\/csc-sarl.ch\/wp-content\/uploads\/2018\/06\/4kt_echbeavant_petit.jpg","type":"","width":"","height":""}],"twitter_card":"summary_large_image","twitter_misc":{"Dur\u00e9e de lecture estim\u00e9e":"3 minutes"},"schema":{"@context":"https:\/\/schema.org","@graph":[{"@type":"WebPage","@id":"https:\/\/conservation-science.ch\/?page_id=29735","url":"https:\/\/conservation-science.ch\/?page_id=29735","name":"Suivi des consolidations - Bl\u00e4uer - Conservation - Science","isPartOf":{"@id":"https:\/\/conservation-science.ch\/#website"},"primaryImageOfPage":{"@id":"https:\/\/conservation-science.ch\/?page_id=29735#primaryimage"},"image":{"@id":"https:\/\/conservation-science.ch\/?page_id=29735#primaryimage"},"thumbnailUrl":"https:\/\/csc-sarl.ch\/wp-content\/uploads\/2018\/06\/4kt_echbeavant_petit.jpg","datePublished":"2018-06-13T14:57:59+00:00","dateModified":"2024-11-16T20:23:29+00:00","breadcrumb":{"@id":"https:\/\/conservation-science.ch\/?page_id=29735#breadcrumb"},"inLanguage":"fr-FR","potentialAction":[{"@type":"ReadAction","target":["https:\/\/conservation-science.ch\/?page_id=29735"]}]},{"@type":"ImageObject","inLanguage":"fr-FR","@id":"https:\/\/conservation-science.ch\/?page_id=29735#primaryimage","url":"https:\/\/csc-sarl.ch\/wp-content\/uploads\/2018\/06\/4kt_echbeavant_petit.jpg","contentUrl":"https:\/\/csc-sarl.ch\/wp-content\/uploads\/2018\/06\/4kt_echbeavant_petit.jpg"},{"@type":"BreadcrumbList","@id":"https:\/\/conservation-science.ch\/?page_id=29735#breadcrumb","itemListElement":[{"@type":"ListItem","position":1,"name":"Accueil","item":"https:\/\/conservation-science.ch\/"},{"@type":"ListItem","position":2,"name":"Activit\u00e9s","item":"https:\/\/conservation-science.ch\/?page_id=28902"},{"@type":"ListItem","position":3,"name":"Recherche appliqu\u00e9e","item":"https:\/\/conservation-science.ch\/?page_id=29042"},{"@type":"ListItem","position":4,"name":"Suivi des consolidations"}]},{"@type":"WebSite","@id":"https:\/\/conservation-science.ch\/#website","url":"https:\/\/conservation-science.ch\/","name":"CSC - Conservation - Sciences","description":"Transmission de connaissances dans le domaine des sciences de la conservation du patrimoine b\u00e2ti","potentialAction":[{"@type":"SearchAction","target":{"@type":"EntryPoint","urlTemplate":"https:\/\/conservation-science.ch\/?s={search_term_string}"},"query-input":{"@type":"PropertyValueSpecification","valueRequired":true,"valueName":"search_term_string"}}],"inLanguage":"fr-FR"}]}},"_links":{"self":[{"href":"https:\/\/conservation-science.ch\/index.php?rest_route=\/wp\/v2\/pages\/29735","targetHints":{"allow":["GET"]}}],"collection":[{"href":"https:\/\/conservation-science.ch\/index.php?rest_route=\/wp\/v2\/pages"}],"about":[{"href":"https:\/\/conservation-science.ch\/index.php?rest_route=\/wp\/v2\/types\/page"}],"author":[{"embeddable":true,"href":"https:\/\/conservation-science.ch\/index.php?rest_route=\/wp\/v2\/users\/1"}],"replies":[{"embeddable":true,"href":"https:\/\/conservation-science.ch\/index.php?rest_route=%2Fwp%2Fv2%2Fcomments&post=29735"}],"version-history":[{"count":7,"href":"https:\/\/conservation-science.ch\/index.php?rest_route=\/wp\/v2\/pages\/29735\/revisions"}],"predecessor-version":[{"id":40487,"href":"https:\/\/conservation-science.ch\/index.php?rest_route=\/wp\/v2\/pages\/29735\/revisions\/40487"}],"up":[{"embeddable":true,"href":"https:\/\/conservation-science.ch\/index.php?rest_route=\/wp\/v2\/pages\/29042"}],"wp:attachment":[{"href":"https:\/\/conservation-science.ch\/index.php?rest_route=%2Fwp%2Fv2%2Fmedia&parent=29735"}],"curies":[{"name":"wp","href":"https:\/\/api.w.org\/{rel}","templated":true}]}}