{"id":29726,"date":"2018-06-13T16:45:42","date_gmt":"2018-06-13T14:45:42","guid":{"rendered":"https:\/\/objectif-lune.ch\/?page_id=29726"},"modified":"2018-06-29T13:31:00","modified_gmt":"2018-06-29T11:31:00","slug":"petrophysique-des-materiaux-de-construction","status":"publish","type":"page","link":"https:\/\/conservation-science.ch\/?page_id=29726","title":{"rendered":"P\u00e9trophysique des mat\u00e9riaux de construction"},"content":{"rendered":"<p>Enseignants : Dr. Bl\u00e4uer Christine, Dr. Rousset B\u00e9n\u00e9dicte<br \/>\ncours-bloc en arch\u00e9om\u00e9trie : 26-27 April 2007.<br \/>\nPublic cible : \u00e9tudiants avanc\u00e9s ou toute personne int\u00e9ress\u00e9e<br \/>\nLangue : anglais\/fran\u00e7ais<\/p>\n<p style=\"text-align: justify;\"><strong>P\u00e9trophysique des mat\u00e9riaux de construction &#8211; R\u00e9sum\u00e9<\/strong><br \/>\nLes propri\u00e9t\u00e9s p\u00e9trophysiques des mat\u00e9riaux de construction poreux conditionnent leurs possibilit\u00e9s d&rsquo;\u00e9changes d&rsquo;eau liquide et vapeur avec leur environnement. Ainsi, outre les conditions d&rsquo;exposition qui sont primordiales, les propri\u00e9t\u00e9s p\u00e9trophysiques jouent un r\u00f4le tr\u00e8s important pour la durabilit\u00e9 des mat\u00e9riaux de construction, les formes d&rsquo;alt\u00e9ration qui peuvent les affecter et aussi pour l&rsquo;efficacit\u00e9 des produits ou des m\u00e9thodes de traitement qui peuvent leur \u00eatre appliqu\u00e9s.<br \/>\nApr\u00e8s des rappels th\u00e9oriques, nous proposons pendant ce cours de faire prendre conscience des implications et de l&rsquo;application de la p\u00e9trophysique dans le domaine de la conservation des mat\u00e9riaux de construction poreux, par le biais de manipulations en salle suivies d&rsquo;une observation de cas concrets<em>\u00a0in situ<\/em>\u00a0en ville de Fribourg.<\/p>\n","protected":false},"excerpt":{"rendered":"<p>Enseignants : Dr. Bl\u00e4uer Christine, Dr. Rousset B\u00e9n\u00e9dicte cours-bloc en arch\u00e9om\u00e9trie : 26-27 April 2007. Public cible : \u00e9tudiants avanc\u00e9s ou toute personne int\u00e9ress\u00e9e Langue : anglais\/fran\u00e7ais P\u00e9trophysique des mat\u00e9riaux de construction &#8211; R\u00e9sum\u00e9 Les propri\u00e9t\u00e9s p\u00e9trophysiques des mat\u00e9riaux de construction poreux conditionnent leurs possibilit\u00e9s d&rsquo;\u00e9changes d&rsquo;eau liquide et vapeur avec leur environnement. Ainsi, outre &hellip; <a href=\"https:\/\/conservation-science.ch\/?page_id=29726\" class=\"more-link\">Continuer la lecture de <span class=\"screen-reader-text\">P\u00e9trophysique des mat\u00e9riaux de construction<\/span><\/a><\/p>\n","protected":false},"author":1,"featured_media":0,"parent":28925,"menu_order":3,"comment_status":"closed","ping_status":"closed","template":"","meta":{"footnotes":""},"class_list":["post-29726","page","type-page","status-publish","hentry"],"yoast_head":"<!-- This site is optimized with the Yoast SEO plugin v27.2 - https:\/\/yoast.com\/product\/yoast-seo-wordpress\/ -->\n<title>P\u00e9trophysique des mat\u00e9riaux de construction - Bl\u00e4uer - Conservation - Science<\/title>\n<meta name=\"robots\" content=\"index, follow, max-snippet:-1, max-image-preview:large, max-video-preview:-1\" \/>\n<link rel=\"canonical\" href=\"https:\/\/conservation-science.ch\/?page_id=29726\" \/>\n<meta property=\"og:locale\" content=\"fr_FR\" \/>\n<meta property=\"og:type\" content=\"article\" \/>\n<meta property=\"og:title\" content=\"P\u00e9trophysique des mat\u00e9riaux de construction - Bl\u00e4uer - Conservation - Science\" \/>\n<meta property=\"og:description\" content=\"Enseignants : Dr. Bl\u00e4uer Christine, Dr. Rousset B\u00e9n\u00e9dicte cours-bloc en arch\u00e9om\u00e9trie : 26-27 April 2007. Public cible : \u00e9tudiants avanc\u00e9s ou toute personne int\u00e9ress\u00e9e Langue : anglais\/fran\u00e7ais P\u00e9trophysique des mat\u00e9riaux de construction &#8211; R\u00e9sum\u00e9 Les propri\u00e9t\u00e9s p\u00e9trophysiques des mat\u00e9riaux de construction poreux conditionnent leurs possibilit\u00e9s d&rsquo;\u00e9changes d&rsquo;eau liquide et vapeur avec leur environnement. Ainsi, outre &hellip; Continuer la lecture de P\u00e9trophysique des mat\u00e9riaux de construction\" \/>\n<meta property=\"og:url\" content=\"https:\/\/conservation-science.ch\/?page_id=29726\" \/>\n<meta property=\"og:site_name\" content=\"Bl\u00e4uer - Conservation - Science\" \/>\n<meta property=\"article:modified_time\" content=\"2018-06-29T11:31:00+00:00\" \/>\n<meta name=\"twitter:card\" content=\"summary_large_image\" \/>\n<meta name=\"twitter:label1\" content=\"Dur\u00e9e de lecture estim\u00e9e\" \/>\n\t<meta name=\"twitter:data1\" content=\"1 minute\" \/>\n<script type=\"application\/ld+json\" class=\"yoast-schema-graph\">{\"@context\":\"https:\/\/schema.org\",\"@graph\":[{\"@type\":\"WebPage\",\"@id\":\"https:\/\/conservation-science.ch\/?page_id=29726\",\"url\":\"https:\/\/conservation-science.ch\/?page_id=29726\",\"name\":\"P\u00e9trophysique des mat\u00e9riaux de construction - Bl\u00e4uer - Conservation - Science\",\"isPartOf\":{\"@id\":\"https:\/\/conservation-science.ch\/#website\"},\"datePublished\":\"2018-06-13T14:45:42+00:00\",\"dateModified\":\"2018-06-29T11:31:00+00:00\",\"breadcrumb\":{\"@id\":\"https:\/\/conservation-science.ch\/?page_id=29726#breadcrumb\"},\"inLanguage\":\"fr-FR\",\"potentialAction\":[{\"@type\":\"ReadAction\",\"target\":[\"https:\/\/conservation-science.ch\/?page_id=29726\"]}]},{\"@type\":\"BreadcrumbList\",\"@id\":\"https:\/\/conservation-science.ch\/?page_id=29726#breadcrumb\",\"itemListElement\":[{\"@type\":\"ListItem\",\"position\":1,\"name\":\"Accueil\",\"item\":\"https:\/\/conservation-science.ch\/\"},{\"@type\":\"ListItem\",\"position\":2,\"name\":\"Activit\u00e9s\",\"item\":\"https:\/\/conservation-science.ch\/?page_id=28902\"},{\"@type\":\"ListItem\",\"position\":3,\"name\":\"Enseignement et Formations\",\"item\":\"https:\/\/conservation-science.ch\/?page_id=28925\"},{\"@type\":\"ListItem\",\"position\":4,\"name\":\"P\u00e9trophysique des mat\u00e9riaux de construction\"}]},{\"@type\":\"WebSite\",\"@id\":\"https:\/\/conservation-science.ch\/#website\",\"url\":\"https:\/\/conservation-science.ch\/\",\"name\":\"CSC - Conservation - Sciences\",\"description\":\"Transmission de connaissances dans le domaine des sciences de la conservation du patrimoine b\u00e2ti\",\"potentialAction\":[{\"@type\":\"SearchAction\",\"target\":{\"@type\":\"EntryPoint\",\"urlTemplate\":\"https:\/\/conservation-science.ch\/?s={search_term_string}\"},\"query-input\":{\"@type\":\"PropertyValueSpecification\",\"valueRequired\":true,\"valueName\":\"search_term_string\"}}],\"inLanguage\":\"fr-FR\"}]}<\/script>\n<!-- \/ Yoast SEO plugin. -->","yoast_head_json":{"title":"P\u00e9trophysique des mat\u00e9riaux de construction - Bl\u00e4uer - Conservation - Science","robots":{"index":"index","follow":"follow","max-snippet":"max-snippet:-1","max-image-preview":"max-image-preview:large","max-video-preview":"max-video-preview:-1"},"canonical":"https:\/\/conservation-science.ch\/?page_id=29726","og_locale":"fr_FR","og_type":"article","og_title":"P\u00e9trophysique des mat\u00e9riaux de construction - Bl\u00e4uer - Conservation - Science","og_description":"Enseignants : Dr. Bl\u00e4uer Christine, Dr. Rousset B\u00e9n\u00e9dicte cours-bloc en arch\u00e9om\u00e9trie : 26-27 April 2007. Public cible : \u00e9tudiants avanc\u00e9s ou toute personne int\u00e9ress\u00e9e Langue : anglais\/fran\u00e7ais P\u00e9trophysique des mat\u00e9riaux de construction &#8211; R\u00e9sum\u00e9 Les propri\u00e9t\u00e9s p\u00e9trophysiques des mat\u00e9riaux de construction poreux conditionnent leurs possibilit\u00e9s d&rsquo;\u00e9changes d&rsquo;eau liquide et vapeur avec leur environnement. Ainsi, outre &hellip; Continuer la lecture de P\u00e9trophysique des mat\u00e9riaux de construction","og_url":"https:\/\/conservation-science.ch\/?page_id=29726","og_site_name":"Bl\u00e4uer - Conservation - Science","article_modified_time":"2018-06-29T11:31:00+00:00","twitter_card":"summary_large_image","twitter_misc":{"Dur\u00e9e de lecture estim\u00e9e":"1 minute"},"schema":{"@context":"https:\/\/schema.org","@graph":[{"@type":"WebPage","@id":"https:\/\/conservation-science.ch\/?page_id=29726","url":"https:\/\/conservation-science.ch\/?page_id=29726","name":"P\u00e9trophysique des mat\u00e9riaux de construction - Bl\u00e4uer - Conservation - Science","isPartOf":{"@id":"https:\/\/conservation-science.ch\/#website"},"datePublished":"2018-06-13T14:45:42+00:00","dateModified":"2018-06-29T11:31:00+00:00","breadcrumb":{"@id":"https:\/\/conservation-science.ch\/?page_id=29726#breadcrumb"},"inLanguage":"fr-FR","potentialAction":[{"@type":"ReadAction","target":["https:\/\/conservation-science.ch\/?page_id=29726"]}]},{"@type":"BreadcrumbList","@id":"https:\/\/conservation-science.ch\/?page_id=29726#breadcrumb","itemListElement":[{"@type":"ListItem","position":1,"name":"Accueil","item":"https:\/\/conservation-science.ch\/"},{"@type":"ListItem","position":2,"name":"Activit\u00e9s","item":"https:\/\/conservation-science.ch\/?page_id=28902"},{"@type":"ListItem","position":3,"name":"Enseignement et Formations","item":"https:\/\/conservation-science.ch\/?page_id=28925"},{"@type":"ListItem","position":4,"name":"P\u00e9trophysique des mat\u00e9riaux de construction"}]},{"@type":"WebSite","@id":"https:\/\/conservation-science.ch\/#website","url":"https:\/\/conservation-science.ch\/","name":"CSC - Conservation - Sciences","description":"Transmission de connaissances dans le domaine des sciences de la conservation du patrimoine b\u00e2ti","potentialAction":[{"@type":"SearchAction","target":{"@type":"EntryPoint","urlTemplate":"https:\/\/conservation-science.ch\/?s={search_term_string}"},"query-input":{"@type":"PropertyValueSpecification","valueRequired":true,"valueName":"search_term_string"}}],"inLanguage":"fr-FR"}]}},"_links":{"self":[{"href":"https:\/\/conservation-science.ch\/index.php?rest_route=\/wp\/v2\/pages\/29726","targetHints":{"allow":["GET"]}}],"collection":[{"href":"https:\/\/conservation-science.ch\/index.php?rest_route=\/wp\/v2\/pages"}],"about":[{"href":"https:\/\/conservation-science.ch\/index.php?rest_route=\/wp\/v2\/types\/page"}],"author":[{"embeddable":true,"href":"https:\/\/conservation-science.ch\/index.php?rest_route=\/wp\/v2\/users\/1"}],"replies":[{"embeddable":true,"href":"https:\/\/conservation-science.ch\/index.php?rest_route=%2Fwp%2Fv2%2Fcomments&post=29726"}],"version-history":[{"count":2,"href":"https:\/\/conservation-science.ch\/index.php?rest_route=\/wp\/v2\/pages\/29726\/revisions"}],"predecessor-version":[{"id":37901,"href":"https:\/\/conservation-science.ch\/index.php?rest_route=\/wp\/v2\/pages\/29726\/revisions\/37901"}],"up":[{"embeddable":true,"href":"https:\/\/conservation-science.ch\/index.php?rest_route=\/wp\/v2\/pages\/28925"}],"wp:attachment":[{"href":"https:\/\/conservation-science.ch\/index.php?rest_route=%2Fwp%2Fv2%2Fmedia&parent=29726"}],"curies":[{"name":"wp","href":"https:\/\/api.w.org\/{rel}","templated":true}]}}