{"id":29724,"date":"2018-06-13T16:44:49","date_gmt":"2018-06-13T14:44:49","guid":{"rendered":"https:\/\/objectif-lune.ch\/?page_id=29724"},"modified":"2024-11-16T20:41:40","modified_gmt":"2024-11-16T19:41:40","slug":"materiaux-et-conservation-du-patrimoine-bati","status":"publish","type":"page","link":"https:\/\/conservation-science.ch\/?page_id=29724","title":{"rendered":"Mat\u00e9riaux et conservation du patrimoine b\u00e2ti"},"content":{"rendered":"<p><strong>Mat\u00e9riaux pierreux et conservation du patrimoine b\u00e2ti \/ Stone materials and conservation of the built heritage<\/strong><\/p>\n<p>Enseignant : Dr. Rousset B\u00e9n\u00e9dicte<\/p>\n<p><strong>Contenu<\/strong><\/p>\n<ol>\n<li>INTRODUCTION A LA CONSERVATION DU PATRIMOINE B\u00c2TI : Historique du patrimoine b\u00e2ti en Suisse, historique et \u00e9thique de la conservation, exemples.<\/li>\n<li style=\"text-align: justify;\">LA PIERRE DANS LE PATRIMOINE B\u00c2TI : Min\u00e9ralogie, p\u00e9trographie, pratique de l&rsquo;identification des 3 familles de roches, param\u00e8tres physiques et m\u00e9caniques des pierres, mesure de ces param\u00e8tres. Cons\u00e9quences sur l&rsquo;utilisation et sur la d\u00e9gradation des pierres.<\/li>\n<li>MORTIERS historiques<\/li>\n<li>MAT\u00c9RIAUX ET M\u00c9THODES DE CONSERVATION<\/li>\n<li>\u00c9TUDES DE CAS : Visites de Lausanne, examen sur cas r\u00e9el.<\/li>\n<\/ol>\n<p>D\u00e9tails :<\/p>\n<ul>\n<li><a href=\"\/activites\/enseignement-et-formations\/materiaux-et-conservation-du-patrimoine-bati\/2016-2017-materiaux-pierreux\/\">2016-2017<\/a><\/li>\n<li><a href=\"\/activites\/enseignement-et-formations\/materiaux-et-conservation-du-patrimoine-bati\/2015-2016-materiaux-pierreux\/\">2015-2016<\/a><\/li>\n<li><a href=\"\/activites\/enseignement-et-formations\/materiaux-et-conservation-du-patrimoine-bati\/2014-2015-materiaux-pierreux\/\">2014-2015<\/a><\/li>\n<li><a href=\"\/activites\/enseignement-et-formations\/materiaux-et-conservation-du-patrimoine-bati\/2013-2014-materiaux-pierreux\/\">2013-2014<\/a><\/li>\n<li><a href=\"\/activites\/enseignement-et-formations\/materiaux-et-conservation-du-patrimoine-bati\/2012-2013-materiaux-pierreux\/\">2012-2013<\/a><\/li>\n<li><a href=\"\/activites\/enseignement-et-formations\/materiaux-et-conservation-du-patrimoine-bati\/2011-2012-materiaux-pierreux\/\">2011-2012<\/a><\/li>\n<\/ul>\n","protected":false},"excerpt":{"rendered":"<p>Mat\u00e9riaux pierreux et conservation du patrimoine b\u00e2ti \/ Stone materials and conservation of the built heritage Enseignant : Dr. Rousset B\u00e9n\u00e9dicte Contenu INTRODUCTION A LA CONSERVATION DU PATRIMOINE B\u00c2TI : Historique du patrimoine b\u00e2ti en Suisse, historique et \u00e9thique de la conservation, exemples. LA PIERRE DANS LE PATRIMOINE B\u00c2TI : Min\u00e9ralogie, p\u00e9trographie, pratique de l&rsquo;identification &hellip; <a href=\"https:\/\/conservation-science.ch\/?page_id=29724\" class=\"more-link\">Continuer la lecture de <span class=\"screen-reader-text\">Mat\u00e9riaux et conservation du patrimoine b\u00e2ti<\/span><\/a><\/p>\n","protected":false},"author":1,"featured_media":0,"parent":28925,"menu_order":1,"comment_status":"closed","ping_status":"closed","template":"","meta":{"footnotes":""},"class_list":["post-29724","page","type-page","status-publish","hentry"],"yoast_head":"<!-- This site is optimized with the Yoast SEO plugin v27.2 - https:\/\/yoast.com\/product\/yoast-seo-wordpress\/ -->\n<title>Mat\u00e9riaux et conservation du patrimoine b\u00e2ti - Bl\u00e4uer - Conservation - Science<\/title>\n<meta name=\"robots\" content=\"index, follow, max-snippet:-1, max-image-preview:large, max-video-preview:-1\" \/>\n<link rel=\"canonical\" href=\"https:\/\/conservation-science.ch\/?page_id=29724\" \/>\n<meta property=\"og:locale\" content=\"fr_FR\" \/>\n<meta property=\"og:type\" content=\"article\" \/>\n<meta property=\"og:title\" content=\"Mat\u00e9riaux et conservation du patrimoine b\u00e2ti - Bl\u00e4uer - Conservation - Science\" \/>\n<meta property=\"og:description\" content=\"Mat\u00e9riaux pierreux et conservation du patrimoine b\u00e2ti \/ Stone materials and conservation of the built heritage Enseignant : Dr. Rousset B\u00e9n\u00e9dicte Contenu INTRODUCTION A LA CONSERVATION DU PATRIMOINE B\u00c2TI : Historique du patrimoine b\u00e2ti en Suisse, historique et \u00e9thique de la conservation, exemples. LA PIERRE DANS LE PATRIMOINE B\u00c2TI : Min\u00e9ralogie, p\u00e9trographie, pratique de l&rsquo;identification &hellip; Continuer la lecture de Mat\u00e9riaux et conservation du patrimoine b\u00e2ti\" \/>\n<meta property=\"og:url\" content=\"https:\/\/conservation-science.ch\/?page_id=29724\" \/>\n<meta property=\"og:site_name\" content=\"Bl\u00e4uer - Conservation - Science\" \/>\n<meta property=\"article:modified_time\" content=\"2024-11-16T19:41:40+00:00\" \/>\n<meta name=\"twitter:card\" content=\"summary_large_image\" \/>\n<meta name=\"twitter:label1\" content=\"Dur\u00e9e de lecture estim\u00e9e\" \/>\n\t<meta name=\"twitter:data1\" content=\"1 minute\" \/>\n<script type=\"application\/ld+json\" class=\"yoast-schema-graph\">{\"@context\":\"https:\/\/schema.org\",\"@graph\":[{\"@type\":\"WebPage\",\"@id\":\"https:\/\/conservation-science.ch\/?page_id=29724\",\"url\":\"https:\/\/conservation-science.ch\/?page_id=29724\",\"name\":\"Mat\u00e9riaux et conservation du patrimoine b\u00e2ti - Bl\u00e4uer - Conservation - Science\",\"isPartOf\":{\"@id\":\"https:\/\/conservation-science.ch\/#website\"},\"datePublished\":\"2018-06-13T14:44:49+00:00\",\"dateModified\":\"2024-11-16T19:41:40+00:00\",\"breadcrumb\":{\"@id\":\"https:\/\/conservation-science.ch\/?page_id=29724#breadcrumb\"},\"inLanguage\":\"fr-FR\",\"potentialAction\":[{\"@type\":\"ReadAction\",\"target\":[\"https:\/\/conservation-science.ch\/?page_id=29724\"]}]},{\"@type\":\"BreadcrumbList\",\"@id\":\"https:\/\/conservation-science.ch\/?page_id=29724#breadcrumb\",\"itemListElement\":[{\"@type\":\"ListItem\",\"position\":1,\"name\":\"Accueil\",\"item\":\"https:\/\/conservation-science.ch\/\"},{\"@type\":\"ListItem\",\"position\":2,\"name\":\"Activit\u00e9s\",\"item\":\"https:\/\/conservation-science.ch\/?page_id=28902\"},{\"@type\":\"ListItem\",\"position\":3,\"name\":\"Enseignement et Formations\",\"item\":\"https:\/\/conservation-science.ch\/?page_id=28925\"},{\"@type\":\"ListItem\",\"position\":4,\"name\":\"Mat\u00e9riaux et conservation du patrimoine b\u00e2ti\"}]},{\"@type\":\"WebSite\",\"@id\":\"https:\/\/conservation-science.ch\/#website\",\"url\":\"https:\/\/conservation-science.ch\/\",\"name\":\"CSC - Conservation - Sciences\",\"description\":\"Transmission de connaissances dans le domaine des sciences de la conservation du patrimoine b\u00e2ti\",\"potentialAction\":[{\"@type\":\"SearchAction\",\"target\":{\"@type\":\"EntryPoint\",\"urlTemplate\":\"https:\/\/conservation-science.ch\/?s={search_term_string}\"},\"query-input\":{\"@type\":\"PropertyValueSpecification\",\"valueRequired\":true,\"valueName\":\"search_term_string\"}}],\"inLanguage\":\"fr-FR\"}]}<\/script>\n<!-- \/ Yoast SEO plugin. -->","yoast_head_json":{"title":"Mat\u00e9riaux et conservation du patrimoine b\u00e2ti - Bl\u00e4uer - Conservation - Science","robots":{"index":"index","follow":"follow","max-snippet":"max-snippet:-1","max-image-preview":"max-image-preview:large","max-video-preview":"max-video-preview:-1"},"canonical":"https:\/\/conservation-science.ch\/?page_id=29724","og_locale":"fr_FR","og_type":"article","og_title":"Mat\u00e9riaux et conservation du patrimoine b\u00e2ti - Bl\u00e4uer - Conservation - Science","og_description":"Mat\u00e9riaux pierreux et conservation du patrimoine b\u00e2ti \/ Stone materials and conservation of the built heritage Enseignant : Dr. Rousset B\u00e9n\u00e9dicte Contenu INTRODUCTION A LA CONSERVATION DU PATRIMOINE B\u00c2TI : Historique du patrimoine b\u00e2ti en Suisse, historique et \u00e9thique de la conservation, exemples. LA PIERRE DANS LE PATRIMOINE B\u00c2TI : Min\u00e9ralogie, p\u00e9trographie, pratique de l&rsquo;identification &hellip; Continuer la lecture de Mat\u00e9riaux et conservation du patrimoine b\u00e2ti","og_url":"https:\/\/conservation-science.ch\/?page_id=29724","og_site_name":"Bl\u00e4uer - Conservation - Science","article_modified_time":"2024-11-16T19:41:40+00:00","twitter_card":"summary_large_image","twitter_misc":{"Dur\u00e9e de lecture estim\u00e9e":"1 minute"},"schema":{"@context":"https:\/\/schema.org","@graph":[{"@type":"WebPage","@id":"https:\/\/conservation-science.ch\/?page_id=29724","url":"https:\/\/conservation-science.ch\/?page_id=29724","name":"Mat\u00e9riaux et conservation du patrimoine b\u00e2ti - Bl\u00e4uer - Conservation - Science","isPartOf":{"@id":"https:\/\/conservation-science.ch\/#website"},"datePublished":"2018-06-13T14:44:49+00:00","dateModified":"2024-11-16T19:41:40+00:00","breadcrumb":{"@id":"https:\/\/conservation-science.ch\/?page_id=29724#breadcrumb"},"inLanguage":"fr-FR","potentialAction":[{"@type":"ReadAction","target":["https:\/\/conservation-science.ch\/?page_id=29724"]}]},{"@type":"BreadcrumbList","@id":"https:\/\/conservation-science.ch\/?page_id=29724#breadcrumb","itemListElement":[{"@type":"ListItem","position":1,"name":"Accueil","item":"https:\/\/conservation-science.ch\/"},{"@type":"ListItem","position":2,"name":"Activit\u00e9s","item":"https:\/\/conservation-science.ch\/?page_id=28902"},{"@type":"ListItem","position":3,"name":"Enseignement et Formations","item":"https:\/\/conservation-science.ch\/?page_id=28925"},{"@type":"ListItem","position":4,"name":"Mat\u00e9riaux et conservation du patrimoine b\u00e2ti"}]},{"@type":"WebSite","@id":"https:\/\/conservation-science.ch\/#website","url":"https:\/\/conservation-science.ch\/","name":"CSC - Conservation - Sciences","description":"Transmission de connaissances dans le domaine des sciences de la conservation du patrimoine b\u00e2ti","potentialAction":[{"@type":"SearchAction","target":{"@type":"EntryPoint","urlTemplate":"https:\/\/conservation-science.ch\/?s={search_term_string}"},"query-input":{"@type":"PropertyValueSpecification","valueRequired":true,"valueName":"search_term_string"}}],"inLanguage":"fr-FR"}]}},"_links":{"self":[{"href":"https:\/\/conservation-science.ch\/index.php?rest_route=\/wp\/v2\/pages\/29724","targetHints":{"allow":["GET"]}}],"collection":[{"href":"https:\/\/conservation-science.ch\/index.php?rest_route=\/wp\/v2\/pages"}],"about":[{"href":"https:\/\/conservation-science.ch\/index.php?rest_route=\/wp\/v2\/types\/page"}],"author":[{"embeddable":true,"href":"https:\/\/conservation-science.ch\/index.php?rest_route=\/wp\/v2\/users\/1"}],"replies":[{"embeddable":true,"href":"https:\/\/conservation-science.ch\/index.php?rest_route=%2Fwp%2Fv2%2Fcomments&post=29724"}],"version-history":[{"count":4,"href":"https:\/\/conservation-science.ch\/index.php?rest_route=\/wp\/v2\/pages\/29724\/revisions"}],"predecessor-version":[{"id":40459,"href":"https:\/\/conservation-science.ch\/index.php?rest_route=\/wp\/v2\/pages\/29724\/revisions\/40459"}],"up":[{"embeddable":true,"href":"https:\/\/conservation-science.ch\/index.php?rest_route=\/wp\/v2\/pages\/28925"}],"wp:attachment":[{"href":"https:\/\/conservation-science.ch\/index.php?rest_route=%2Fwp%2Fv2%2Fmedia&parent=29724"}],"curies":[{"name":"wp","href":"https:\/\/api.w.org\/{rel}","templated":true}]}}