{"id":29710,"date":"2018-06-13T16:38:56","date_gmt":"2018-06-13T14:38:56","guid":{"rendered":"https:\/\/objectif-lune.ch\/?page_id=29710"},"modified":"2018-06-28T15:45:30","modified_gmt":"2018-06-28T13:45:30","slug":"plans-de-maintenance","status":"publish","type":"page","link":"https:\/\/conservation-science.ch\/?page_id=29710","title":{"rendered":"Plans de maintenance"},"content":{"rendered":"<p style=\"text-align: justify;\"><strong>Plans de maintenance<\/strong>\u00a0: forts de notre constat d&rsquo;\u00e9tat et connaissant vos besoins, nous pourrons vous soumettre des plans de maintenance adapt\u00e9s \u00e0 vos limites financi\u00e8res et vous permettant d&rsquo;entretenir r\u00e9guli\u00e8rement votre site et\/ou b\u00e2timent, de mani\u00e8re cibl\u00e9e et r\u00e9fl\u00e9chie afin de r\u00e9duire les co\u00fbts engendr\u00e9s \u00e0 un montant acceptable.<\/p>\n","protected":false},"excerpt":{"rendered":"<p>Plans de maintenance\u00a0: forts de notre constat d&rsquo;\u00e9tat et connaissant vos besoins, nous pourrons vous soumettre des plans de maintenance adapt\u00e9s \u00e0 vos limites financi\u00e8res et vous permettant d&rsquo;entretenir r\u00e9guli\u00e8rement votre site et\/ou b\u00e2timent, de mani\u00e8re cibl\u00e9e et r\u00e9fl\u00e9chie afin de r\u00e9duire les co\u00fbts engendr\u00e9s \u00e0 un montant acceptable.<\/p>\n","protected":false},"author":1,"featured_media":0,"parent":28923,"menu_order":9,"comment_status":"closed","ping_status":"closed","template":"","meta":{"footnotes":""},"class_list":["post-29710","page","type-page","status-publish","hentry"],"yoast_head":"<!-- This site is optimized with the Yoast SEO plugin v27.2 - https:\/\/yoast.com\/product\/yoast-seo-wordpress\/ -->\n<title>Plans de maintenance - Bl\u00e4uer - Conservation - Science<\/title>\n<meta name=\"robots\" content=\"index, follow, max-snippet:-1, max-image-preview:large, max-video-preview:-1\" \/>\n<link rel=\"canonical\" href=\"https:\/\/conservation-science.ch\/?page_id=29710\" \/>\n<meta property=\"og:locale\" content=\"fr_FR\" \/>\n<meta property=\"og:type\" content=\"article\" \/>\n<meta property=\"og:title\" content=\"Plans de maintenance - Bl\u00e4uer - Conservation - Science\" \/>\n<meta property=\"og:description\" content=\"Plans de maintenance\u00a0: forts de notre constat d&rsquo;\u00e9tat et connaissant vos besoins, nous pourrons vous soumettre des plans de maintenance adapt\u00e9s \u00e0 vos limites financi\u00e8res et vous permettant d&rsquo;entretenir r\u00e9guli\u00e8rement votre site et\/ou b\u00e2timent, de mani\u00e8re cibl\u00e9e et r\u00e9fl\u00e9chie afin de r\u00e9duire les co\u00fbts engendr\u00e9s \u00e0 un montant acceptable.\" \/>\n<meta property=\"og:url\" content=\"https:\/\/conservation-science.ch\/?page_id=29710\" \/>\n<meta property=\"og:site_name\" content=\"Bl\u00e4uer - Conservation - Science\" \/>\n<meta property=\"article:modified_time\" content=\"2018-06-28T13:45:30+00:00\" \/>\n<meta name=\"twitter:card\" content=\"summary_large_image\" \/>\n<script type=\"application\/ld+json\" class=\"yoast-schema-graph\">{\"@context\":\"https:\/\/schema.org\",\"@graph\":[{\"@type\":\"WebPage\",\"@id\":\"https:\/\/conservation-science.ch\/?page_id=29710\",\"url\":\"https:\/\/conservation-science.ch\/?page_id=29710\",\"name\":\"Plans de maintenance - Bl\u00e4uer - Conservation - Science\",\"isPartOf\":{\"@id\":\"https:\/\/conservation-science.ch\/#website\"},\"datePublished\":\"2018-06-13T14:38:56+00:00\",\"dateModified\":\"2018-06-28T13:45:30+00:00\",\"breadcrumb\":{\"@id\":\"https:\/\/conservation-science.ch\/?page_id=29710#breadcrumb\"},\"inLanguage\":\"fr-FR\",\"potentialAction\":[{\"@type\":\"ReadAction\",\"target\":[\"https:\/\/conservation-science.ch\/?page_id=29710\"]}]},{\"@type\":\"BreadcrumbList\",\"@id\":\"https:\/\/conservation-science.ch\/?page_id=29710#breadcrumb\",\"itemListElement\":[{\"@type\":\"ListItem\",\"position\":1,\"name\":\"Accueil\",\"item\":\"https:\/\/conservation-science.ch\/\"},{\"@type\":\"ListItem\",\"position\":2,\"name\":\"Activit\u00e9s\",\"item\":\"https:\/\/conservation-science.ch\/?page_id=28902\"},{\"@type\":\"ListItem\",\"position\":3,\"name\":\"Expertises et Conseils\",\"item\":\"https:\/\/conservation-science.ch\/?page_id=28923\"},{\"@type\":\"ListItem\",\"position\":4,\"name\":\"Plans de maintenance\"}]},{\"@type\":\"WebSite\",\"@id\":\"https:\/\/conservation-science.ch\/#website\",\"url\":\"https:\/\/conservation-science.ch\/\",\"name\":\"CSC - Conservation - Sciences\",\"description\":\"Transmission de connaissances dans le domaine des sciences de la conservation du patrimoine b\u00e2ti\",\"potentialAction\":[{\"@type\":\"SearchAction\",\"target\":{\"@type\":\"EntryPoint\",\"urlTemplate\":\"https:\/\/conservation-science.ch\/?s={search_term_string}\"},\"query-input\":{\"@type\":\"PropertyValueSpecification\",\"valueRequired\":true,\"valueName\":\"search_term_string\"}}],\"inLanguage\":\"fr-FR\"}]}<\/script>\n<!-- \/ Yoast SEO plugin. -->","yoast_head_json":{"title":"Plans de maintenance - Bl\u00e4uer - Conservation - Science","robots":{"index":"index","follow":"follow","max-snippet":"max-snippet:-1","max-image-preview":"max-image-preview:large","max-video-preview":"max-video-preview:-1"},"canonical":"https:\/\/conservation-science.ch\/?page_id=29710","og_locale":"fr_FR","og_type":"article","og_title":"Plans de maintenance - Bl\u00e4uer - Conservation - Science","og_description":"Plans de maintenance\u00a0: forts de notre constat d&rsquo;\u00e9tat et connaissant vos besoins, nous pourrons vous soumettre des plans de maintenance adapt\u00e9s \u00e0 vos limites financi\u00e8res et vous permettant d&rsquo;entretenir r\u00e9guli\u00e8rement votre site et\/ou b\u00e2timent, de mani\u00e8re cibl\u00e9e et r\u00e9fl\u00e9chie afin de r\u00e9duire les co\u00fbts engendr\u00e9s \u00e0 un montant acceptable.","og_url":"https:\/\/conservation-science.ch\/?page_id=29710","og_site_name":"Bl\u00e4uer - Conservation - Science","article_modified_time":"2018-06-28T13:45:30+00:00","twitter_card":"summary_large_image","schema":{"@context":"https:\/\/schema.org","@graph":[{"@type":"WebPage","@id":"https:\/\/conservation-science.ch\/?page_id=29710","url":"https:\/\/conservation-science.ch\/?page_id=29710","name":"Plans de maintenance - Bl\u00e4uer - Conservation - Science","isPartOf":{"@id":"https:\/\/conservation-science.ch\/#website"},"datePublished":"2018-06-13T14:38:56+00:00","dateModified":"2018-06-28T13:45:30+00:00","breadcrumb":{"@id":"https:\/\/conservation-science.ch\/?page_id=29710#breadcrumb"},"inLanguage":"fr-FR","potentialAction":[{"@type":"ReadAction","target":["https:\/\/conservation-science.ch\/?page_id=29710"]}]},{"@type":"BreadcrumbList","@id":"https:\/\/conservation-science.ch\/?page_id=29710#breadcrumb","itemListElement":[{"@type":"ListItem","position":1,"name":"Accueil","item":"https:\/\/conservation-science.ch\/"},{"@type":"ListItem","position":2,"name":"Activit\u00e9s","item":"https:\/\/conservation-science.ch\/?page_id=28902"},{"@type":"ListItem","position":3,"name":"Expertises et Conseils","item":"https:\/\/conservation-science.ch\/?page_id=28923"},{"@type":"ListItem","position":4,"name":"Plans de maintenance"}]},{"@type":"WebSite","@id":"https:\/\/conservation-science.ch\/#website","url":"https:\/\/conservation-science.ch\/","name":"CSC - Conservation - Sciences","description":"Transmission de connaissances dans le domaine des sciences de la conservation du patrimoine b\u00e2ti","potentialAction":[{"@type":"SearchAction","target":{"@type":"EntryPoint","urlTemplate":"https:\/\/conservation-science.ch\/?s={search_term_string}"},"query-input":{"@type":"PropertyValueSpecification","valueRequired":true,"valueName":"search_term_string"}}],"inLanguage":"fr-FR"}]}},"_links":{"self":[{"href":"https:\/\/conservation-science.ch\/index.php?rest_route=\/wp\/v2\/pages\/29710","targetHints":{"allow":["GET"]}}],"collection":[{"href":"https:\/\/conservation-science.ch\/index.php?rest_route=\/wp\/v2\/pages"}],"about":[{"href":"https:\/\/conservation-science.ch\/index.php?rest_route=\/wp\/v2\/types\/page"}],"author":[{"embeddable":true,"href":"https:\/\/conservation-science.ch\/index.php?rest_route=\/wp\/v2\/users\/1"}],"replies":[{"embeddable":true,"href":"https:\/\/conservation-science.ch\/index.php?rest_route=%2Fwp%2Fv2%2Fcomments&post=29710"}],"version-history":[{"count":1,"href":"https:\/\/conservation-science.ch\/index.php?rest_route=\/wp\/v2\/pages\/29710\/revisions"}],"predecessor-version":[{"id":37307,"href":"https:\/\/conservation-science.ch\/index.php?rest_route=\/wp\/v2\/pages\/29710\/revisions\/37307"}],"up":[{"embeddable":true,"href":"https:\/\/conservation-science.ch\/index.php?rest_route=\/wp\/v2\/pages\/28923"}],"wp:attachment":[{"href":"https:\/\/conservation-science.ch\/index.php?rest_route=%2Fwp%2Fv2%2Fmedia&parent=29710"}],"curies":[{"name":"wp","href":"https:\/\/api.w.org\/{rel}","templated":true}]}}