{"id":29706,"date":"2018-06-13T16:37:23","date_gmt":"2018-06-13T14:37:23","guid":{"rendered":"https:\/\/objectif-lune.ch\/?page_id=29706"},"modified":"2018-06-13T16:37:23","modified_gmt":"2018-06-13T14:37:23","slug":"evaluation-de-limpact","status":"publish","type":"page","link":"https:\/\/conservation-science.ch\/?page_id=29706","title":{"rendered":"Evaluation de l&rsquo;impact"},"content":{"rendered":"<p style=\"text-align: justify;\"><strong>\u00c9valuation de l&rsquo;impact des interventions\u00a0<\/strong>: forts de nos exp\u00e9riences, nous pouvons, apr\u00e8s nos consultation et constat d&rsquo;\u00e9tat, vous aider \u00e0 estimer l&rsquo;impact des interventions que vous envisagez de mettre en \u0153uvre sur votre b\u00e2timent et\/ou site. Ceci vous permettra de mieux cibler vos interventions et de les optimiser.<\/p>\n","protected":false},"excerpt":{"rendered":"<p>\u00c9valuation de l&rsquo;impact des interventions\u00a0: forts de nos exp\u00e9riences, nous pouvons, apr\u00e8s nos consultation et constat d&rsquo;\u00e9tat, vous aider \u00e0 estimer l&rsquo;impact des interventions que vous envisagez de mettre en \u0153uvre sur votre b\u00e2timent et\/ou site. Ceci vous permettra de mieux cibler vos interventions et de les optimiser.<\/p>\n","protected":false},"author":1,"featured_media":0,"parent":28923,"menu_order":7,"comment_status":"closed","ping_status":"closed","template":"","meta":{"footnotes":""},"class_list":["post-29706","page","type-page","status-publish","hentry"],"yoast_head":"<!-- This site is optimized with the Yoast SEO plugin v27.2 - https:\/\/yoast.com\/product\/yoast-seo-wordpress\/ -->\n<title>Evaluation de l&#039;impact - Bl\u00e4uer - Conservation - Science<\/title>\n<meta name=\"robots\" content=\"index, follow, max-snippet:-1, max-image-preview:large, max-video-preview:-1\" \/>\n<link rel=\"canonical\" href=\"https:\/\/conservation-science.ch\/?page_id=29706\" \/>\n<meta property=\"og:locale\" content=\"fr_FR\" \/>\n<meta property=\"og:type\" content=\"article\" \/>\n<meta property=\"og:title\" content=\"Evaluation de l&#039;impact - Bl\u00e4uer - Conservation - Science\" \/>\n<meta property=\"og:description\" content=\"\u00c9valuation de l&rsquo;impact des interventions\u00a0: forts de nos exp\u00e9riences, nous pouvons, apr\u00e8s nos consultation et constat d&rsquo;\u00e9tat, vous aider \u00e0 estimer l&rsquo;impact des interventions que vous envisagez de mettre en \u0153uvre sur votre b\u00e2timent et\/ou site. Ceci vous permettra de mieux cibler vos interventions et de les optimiser.\" \/>\n<meta property=\"og:url\" content=\"https:\/\/conservation-science.ch\/?page_id=29706\" \/>\n<meta property=\"og:site_name\" content=\"Bl\u00e4uer - Conservation - Science\" \/>\n<meta name=\"twitter:card\" content=\"summary_large_image\" \/>\n<script type=\"application\/ld+json\" class=\"yoast-schema-graph\">{\"@context\":\"https:\/\/schema.org\",\"@graph\":[{\"@type\":\"WebPage\",\"@id\":\"https:\/\/conservation-science.ch\/?page_id=29706\",\"url\":\"https:\/\/conservation-science.ch\/?page_id=29706\",\"name\":\"Evaluation de l'impact - Bl\u00e4uer - Conservation - Science\",\"isPartOf\":{\"@id\":\"https:\/\/conservation-science.ch\/#website\"},\"datePublished\":\"2018-06-13T14:37:23+00:00\",\"breadcrumb\":{\"@id\":\"https:\/\/conservation-science.ch\/?page_id=29706#breadcrumb\"},\"inLanguage\":\"fr-FR\",\"potentialAction\":[{\"@type\":\"ReadAction\",\"target\":[\"https:\/\/conservation-science.ch\/?page_id=29706\"]}]},{\"@type\":\"BreadcrumbList\",\"@id\":\"https:\/\/conservation-science.ch\/?page_id=29706#breadcrumb\",\"itemListElement\":[{\"@type\":\"ListItem\",\"position\":1,\"name\":\"Accueil\",\"item\":\"https:\/\/conservation-science.ch\/\"},{\"@type\":\"ListItem\",\"position\":2,\"name\":\"Activit\u00e9s\",\"item\":\"https:\/\/conservation-science.ch\/?page_id=28902\"},{\"@type\":\"ListItem\",\"position\":3,\"name\":\"Expertises et Conseils\",\"item\":\"https:\/\/conservation-science.ch\/?page_id=28923\"},{\"@type\":\"ListItem\",\"position\":4,\"name\":\"Evaluation de l&rsquo;impact\"}]},{\"@type\":\"WebSite\",\"@id\":\"https:\/\/conservation-science.ch\/#website\",\"url\":\"https:\/\/conservation-science.ch\/\",\"name\":\"CSC - Conservation - Sciences\",\"description\":\"Transmission de connaissances dans le domaine des sciences de la conservation du patrimoine b\u00e2ti\",\"potentialAction\":[{\"@type\":\"SearchAction\",\"target\":{\"@type\":\"EntryPoint\",\"urlTemplate\":\"https:\/\/conservation-science.ch\/?s={search_term_string}\"},\"query-input\":{\"@type\":\"PropertyValueSpecification\",\"valueRequired\":true,\"valueName\":\"search_term_string\"}}],\"inLanguage\":\"fr-FR\"}]}<\/script>\n<!-- \/ Yoast SEO plugin. -->","yoast_head_json":{"title":"Evaluation de l'impact - Bl\u00e4uer - Conservation - Science","robots":{"index":"index","follow":"follow","max-snippet":"max-snippet:-1","max-image-preview":"max-image-preview:large","max-video-preview":"max-video-preview:-1"},"canonical":"https:\/\/conservation-science.ch\/?page_id=29706","og_locale":"fr_FR","og_type":"article","og_title":"Evaluation de l'impact - Bl\u00e4uer - Conservation - Science","og_description":"\u00c9valuation de l&rsquo;impact des interventions\u00a0: forts de nos exp\u00e9riences, nous pouvons, apr\u00e8s nos consultation et constat d&rsquo;\u00e9tat, vous aider \u00e0 estimer l&rsquo;impact des interventions que vous envisagez de mettre en \u0153uvre sur votre b\u00e2timent et\/ou site. Ceci vous permettra de mieux cibler vos interventions et de les optimiser.","og_url":"https:\/\/conservation-science.ch\/?page_id=29706","og_site_name":"Bl\u00e4uer - Conservation - Science","twitter_card":"summary_large_image","schema":{"@context":"https:\/\/schema.org","@graph":[{"@type":"WebPage","@id":"https:\/\/conservation-science.ch\/?page_id=29706","url":"https:\/\/conservation-science.ch\/?page_id=29706","name":"Evaluation de l'impact - Bl\u00e4uer - Conservation - Science","isPartOf":{"@id":"https:\/\/conservation-science.ch\/#website"},"datePublished":"2018-06-13T14:37:23+00:00","breadcrumb":{"@id":"https:\/\/conservation-science.ch\/?page_id=29706#breadcrumb"},"inLanguage":"fr-FR","potentialAction":[{"@type":"ReadAction","target":["https:\/\/conservation-science.ch\/?page_id=29706"]}]},{"@type":"BreadcrumbList","@id":"https:\/\/conservation-science.ch\/?page_id=29706#breadcrumb","itemListElement":[{"@type":"ListItem","position":1,"name":"Accueil","item":"https:\/\/conservation-science.ch\/"},{"@type":"ListItem","position":2,"name":"Activit\u00e9s","item":"https:\/\/conservation-science.ch\/?page_id=28902"},{"@type":"ListItem","position":3,"name":"Expertises et Conseils","item":"https:\/\/conservation-science.ch\/?page_id=28923"},{"@type":"ListItem","position":4,"name":"Evaluation de l&rsquo;impact"}]},{"@type":"WebSite","@id":"https:\/\/conservation-science.ch\/#website","url":"https:\/\/conservation-science.ch\/","name":"CSC - Conservation - Sciences","description":"Transmission de connaissances dans le domaine des sciences de la conservation du patrimoine b\u00e2ti","potentialAction":[{"@type":"SearchAction","target":{"@type":"EntryPoint","urlTemplate":"https:\/\/conservation-science.ch\/?s={search_term_string}"},"query-input":{"@type":"PropertyValueSpecification","valueRequired":true,"valueName":"search_term_string"}}],"inLanguage":"fr-FR"}]}},"_links":{"self":[{"href":"https:\/\/conservation-science.ch\/index.php?rest_route=\/wp\/v2\/pages\/29706","targetHints":{"allow":["GET"]}}],"collection":[{"href":"https:\/\/conservation-science.ch\/index.php?rest_route=\/wp\/v2\/pages"}],"about":[{"href":"https:\/\/conservation-science.ch\/index.php?rest_route=\/wp\/v2\/types\/page"}],"author":[{"embeddable":true,"href":"https:\/\/conservation-science.ch\/index.php?rest_route=\/wp\/v2\/users\/1"}],"replies":[{"embeddable":true,"href":"https:\/\/conservation-science.ch\/index.php?rest_route=%2Fwp%2Fv2%2Fcomments&post=29706"}],"version-history":[{"count":0,"href":"https:\/\/conservation-science.ch\/index.php?rest_route=\/wp\/v2\/pages\/29706\/revisions"}],"up":[{"embeddable":true,"href":"https:\/\/conservation-science.ch\/index.php?rest_route=\/wp\/v2\/pages\/28923"}],"wp:attachment":[{"href":"https:\/\/conservation-science.ch\/index.php?rest_route=%2Fwp%2Fv2%2Fmedia&parent=29706"}],"curies":[{"name":"wp","href":"https:\/\/api.w.org\/{rel}","templated":true}]}}