{"id":29703,"date":"2018-06-13T16:35:50","date_gmt":"2018-06-13T14:35:50","guid":{"rendered":"https:\/\/objectif-lune.ch\/?page_id=29703"},"modified":"2018-06-28T15:44:16","modified_gmt":"2018-06-28T13:44:16","slug":"analyse","status":"publish","type":"page","link":"https:\/\/conservation-science.ch\/?page_id=29703","title":{"rendered":"Analyse des mat\u00e9riaux"},"content":{"rendered":"<p style=\"text-align: justify;\"><strong>Analyse des mat\u00e9riaux\u00a0<\/strong>: dans certains cas, l&rsquo;observation visuelle ne suffit pas pour identifier correctement les mat\u00e9riaux. Nous proc\u00e9dons alors \u00e0 des micro-pr\u00e9l\u00e8vements afin d&rsquo;identifier qualitativement les mat\u00e9riaux pierreux (pierres naturelles, pierres artificielles et mortiers), les couches picturales, les produits de traitement ou bien encore les efflorescences de sels. Dans certains cas particuliers, nous pouvons aussi vous proposer des analyses quantitatives ou semi-quantitatives des mat\u00e9riaux.<\/p>\n<table border=\"0\" align=\"center\">\n<tbody>\n<tr>\n<td>\u00a0<img decoding=\"async\" class=\"rex_image aligncenter\" src=\"https:\/\/csc-sarl.ch\/wp-content\/uploads\/2018\/06\/prestation_analyses.jpg\" alt=\"[Keine\u00a0Beschreibung\u00a0eingegeben]\" ismap=\"ismap\" \/><\/td>\n<\/tr>\n<\/tbody>\n<\/table>\n<table border=\"0\" width=\"561\" align=\"center\">\n<tbody>\n<tr>\n<td align=\"center\" valign=\"middle\" width=\"\" height=\"\">\u00a0Identification des sels solubles au microscope optique \u00e0 polarisation<\/td>\n<\/tr>\n<tr>\n<td align=\"center\" valign=\"middle\" width=\"\" height=\"\">Eglise de Vuisternens-devant-Romont, FR, 2007<\/td>\n<\/tr>\n<\/tbody>\n<\/table>\n","protected":false},"excerpt":{"rendered":"<p>Analyse des mat\u00e9riaux\u00a0: dans certains cas, l&rsquo;observation visuelle ne suffit pas pour identifier correctement les mat\u00e9riaux. Nous proc\u00e9dons alors \u00e0 des micro-pr\u00e9l\u00e8vements afin d&rsquo;identifier qualitativement les mat\u00e9riaux pierreux (pierres naturelles, pierres artificielles et mortiers), les couches picturales, les produits de traitement ou bien encore les efflorescences de sels. Dans certains cas particuliers, nous pouvons aussi &hellip; <a href=\"https:\/\/conservation-science.ch\/?page_id=29703\" class=\"more-link\">Continuer la lecture de <span class=\"screen-reader-text\">Analyse des mat\u00e9riaux<\/span><\/a><\/p>\n","protected":false},"author":1,"featured_media":0,"parent":28923,"menu_order":5,"comment_status":"closed","ping_status":"closed","template":"","meta":{"footnotes":""},"class_list":["post-29703","page","type-page","status-publish","hentry"],"yoast_head":"<!-- This site is optimized with the Yoast SEO plugin v27.2 - https:\/\/yoast.com\/product\/yoast-seo-wordpress\/ -->\n<title>Analyse des mat\u00e9riaux - Bl\u00e4uer - Conservation - Science<\/title>\n<meta name=\"robots\" content=\"index, follow, max-snippet:-1, max-image-preview:large, max-video-preview:-1\" \/>\n<link rel=\"canonical\" href=\"https:\/\/conservation-science.ch\/?page_id=29703\" \/>\n<meta property=\"og:locale\" content=\"fr_FR\" \/>\n<meta property=\"og:type\" content=\"article\" \/>\n<meta property=\"og:title\" content=\"Analyse des mat\u00e9riaux - Bl\u00e4uer - Conservation - Science\" \/>\n<meta property=\"og:description\" content=\"Analyse des mat\u00e9riaux\u00a0: dans certains cas, l&rsquo;observation visuelle ne suffit pas pour identifier correctement les mat\u00e9riaux. Nous proc\u00e9dons alors \u00e0 des micro-pr\u00e9l\u00e8vements afin d&rsquo;identifier qualitativement les mat\u00e9riaux pierreux (pierres naturelles, pierres artificielles et mortiers), les couches picturales, les produits de traitement ou bien encore les efflorescences de sels. Dans certains cas particuliers, nous pouvons aussi &hellip; Continuer la lecture de Analyse des mat\u00e9riaux\" \/>\n<meta property=\"og:url\" content=\"https:\/\/conservation-science.ch\/?page_id=29703\" \/>\n<meta property=\"og:site_name\" content=\"Bl\u00e4uer - Conservation - Science\" \/>\n<meta property=\"article:modified_time\" content=\"2018-06-28T13:44:16+00:00\" \/>\n<meta property=\"og:image\" content=\"https:\/\/csc-sarl.ch\/wp-content\/uploads\/2018\/06\/prestation_analyses.jpg\" \/>\n<meta name=\"twitter:card\" content=\"summary_large_image\" \/>\n<script type=\"application\/ld+json\" class=\"yoast-schema-graph\">{\"@context\":\"https:\/\/schema.org\",\"@graph\":[{\"@type\":\"WebPage\",\"@id\":\"https:\/\/conservation-science.ch\/?page_id=29703\",\"url\":\"https:\/\/conservation-science.ch\/?page_id=29703\",\"name\":\"Analyse des mat\u00e9riaux - Bl\u00e4uer - Conservation - Science\",\"isPartOf\":{\"@id\":\"https:\/\/conservation-science.ch\/#website\"},\"primaryImageOfPage\":{\"@id\":\"https:\/\/conservation-science.ch\/?page_id=29703#primaryimage\"},\"image\":{\"@id\":\"https:\/\/conservation-science.ch\/?page_id=29703#primaryimage\"},\"thumbnailUrl\":\"https:\/\/csc-sarl.ch\/wp-content\/uploads\/2018\/06\/prestation_analyses.jpg\",\"datePublished\":\"2018-06-13T14:35:50+00:00\",\"dateModified\":\"2018-06-28T13:44:16+00:00\",\"breadcrumb\":{\"@id\":\"https:\/\/conservation-science.ch\/?page_id=29703#breadcrumb\"},\"inLanguage\":\"fr-FR\",\"potentialAction\":[{\"@type\":\"ReadAction\",\"target\":[\"https:\/\/conservation-science.ch\/?page_id=29703\"]}]},{\"@type\":\"ImageObject\",\"inLanguage\":\"fr-FR\",\"@id\":\"https:\/\/conservation-science.ch\/?page_id=29703#primaryimage\",\"url\":\"https:\/\/csc-sarl.ch\/wp-content\/uploads\/2018\/06\/prestation_analyses.jpg\",\"contentUrl\":\"https:\/\/csc-sarl.ch\/wp-content\/uploads\/2018\/06\/prestation_analyses.jpg\"},{\"@type\":\"BreadcrumbList\",\"@id\":\"https:\/\/conservation-science.ch\/?page_id=29703#breadcrumb\",\"itemListElement\":[{\"@type\":\"ListItem\",\"position\":1,\"name\":\"Accueil\",\"item\":\"https:\/\/conservation-science.ch\/\"},{\"@type\":\"ListItem\",\"position\":2,\"name\":\"Activit\u00e9s\",\"item\":\"https:\/\/conservation-science.ch\/?page_id=28902\"},{\"@type\":\"ListItem\",\"position\":3,\"name\":\"Expertises et Conseils\",\"item\":\"https:\/\/conservation-science.ch\/?page_id=28923\"},{\"@type\":\"ListItem\",\"position\":4,\"name\":\"Analyse des mat\u00e9riaux\"}]},{\"@type\":\"WebSite\",\"@id\":\"https:\/\/conservation-science.ch\/#website\",\"url\":\"https:\/\/conservation-science.ch\/\",\"name\":\"CSC - Conservation - Sciences\",\"description\":\"Transmission de connaissances dans le domaine des sciences de la conservation du patrimoine b\u00e2ti\",\"potentialAction\":[{\"@type\":\"SearchAction\",\"target\":{\"@type\":\"EntryPoint\",\"urlTemplate\":\"https:\/\/conservation-science.ch\/?s={search_term_string}\"},\"query-input\":{\"@type\":\"PropertyValueSpecification\",\"valueRequired\":true,\"valueName\":\"search_term_string\"}}],\"inLanguage\":\"fr-FR\"}]}<\/script>\n<!-- \/ Yoast SEO plugin. -->","yoast_head_json":{"title":"Analyse des mat\u00e9riaux - Bl\u00e4uer - Conservation - Science","robots":{"index":"index","follow":"follow","max-snippet":"max-snippet:-1","max-image-preview":"max-image-preview:large","max-video-preview":"max-video-preview:-1"},"canonical":"https:\/\/conservation-science.ch\/?page_id=29703","og_locale":"fr_FR","og_type":"article","og_title":"Analyse des mat\u00e9riaux - Bl\u00e4uer - Conservation - Science","og_description":"Analyse des mat\u00e9riaux\u00a0: dans certains cas, l&rsquo;observation visuelle ne suffit pas pour identifier correctement les mat\u00e9riaux. Nous proc\u00e9dons alors \u00e0 des micro-pr\u00e9l\u00e8vements afin d&rsquo;identifier qualitativement les mat\u00e9riaux pierreux (pierres naturelles, pierres artificielles et mortiers), les couches picturales, les produits de traitement ou bien encore les efflorescences de sels. Dans certains cas particuliers, nous pouvons aussi &hellip; Continuer la lecture de Analyse des mat\u00e9riaux","og_url":"https:\/\/conservation-science.ch\/?page_id=29703","og_site_name":"Bl\u00e4uer - Conservation - Science","article_modified_time":"2018-06-28T13:44:16+00:00","og_image":[{"url":"https:\/\/csc-sarl.ch\/wp-content\/uploads\/2018\/06\/prestation_analyses.jpg","type":"","width":"","height":""}],"twitter_card":"summary_large_image","schema":{"@context":"https:\/\/schema.org","@graph":[{"@type":"WebPage","@id":"https:\/\/conservation-science.ch\/?page_id=29703","url":"https:\/\/conservation-science.ch\/?page_id=29703","name":"Analyse des mat\u00e9riaux - Bl\u00e4uer - Conservation - Science","isPartOf":{"@id":"https:\/\/conservation-science.ch\/#website"},"primaryImageOfPage":{"@id":"https:\/\/conservation-science.ch\/?page_id=29703#primaryimage"},"image":{"@id":"https:\/\/conservation-science.ch\/?page_id=29703#primaryimage"},"thumbnailUrl":"https:\/\/csc-sarl.ch\/wp-content\/uploads\/2018\/06\/prestation_analyses.jpg","datePublished":"2018-06-13T14:35:50+00:00","dateModified":"2018-06-28T13:44:16+00:00","breadcrumb":{"@id":"https:\/\/conservation-science.ch\/?page_id=29703#breadcrumb"},"inLanguage":"fr-FR","potentialAction":[{"@type":"ReadAction","target":["https:\/\/conservation-science.ch\/?page_id=29703"]}]},{"@type":"ImageObject","inLanguage":"fr-FR","@id":"https:\/\/conservation-science.ch\/?page_id=29703#primaryimage","url":"https:\/\/csc-sarl.ch\/wp-content\/uploads\/2018\/06\/prestation_analyses.jpg","contentUrl":"https:\/\/csc-sarl.ch\/wp-content\/uploads\/2018\/06\/prestation_analyses.jpg"},{"@type":"BreadcrumbList","@id":"https:\/\/conservation-science.ch\/?page_id=29703#breadcrumb","itemListElement":[{"@type":"ListItem","position":1,"name":"Accueil","item":"https:\/\/conservation-science.ch\/"},{"@type":"ListItem","position":2,"name":"Activit\u00e9s","item":"https:\/\/conservation-science.ch\/?page_id=28902"},{"@type":"ListItem","position":3,"name":"Expertises et Conseils","item":"https:\/\/conservation-science.ch\/?page_id=28923"},{"@type":"ListItem","position":4,"name":"Analyse des mat\u00e9riaux"}]},{"@type":"WebSite","@id":"https:\/\/conservation-science.ch\/#website","url":"https:\/\/conservation-science.ch\/","name":"CSC - Conservation - Sciences","description":"Transmission de connaissances dans le domaine des sciences de la conservation du patrimoine b\u00e2ti","potentialAction":[{"@type":"SearchAction","target":{"@type":"EntryPoint","urlTemplate":"https:\/\/conservation-science.ch\/?s={search_term_string}"},"query-input":{"@type":"PropertyValueSpecification","valueRequired":true,"valueName":"search_term_string"}}],"inLanguage":"fr-FR"}]}},"_links":{"self":[{"href":"https:\/\/conservation-science.ch\/index.php?rest_route=\/wp\/v2\/pages\/29703","targetHints":{"allow":["GET"]}}],"collection":[{"href":"https:\/\/conservation-science.ch\/index.php?rest_route=\/wp\/v2\/pages"}],"about":[{"href":"https:\/\/conservation-science.ch\/index.php?rest_route=\/wp\/v2\/types\/page"}],"author":[{"embeddable":true,"href":"https:\/\/conservation-science.ch\/index.php?rest_route=\/wp\/v2\/users\/1"}],"replies":[{"embeddable":true,"href":"https:\/\/conservation-science.ch\/index.php?rest_route=%2Fwp%2Fv2%2Fcomments&post=29703"}],"version-history":[{"count":3,"href":"https:\/\/conservation-science.ch\/index.php?rest_route=\/wp\/v2\/pages\/29703\/revisions"}],"predecessor-version":[{"id":37305,"href":"https:\/\/conservation-science.ch\/index.php?rest_route=\/wp\/v2\/pages\/29703\/revisions\/37305"}],"up":[{"embeddable":true,"href":"https:\/\/conservation-science.ch\/index.php?rest_route=\/wp\/v2\/pages\/28923"}],"wp:attachment":[{"href":"https:\/\/conservation-science.ch\/index.php?rest_route=%2Fwp%2Fv2%2Fmedia&parent=29703"}],"curies":[{"name":"wp","href":"https:\/\/api.w.org\/{rel}","templated":true}]}}