{"id":29096,"date":"2018-06-11T20:29:56","date_gmt":"2018-06-11T18:29:56","guid":{"rendered":"https:\/\/objectif-lune.ch\/?page_id=29096"},"modified":"2024-11-16T20:13:53","modified_gmt":"2024-11-16T19:13:53","slug":"cartographie","status":"publish","type":"page","link":"https:\/\/conservation-science.ch\/?page_id=29096","title":{"rendered":"Cartographie"},"content":{"rendered":"<p><strong>Cartographie des mat\u00e9riaux :<\/strong><br \/>\nComme compl\u00e9ment aux \u00e9tudes arch\u00e9ologiques<\/p>\n<div>\n<table>\n<tbody>\n<tr>\n<td><img loading=\"lazy\" decoding=\"async\" class=\"alignnone size-medium wp-image-39180\" src=\"https:\/\/conservation-science.ch\/wp-content\/uploads\/2018\/12\/NE-Collegiale-PageTitre-300x229.jpg\" alt=\"\" width=\"300\" height=\"229\" srcset=\"https:\/\/conservation-science.ch\/wp-content\/uploads\/2018\/12\/NE-Collegiale-PageTitre-300x229.jpg 300w, https:\/\/conservation-science.ch\/wp-content\/uploads\/2018\/12\/NE-Collegiale-PageTitre.jpg 472w\" sizes=\"auto, (max-width: 300px) 100vw, 300px\" \/>Cartographie p\u00e9trographique<\/td>\n<\/tr>\n<\/tbody>\n<\/table>\n<p><strong>Cartographie des \u00e9tats de surface\u00a0:<br \/>\n<\/strong>Pour d\u00e9terminer les causes de d\u00e9gradation afin de cibler vos interventions.<\/p>\n<table>\n<tbody>\n<tr>\n<td><img loading=\"lazy\" decoding=\"async\" class=\"alignnone wp-image-39178\" src=\"https:\/\/conservation-science.ch\/wp-content\/uploads\/2018\/12\/CartoContrefort_KT-Lsn-300x137.jpg\" alt=\"\" width=\"348\" height=\"159\" srcset=\"https:\/\/conservation-science.ch\/wp-content\/uploads\/2018\/12\/CartoContrefort_KT-Lsn-300x137.jpg 300w, https:\/\/conservation-science.ch\/wp-content\/uploads\/2018\/12\/CartoContrefort_KT-Lsn-768x350.jpg 768w, https:\/\/conservation-science.ch\/wp-content\/uploads\/2018\/12\/CartoContrefort_KT-Lsn-1024x467.jpg 1024w, https:\/\/conservation-science.ch\/wp-content\/uploads\/2018\/12\/CartoContrefort_KT-Lsn-1200x547.jpg 1200w\" sizes=\"auto, (max-width: 348px) 100vw, 348px\" \/><br \/>\nCartographie des \u00e9tats de surface<\/td>\n<\/tr>\n<\/tbody>\n<\/table>\n<p>&nbsp;<\/p>\n<\/div>\n<div><\/div>\n","protected":false},"excerpt":{"rendered":"<p>Cartographie des mat\u00e9riaux : Comme compl\u00e9ment aux \u00e9tudes arch\u00e9ologiques Cartographie p\u00e9trographique Cartographie des \u00e9tats de surface\u00a0: Pour d\u00e9terminer les causes de d\u00e9gradation afin de cibler vos interventions. Cartographie des \u00e9tats de surface &nbsp;<\/p>\n","protected":false},"author":1,"featured_media":0,"parent":28923,"menu_order":3,"comment_status":"closed","ping_status":"closed","template":"","meta":{"footnotes":""},"class_list":["post-29096","page","type-page","status-publish","hentry"],"yoast_head":"<!-- This site is optimized with the Yoast SEO plugin v27.2 - https:\/\/yoast.com\/product\/yoast-seo-wordpress\/ -->\n<title>Cartographie - Bl\u00e4uer - Conservation - Science<\/title>\n<meta name=\"robots\" content=\"index, follow, max-snippet:-1, max-image-preview:large, max-video-preview:-1\" \/>\n<link rel=\"canonical\" href=\"https:\/\/conservation-science.ch\/?page_id=29096\" \/>\n<meta property=\"og:locale\" content=\"fr_FR\" \/>\n<meta property=\"og:type\" content=\"article\" \/>\n<meta property=\"og:title\" content=\"Cartographie - Bl\u00e4uer - Conservation - Science\" \/>\n<meta property=\"og:description\" content=\"Cartographie des mat\u00e9riaux : Comme compl\u00e9ment aux \u00e9tudes arch\u00e9ologiques Cartographie p\u00e9trographique Cartographie des \u00e9tats de surface\u00a0: Pour d\u00e9terminer les causes de d\u00e9gradation afin de cibler vos interventions. Cartographie des \u00e9tats de surface &nbsp;\" \/>\n<meta property=\"og:url\" content=\"https:\/\/conservation-science.ch\/?page_id=29096\" \/>\n<meta property=\"og:site_name\" content=\"Bl\u00e4uer - Conservation - Science\" \/>\n<meta property=\"article:modified_time\" content=\"2024-11-16T19:13:53+00:00\" \/>\n<meta property=\"og:image\" content=\"https:\/\/conservation-science.ch\/wp-content\/uploads\/2018\/12\/NE-Collegiale-PageTitre-300x229.jpg\" \/>\n<meta name=\"twitter:card\" content=\"summary_large_image\" \/>\n<meta name=\"twitter:label1\" content=\"Dur\u00e9e de lecture estim\u00e9e\" \/>\n\t<meta name=\"twitter:data1\" content=\"1 minute\" \/>\n<script type=\"application\/ld+json\" class=\"yoast-schema-graph\">{\"@context\":\"https:\/\/schema.org\",\"@graph\":[{\"@type\":\"WebPage\",\"@id\":\"https:\/\/conservation-science.ch\/?page_id=29096\",\"url\":\"https:\/\/conservation-science.ch\/?page_id=29096\",\"name\":\"Cartographie - Bl\u00e4uer - Conservation - Science\",\"isPartOf\":{\"@id\":\"https:\/\/conservation-science.ch\/#website\"},\"primaryImageOfPage\":{\"@id\":\"https:\/\/conservation-science.ch\/?page_id=29096#primaryimage\"},\"image\":{\"@id\":\"https:\/\/conservation-science.ch\/?page_id=29096#primaryimage\"},\"thumbnailUrl\":\"https:\/\/conservation-science.ch\/wp-content\/uploads\/2018\/12\/NE-Collegiale-PageTitre-300x229.jpg\",\"datePublished\":\"2018-06-11T18:29:56+00:00\",\"dateModified\":\"2024-11-16T19:13:53+00:00\",\"breadcrumb\":{\"@id\":\"https:\/\/conservation-science.ch\/?page_id=29096#breadcrumb\"},\"inLanguage\":\"fr-FR\",\"potentialAction\":[{\"@type\":\"ReadAction\",\"target\":[\"https:\/\/conservation-science.ch\/?page_id=29096\"]}]},{\"@type\":\"ImageObject\",\"inLanguage\":\"fr-FR\",\"@id\":\"https:\/\/conservation-science.ch\/?page_id=29096#primaryimage\",\"url\":\"https:\/\/conservation-science.ch\/wp-content\/uploads\/2018\/12\/NE-Collegiale-PageTitre.jpg\",\"contentUrl\":\"https:\/\/conservation-science.ch\/wp-content\/uploads\/2018\/12\/NE-Collegiale-PageTitre.jpg\",\"width\":472,\"height\":361},{\"@type\":\"BreadcrumbList\",\"@id\":\"https:\/\/conservation-science.ch\/?page_id=29096#breadcrumb\",\"itemListElement\":[{\"@type\":\"ListItem\",\"position\":1,\"name\":\"Accueil\",\"item\":\"https:\/\/conservation-science.ch\/\"},{\"@type\":\"ListItem\",\"position\":2,\"name\":\"Activit\u00e9s\",\"item\":\"https:\/\/conservation-science.ch\/?page_id=28902\"},{\"@type\":\"ListItem\",\"position\":3,\"name\":\"Expertises et Conseils\",\"item\":\"https:\/\/conservation-science.ch\/?page_id=28923\"},{\"@type\":\"ListItem\",\"position\":4,\"name\":\"Cartographie\"}]},{\"@type\":\"WebSite\",\"@id\":\"https:\/\/conservation-science.ch\/#website\",\"url\":\"https:\/\/conservation-science.ch\/\",\"name\":\"CSC - Conservation - Sciences\",\"description\":\"Transmission de connaissances dans le domaine des sciences de la conservation du patrimoine b\u00e2ti\",\"potentialAction\":[{\"@type\":\"SearchAction\",\"target\":{\"@type\":\"EntryPoint\",\"urlTemplate\":\"https:\/\/conservation-science.ch\/?s={search_term_string}\"},\"query-input\":{\"@type\":\"PropertyValueSpecification\",\"valueRequired\":true,\"valueName\":\"search_term_string\"}}],\"inLanguage\":\"fr-FR\"}]}<\/script>\n<!-- \/ Yoast SEO plugin. -->","yoast_head_json":{"title":"Cartographie - Bl\u00e4uer - Conservation - Science","robots":{"index":"index","follow":"follow","max-snippet":"max-snippet:-1","max-image-preview":"max-image-preview:large","max-video-preview":"max-video-preview:-1"},"canonical":"https:\/\/conservation-science.ch\/?page_id=29096","og_locale":"fr_FR","og_type":"article","og_title":"Cartographie - Bl\u00e4uer - Conservation - Science","og_description":"Cartographie des mat\u00e9riaux : Comme compl\u00e9ment aux \u00e9tudes arch\u00e9ologiques Cartographie p\u00e9trographique Cartographie des \u00e9tats de surface\u00a0: Pour d\u00e9terminer les causes de d\u00e9gradation afin de cibler vos interventions. Cartographie des \u00e9tats de surface &nbsp;","og_url":"https:\/\/conservation-science.ch\/?page_id=29096","og_site_name":"Bl\u00e4uer - Conservation - Science","article_modified_time":"2024-11-16T19:13:53+00:00","og_image":[{"url":"https:\/\/conservation-science.ch\/wp-content\/uploads\/2018\/12\/NE-Collegiale-PageTitre-300x229.jpg","type":"","width":"","height":""}],"twitter_card":"summary_large_image","twitter_misc":{"Dur\u00e9e de lecture estim\u00e9e":"1 minute"},"schema":{"@context":"https:\/\/schema.org","@graph":[{"@type":"WebPage","@id":"https:\/\/conservation-science.ch\/?page_id=29096","url":"https:\/\/conservation-science.ch\/?page_id=29096","name":"Cartographie - Bl\u00e4uer - Conservation - Science","isPartOf":{"@id":"https:\/\/conservation-science.ch\/#website"},"primaryImageOfPage":{"@id":"https:\/\/conservation-science.ch\/?page_id=29096#primaryimage"},"image":{"@id":"https:\/\/conservation-science.ch\/?page_id=29096#primaryimage"},"thumbnailUrl":"https:\/\/conservation-science.ch\/wp-content\/uploads\/2018\/12\/NE-Collegiale-PageTitre-300x229.jpg","datePublished":"2018-06-11T18:29:56+00:00","dateModified":"2024-11-16T19:13:53+00:00","breadcrumb":{"@id":"https:\/\/conservation-science.ch\/?page_id=29096#breadcrumb"},"inLanguage":"fr-FR","potentialAction":[{"@type":"ReadAction","target":["https:\/\/conservation-science.ch\/?page_id=29096"]}]},{"@type":"ImageObject","inLanguage":"fr-FR","@id":"https:\/\/conservation-science.ch\/?page_id=29096#primaryimage","url":"https:\/\/conservation-science.ch\/wp-content\/uploads\/2018\/12\/NE-Collegiale-PageTitre.jpg","contentUrl":"https:\/\/conservation-science.ch\/wp-content\/uploads\/2018\/12\/NE-Collegiale-PageTitre.jpg","width":472,"height":361},{"@type":"BreadcrumbList","@id":"https:\/\/conservation-science.ch\/?page_id=29096#breadcrumb","itemListElement":[{"@type":"ListItem","position":1,"name":"Accueil","item":"https:\/\/conservation-science.ch\/"},{"@type":"ListItem","position":2,"name":"Activit\u00e9s","item":"https:\/\/conservation-science.ch\/?page_id=28902"},{"@type":"ListItem","position":3,"name":"Expertises et Conseils","item":"https:\/\/conservation-science.ch\/?page_id=28923"},{"@type":"ListItem","position":4,"name":"Cartographie"}]},{"@type":"WebSite","@id":"https:\/\/conservation-science.ch\/#website","url":"https:\/\/conservation-science.ch\/","name":"CSC - Conservation - Sciences","description":"Transmission de connaissances dans le domaine des sciences de la conservation du patrimoine b\u00e2ti","potentialAction":[{"@type":"SearchAction","target":{"@type":"EntryPoint","urlTemplate":"https:\/\/conservation-science.ch\/?s={search_term_string}"},"query-input":{"@type":"PropertyValueSpecification","valueRequired":true,"valueName":"search_term_string"}}],"inLanguage":"fr-FR"}]}},"_links":{"self":[{"href":"https:\/\/conservation-science.ch\/index.php?rest_route=\/wp\/v2\/pages\/29096","targetHints":{"allow":["GET"]}}],"collection":[{"href":"https:\/\/conservation-science.ch\/index.php?rest_route=\/wp\/v2\/pages"}],"about":[{"href":"https:\/\/conservation-science.ch\/index.php?rest_route=\/wp\/v2\/types\/page"}],"author":[{"embeddable":true,"href":"https:\/\/conservation-science.ch\/index.php?rest_route=\/wp\/v2\/users\/1"}],"replies":[{"embeddable":true,"href":"https:\/\/conservation-science.ch\/index.php?rest_route=%2Fwp%2Fv2%2Fcomments&post=29096"}],"version-history":[{"count":10,"href":"https:\/\/conservation-science.ch\/index.php?rest_route=\/wp\/v2\/pages\/29096\/revisions"}],"predecessor-version":[{"id":40439,"href":"https:\/\/conservation-science.ch\/index.php?rest_route=\/wp\/v2\/pages\/29096\/revisions\/40439"}],"up":[{"embeddable":true,"href":"https:\/\/conservation-science.ch\/index.php?rest_route=\/wp\/v2\/pages\/28923"}],"wp:attachment":[{"href":"https:\/\/conservation-science.ch\/index.php?rest_route=%2Fwp%2Fv2%2Fmedia&parent=29096"}],"curies":[{"name":"wp","href":"https:\/\/api.w.org\/{rel}","templated":true}]}}