{"id":29044,"date":"2018-06-11T11:37:41","date_gmt":"2018-06-11T09:37:41","guid":{"rendered":"https:\/\/objectif-lune.ch\/?page_id=29044"},"modified":"2024-11-16T21:40:52","modified_gmt":"2024-11-16T20:40:52","slug":"visites-geologiques-en-ville","status":"publish","type":"page","link":"https:\/\/conservation-science.ch\/?page_id=29044","title":{"rendered":"Visites g\u00e9ologiques en ville"},"content":{"rendered":"<p>Depuis le printemps 2011, nous organisons des visites guid\u00e9es g\u00e9ologiques. Suivant vos souhaits, au cours de ces visites nous pourrons :<\/p>\n<ul>\n<li>vous faire regarder autrement des rues que vous pensez bien conna\u00eetre<\/li>\n<li>vous faire d\u00e9couvrir les richesses min\u00e9rales et g\u00e9ologiques qui vous entourent<\/li>\n<li>vous apprendre \u00e0 lire l&rsquo;histoire de la Terre sur les constructions en pierre<\/li>\n<li>vous faire d\u00e9couvrir les sp\u00e9cificit\u00e9s des pierres naturelles de votre r\u00e9gion<\/li>\n<li>vous expliquer quel est le vieillissement normal de ces pierres<\/li>\n<li>vous montrer certaines de leurs pathologies et leurs causes<\/li>\n<\/ul>\n<p>Connaissances pr\u00e9requises : aucunes ! Mais bonne humeur et curiosit\u00e9 sont de mise &#8230;<\/p>\n<table border=\"0\" width=\"93%\">\n<tbody>\n<tr>\n<td><strong>Exemples de th\u00e8mes abord\u00e9s :<\/strong><\/td>\n<\/tr>\n<\/tbody>\n<\/table>\n<table border=\"0\" width=\"93%\">\n<tbody>\n<tr class=\"style1\">\n<td style=\"width: 12.4138%;\"><a href=\"http:\/\/www.nike-kultur.ch\/fileadmin\/user_upload\/Bulletin\/2012\/01\/PDF\/2_pierres.pdf?17,21\" target=\"_blank\" rel=\"noopener\"><img loading=\"lazy\" decoding=\"async\" class=\"rex_image alignnone\" src=\"https:\/\/csc-sarl.ch\/wp-content\/uploads\/2018\/06\/logoacrobatptt.jpg\" alt=\"[Keine\u00a0Beschreibung\u00a0eingegeben]\" ismap=\"ismap\" width=\"42\" height=\"32\" \/><\/a><\/td>\n<td style=\"width: 87.4138%;\">G\u00e9ologie urbaine ou la m\u00e9moire des pierres. Bulletin NIKE Centre national d&rsquo;information pour la conservation des biens culturels, Berne, 1-2\/2012, 10-15<\/td>\n<\/tr>\n<\/tbody>\n<\/table>\n<table class=\"style1\" style=\"width: 95.8572%;\" border=\"0\" width=\"93%\">\n<tbody>\n<tr>\n<td style=\"width: 46.8571%;\" valign=\"top\">\n<h6>Visites d\u00e9j\u00e0 en place :<\/h6>\n<\/td>\n<td style=\"width: 56%;\" valign=\"top\"><\/td>\n<\/tr>\n<tr>\n<td style=\"width: 46.8571%;\" valign=\"top\" width=\"270\" height=\"\"><span style=\"color: #993300;\"><strong><a href=\"\/wp-content\/uploads\/2018\/06\/flyervisitefribourg_120312_avlogos_sansreperes.pdf\">FRIBOURG<\/a> pierre \u00e0 pierre<\/strong><\/span><strong><br \/>\n<\/strong><a href=\"https:\/\/csc-sarl.ch\/wp-content\/uploads\/2018\/06\/flyervisitefribourg_120312_avlogos_sansreperes.pdf\"><img loading=\"lazy\" decoding=\"async\" class=\"alignnone size-full wp-image-29052\" src=\"https:\/\/csc-sarl.ch\/wp-content\/uploads\/2018\/06\/flyervisitefribourg_110614_p1_150px.jpg\" alt=\"\" width=\"150\" height=\"106\" \/><\/a><strong>visite g\u00e9ologique de la ville <\/strong>renseignements et r\u00e9servation via CSC :<br \/>\nt\u00e9l. 026 422 12 44 ou e-mail\u00a0<a href=\"mailto:csc@conservation-science.ch\">csc@&#8230;<\/a><\/td>\n<td style=\"width: 56%;\" valign=\"top\" width=\"270\" height=\"\"><span style=\"color: #993300;\"><span style=\"color: #993300;\"><strong><a href=\"\/wp-content\/uploads\/2018\/06\/flyervisiteneuchatel_120312_avlogos_sansreperes.pdf\" target=\"_self\" rel=\"noopener\">NEUCH\u00c2TEL<\/a>, une pierre jaune dans la ville<br \/>\n<a href=\"https:\/\/csc-sarl.ch\/wp-content\/uploads\/2018\/06\/flyervisiteneuchatel_120312_avlogos_sansreperes.pdf\"><img loading=\"lazy\" decoding=\"async\" class=\"alignnone size-full wp-image-29049\" src=\"https:\/\/csc-sarl.ch\/wp-content\/uploads\/2018\/06\/flyervisiteneuchatel_110614_p1_150px.jpg\" alt=\"\" width=\"150\" height=\"106\" \/><\/a><span style=\"color: #000000;\">visite g\u00e9ologique de la ville <\/span><\/strong><\/span><\/span>renseignements et r\u00e9servation via CSC :<br \/>\nt\u00e9l. 026 422 12 44 ou e-mail\u00a0<a href=\"mailto:csc@conservation-science.ch\">csc@&#8230;<\/a><\/td>\n<\/tr>\n<tr>\n<td style=\"width: 46.8571%; vertical-align: top;\" valign=\"top\" width=\"\" height=\"\"><span style=\"color: #993300;\"><strong>ESTAVAYER-LE-LAC<\/strong><\/span><a href=\"https:\/\/csc-sarl.ch\/wp-content\/uploads\/2018\/06\/depliant_visitesetd_couvertesfr-all_2012.pdf\" target=\"_self\" rel=\"noopener\"><strong><br \/>\n<\/strong><\/a><strong><img loading=\"lazy\" decoding=\"async\" class=\"size-full wp-image-29050 alignnone\" src=\"https:\/\/csc-sarl.ch\/wp-content\/uploads\/2018\/06\/fr_estavayerlelac_gdrue35_110707_094_120pxlarge.jpg\" alt=\"\" width=\"120\" height=\"88\" \/><\/strong><strong>v<\/strong><strong>isite g\u00e9ologique de <\/strong><strong>la vi<\/strong><strong>lle<\/strong><\/p>\n<p>renseignements et r\u00e9servation via l&rsquo;Office du tourisme :<br \/>\nt\u00e9l. 026 663 12 37 ou e-mail\u00a0<a href=\"mailto:tourisme@estavayer-payerne.ch\">tourisme@estav&#8230;<\/a><br \/>\nou via CSC :<br \/>\nt\u00e9l. 026 422 12 44 ou e-mail\u00a0<a href=\"mailto:csc@conservation-science.ch\">csc@&#8230;<\/a><\/td>\n<td valign=\"top\" width=\"\" height=\"\"><\/td>\n<\/tr>\n<\/tbody>\n<\/table>\n<table class=\"style1\" border=\"0\" width=\"93%\">\n<tbody>\n<tr>\n<td>\n<h6><strong>Dans la presse :<\/strong><\/h6>\n<ul>\n<li>L&rsquo;Express, 15 octobre 2013 :\u00a0<a href=\"\/wp-content\/uploads\/2018\/06\/lexpress_131015.pdf\" target=\"_self\" rel=\"noopener\">balade \u00e0 Neuch\u00e2tel pour l&rsquo;UPN, section littoral<\/a><\/li>\n<li>La Libert\u00e9, 14 mai 2013 :\u00a0<a href=\"\/wp-content\/uploads\/2018\/06\/20130511_laliberte-li-14-05-fr-11.pdf\" target=\"_self\" rel=\"noopener\">balade \u00e0 Fribourg pour les 175 ans de Swisstopo<\/a><\/li>\n<li>La Libert\u00e9, 23 septembre 2011 :\u00a0<a href=\"\/wp-content\/uploads\/2018\/06\/20110723_laliberte_ptt.pdf\" target=\"_self\" rel=\"noopener\">nouvelle visite guid\u00e9e \u00e0 Fribourg<\/a><\/li>\n<\/ul>\n<\/td>\n<\/tr>\n<\/tbody>\n<\/table>\n<table class=\"style1\" border=\"0\" width=\"93%\">\n<tbody>\n<tr>\n<td>Si la visite g\u00e9ologique d&rsquo;une autre ville vous int\u00e9resse, n&rsquo;h\u00e9sitez pas \u00e0 <a href=\"mailto:csc@conservation-science.ch\">nous contacter<\/a><\/td>\n<\/tr>\n<\/tbody>\n<\/table>\n<table class=\"style1\" border=\"0\" width=\"540\">\n<tbody>\n<tr>\n<td style=\"width: 109px;\" align=\"center\" width=\"\" height=\"\"><img loading=\"lazy\" decoding=\"async\" class=\"alignnone size-full wp-image-29048\" src=\"https:\/\/csc-sarl.ch\/wp-content\/uploads\/2018\/06\/terre_50px.gif\" alt=\"\" width=\"50\" height=\"49\" \/><\/td>\n<td style=\"width: 471px;\">\n<h6>La g\u00e9ologie vous int\u00e9resse ?<\/h6>\n<\/td>\n<\/tr>\n<tr>\n<td style=\"width: 109px;\"><img loading=\"lazy\" decoding=\"async\" class=\"alignnone size-full wp-image-29047\" src=\"https:\/\/csc-sarl.ch\/wp-content\/uploads\/2018\/06\/t.basset_120pxlarge.jpg\" alt=\"\" width=\"120\" height=\"81\" \/><\/td>\n<td style=\"width: 471px; text-align: justify;\">Pour d&rsquo;autres activit\u00e9s g\u00e9ologiques grand public (journ\u00e9es d\u00e9couvertes, excursions, voyages,&#8230;) nous vous recommandons de visiter le site du g\u00e9ologue Thierry Basset (fran\u00e7ais) :<br \/>\n<a href=\"http:\/\/www.thierrybasset.ch\/site\/\" target=\"_blank\" rel=\"noopener\">www.thierrybasset.ch<\/a><\/td>\n<\/tr>\n<tr>\n<td style=\"width: 109px;\" valign=\"top\" width=\"\" height=\"\"><img loading=\"lazy\" decoding=\"async\" class=\"alignnone size-full wp-image-29046\" src=\"https:\/\/csc-sarl.ch\/wp-content\/uploads\/2018\/06\/d.b.williams_gd_120px_large.jpg\" alt=\"\" width=\"120\" height=\"81\" \/><\/td>\n<td style=\"width: 471px; text-align: justify;\">A propos de la g\u00e9ologie urbaine, ne manquez pas le site de David B. Williams (anglais) :<br \/>\n<a href=\"http:\/\/geologywriter.com\/\" target=\"_blank\" rel=\"noopener\">http:\/\/geologywriter.com\/<\/a><\/td>\n<\/tr>\n<\/tbody>\n<\/table>\n","protected":false},"excerpt":{"rendered":"<p>Depuis le printemps 2011, nous organisons des visites guid\u00e9es g\u00e9ologiques. Suivant vos souhaits, au cours de ces visites nous pourrons : vous faire regarder autrement des rues que vous pensez bien conna\u00eetre vous faire d\u00e9couvrir les richesses min\u00e9rales et g\u00e9ologiques qui vous entourent vous apprendre \u00e0 lire l&rsquo;histoire de la Terre sur les constructions en &hellip; <a href=\"https:\/\/conservation-science.ch\/?page_id=29044\" class=\"more-link\">Continuer la lecture de <span class=\"screen-reader-text\">Visites g\u00e9ologiques en ville<\/span><\/a><\/p>\n","protected":false},"author":1,"featured_media":0,"parent":28902,"menu_order":4,"comment_status":"closed","ping_status":"closed","template":"","meta":{"footnotes":""},"class_list":["post-29044","page","type-page","status-publish","hentry"],"yoast_head":"<!-- This site is optimized with the Yoast SEO plugin v27.2 - https:\/\/yoast.com\/product\/yoast-seo-wordpress\/ -->\n<title>Visites g\u00e9ologiques en ville - Bl\u00e4uer - Conservation - Science<\/title>\n<meta name=\"robots\" content=\"index, follow, max-snippet:-1, max-image-preview:large, max-video-preview:-1\" \/>\n<link rel=\"canonical\" href=\"https:\/\/conservation-science.ch\/?page_id=29044\" \/>\n<meta property=\"og:locale\" content=\"fr_FR\" \/>\n<meta property=\"og:type\" content=\"article\" \/>\n<meta property=\"og:title\" content=\"Visites g\u00e9ologiques en ville - Bl\u00e4uer - Conservation - Science\" \/>\n<meta property=\"og:description\" content=\"Depuis le printemps 2011, nous organisons des visites guid\u00e9es g\u00e9ologiques. Suivant vos souhaits, au cours de ces visites nous pourrons : vous faire regarder autrement des rues que vous pensez bien conna\u00eetre vous faire d\u00e9couvrir les richesses min\u00e9rales et g\u00e9ologiques qui vous entourent vous apprendre \u00e0 lire l&rsquo;histoire de la Terre sur les constructions en &hellip; Continuer la lecture de Visites g\u00e9ologiques en ville\" \/>\n<meta property=\"og:url\" content=\"https:\/\/conservation-science.ch\/?page_id=29044\" \/>\n<meta property=\"og:site_name\" content=\"Bl\u00e4uer - Conservation - Science\" \/>\n<meta property=\"article:modified_time\" content=\"2024-11-16T20:40:52+00:00\" \/>\n<meta property=\"og:image\" content=\"https:\/\/csc-sarl.ch\/wp-content\/uploads\/2018\/06\/logoacrobatptt.jpg\" \/>\n<meta name=\"twitter:card\" content=\"summary_large_image\" \/>\n<meta name=\"twitter:label1\" content=\"Dur\u00e9e de lecture estim\u00e9e\" \/>\n\t<meta name=\"twitter:data1\" content=\"3 minutes\" \/>\n<script type=\"application\/ld+json\" class=\"yoast-schema-graph\">{\"@context\":\"https:\/\/schema.org\",\"@graph\":[{\"@type\":\"WebPage\",\"@id\":\"https:\/\/conservation-science.ch\/?page_id=29044\",\"url\":\"https:\/\/conservation-science.ch\/?page_id=29044\",\"name\":\"Visites g\u00e9ologiques en ville - Bl\u00e4uer - Conservation - Science\",\"isPartOf\":{\"@id\":\"https:\/\/conservation-science.ch\/#website\"},\"primaryImageOfPage\":{\"@id\":\"https:\/\/conservation-science.ch\/?page_id=29044#primaryimage\"},\"image\":{\"@id\":\"https:\/\/conservation-science.ch\/?page_id=29044#primaryimage\"},\"thumbnailUrl\":\"https:\/\/csc-sarl.ch\/wp-content\/uploads\/2018\/06\/logoacrobatptt.jpg\",\"datePublished\":\"2018-06-11T09:37:41+00:00\",\"dateModified\":\"2024-11-16T20:40:52+00:00\",\"breadcrumb\":{\"@id\":\"https:\/\/conservation-science.ch\/?page_id=29044#breadcrumb\"},\"inLanguage\":\"fr-FR\",\"potentialAction\":[{\"@type\":\"ReadAction\",\"target\":[\"https:\/\/conservation-science.ch\/?page_id=29044\"]}]},{\"@type\":\"ImageObject\",\"inLanguage\":\"fr-FR\",\"@id\":\"https:\/\/conservation-science.ch\/?page_id=29044#primaryimage\",\"url\":\"https:\/\/csc-sarl.ch\/wp-content\/uploads\/2018\/06\/logoacrobatptt.jpg\",\"contentUrl\":\"https:\/\/csc-sarl.ch\/wp-content\/uploads\/2018\/06\/logoacrobatptt.jpg\"},{\"@type\":\"BreadcrumbList\",\"@id\":\"https:\/\/conservation-science.ch\/?page_id=29044#breadcrumb\",\"itemListElement\":[{\"@type\":\"ListItem\",\"position\":1,\"name\":\"Accueil\",\"item\":\"https:\/\/conservation-science.ch\/\"},{\"@type\":\"ListItem\",\"position\":2,\"name\":\"Activit\u00e9s\",\"item\":\"https:\/\/conservation-science.ch\/?page_id=28902\"},{\"@type\":\"ListItem\",\"position\":3,\"name\":\"Visites g\u00e9ologiques en ville\"}]},{\"@type\":\"WebSite\",\"@id\":\"https:\/\/conservation-science.ch\/#website\",\"url\":\"https:\/\/conservation-science.ch\/\",\"name\":\"CSC - Conservation - Sciences\",\"description\":\"Transmission de connaissances dans le domaine des sciences de la conservation du patrimoine b\u00e2ti\",\"potentialAction\":[{\"@type\":\"SearchAction\",\"target\":{\"@type\":\"EntryPoint\",\"urlTemplate\":\"https:\/\/conservation-science.ch\/?s={search_term_string}\"},\"query-input\":{\"@type\":\"PropertyValueSpecification\",\"valueRequired\":true,\"valueName\":\"search_term_string\"}}],\"inLanguage\":\"fr-FR\"}]}<\/script>\n<!-- \/ Yoast SEO plugin. -->","yoast_head_json":{"title":"Visites g\u00e9ologiques en ville - Bl\u00e4uer - Conservation - Science","robots":{"index":"index","follow":"follow","max-snippet":"max-snippet:-1","max-image-preview":"max-image-preview:large","max-video-preview":"max-video-preview:-1"},"canonical":"https:\/\/conservation-science.ch\/?page_id=29044","og_locale":"fr_FR","og_type":"article","og_title":"Visites g\u00e9ologiques en ville - Bl\u00e4uer - Conservation - Science","og_description":"Depuis le printemps 2011, nous organisons des visites guid\u00e9es g\u00e9ologiques. Suivant vos souhaits, au cours de ces visites nous pourrons : vous faire regarder autrement des rues que vous pensez bien conna\u00eetre vous faire d\u00e9couvrir les richesses min\u00e9rales et g\u00e9ologiques qui vous entourent vous apprendre \u00e0 lire l&rsquo;histoire de la Terre sur les constructions en &hellip; Continuer la lecture de Visites g\u00e9ologiques en ville","og_url":"https:\/\/conservation-science.ch\/?page_id=29044","og_site_name":"Bl\u00e4uer - Conservation - Science","article_modified_time":"2024-11-16T20:40:52+00:00","og_image":[{"url":"https:\/\/csc-sarl.ch\/wp-content\/uploads\/2018\/06\/logoacrobatptt.jpg","type":"","width":"","height":""}],"twitter_card":"summary_large_image","twitter_misc":{"Dur\u00e9e de lecture estim\u00e9e":"3 minutes"},"schema":{"@context":"https:\/\/schema.org","@graph":[{"@type":"WebPage","@id":"https:\/\/conservation-science.ch\/?page_id=29044","url":"https:\/\/conservation-science.ch\/?page_id=29044","name":"Visites g\u00e9ologiques en ville - Bl\u00e4uer - Conservation - Science","isPartOf":{"@id":"https:\/\/conservation-science.ch\/#website"},"primaryImageOfPage":{"@id":"https:\/\/conservation-science.ch\/?page_id=29044#primaryimage"},"image":{"@id":"https:\/\/conservation-science.ch\/?page_id=29044#primaryimage"},"thumbnailUrl":"https:\/\/csc-sarl.ch\/wp-content\/uploads\/2018\/06\/logoacrobatptt.jpg","datePublished":"2018-06-11T09:37:41+00:00","dateModified":"2024-11-16T20:40:52+00:00","breadcrumb":{"@id":"https:\/\/conservation-science.ch\/?page_id=29044#breadcrumb"},"inLanguage":"fr-FR","potentialAction":[{"@type":"ReadAction","target":["https:\/\/conservation-science.ch\/?page_id=29044"]}]},{"@type":"ImageObject","inLanguage":"fr-FR","@id":"https:\/\/conservation-science.ch\/?page_id=29044#primaryimage","url":"https:\/\/csc-sarl.ch\/wp-content\/uploads\/2018\/06\/logoacrobatptt.jpg","contentUrl":"https:\/\/csc-sarl.ch\/wp-content\/uploads\/2018\/06\/logoacrobatptt.jpg"},{"@type":"BreadcrumbList","@id":"https:\/\/conservation-science.ch\/?page_id=29044#breadcrumb","itemListElement":[{"@type":"ListItem","position":1,"name":"Accueil","item":"https:\/\/conservation-science.ch\/"},{"@type":"ListItem","position":2,"name":"Activit\u00e9s","item":"https:\/\/conservation-science.ch\/?page_id=28902"},{"@type":"ListItem","position":3,"name":"Visites g\u00e9ologiques en ville"}]},{"@type":"WebSite","@id":"https:\/\/conservation-science.ch\/#website","url":"https:\/\/conservation-science.ch\/","name":"CSC - Conservation - Sciences","description":"Transmission de connaissances dans le domaine des sciences de la conservation du patrimoine b\u00e2ti","potentialAction":[{"@type":"SearchAction","target":{"@type":"EntryPoint","urlTemplate":"https:\/\/conservation-science.ch\/?s={search_term_string}"},"query-input":{"@type":"PropertyValueSpecification","valueRequired":true,"valueName":"search_term_string"}}],"inLanguage":"fr-FR"}]}},"_links":{"self":[{"href":"https:\/\/conservation-science.ch\/index.php?rest_route=\/wp\/v2\/pages\/29044","targetHints":{"allow":["GET"]}}],"collection":[{"href":"https:\/\/conservation-science.ch\/index.php?rest_route=\/wp\/v2\/pages"}],"about":[{"href":"https:\/\/conservation-science.ch\/index.php?rest_route=\/wp\/v2\/types\/page"}],"author":[{"embeddable":true,"href":"https:\/\/conservation-science.ch\/index.php?rest_route=\/wp\/v2\/users\/1"}],"replies":[{"embeddable":true,"href":"https:\/\/conservation-science.ch\/index.php?rest_route=%2Fwp%2Fv2%2Fcomments&post=29044"}],"version-history":[{"count":17,"href":"https:\/\/conservation-science.ch\/index.php?rest_route=\/wp\/v2\/pages\/29044\/revisions"}],"predecessor-version":[{"id":40503,"href":"https:\/\/conservation-science.ch\/index.php?rest_route=\/wp\/v2\/pages\/29044\/revisions\/40503"}],"up":[{"embeddable":true,"href":"https:\/\/conservation-science.ch\/index.php?rest_route=\/wp\/v2\/pages\/28902"}],"wp:attachment":[{"href":"https:\/\/conservation-science.ch\/index.php?rest_route=%2Fwp%2Fv2%2Fmedia&parent=29044"}],"curies":[{"name":"wp","href":"https:\/\/api.w.org\/{rel}","templated":true}]}}