{"id":28994,"date":"2018-06-11T10:46:18","date_gmt":"2018-06-11T08:46:18","guid":{"rendered":"https:\/\/objectif-lune.ch\/?page_id=28994"},"modified":"2018-12-08T17:32:02","modified_gmt":"2018-12-08T16:32:02","slug":"liens","status":"publish","type":"page","link":"https:\/\/conservation-science.ch\/?page_id=28994","title":{"rendered":"Liens"},"content":{"rendered":"<p><strong>Nous vous invitons \u00e0 visiter les sites suivants :<\/strong><\/p>\n<p><span class=\"style2\">\u00a0Pour suivre les travaux sur quelques monuments suisses :<\/span><\/p>\n<table class=\"style1\" border=\"0\" width=\"570\">\n<tbody>\n<tr>\n<td style=\"width: 90px;\"><img loading=\"lazy\" decoding=\"async\" class=\"alignnone size-full wp-image-29011\" src=\"https:\/\/csc-sarl.ch\/wp-content\/uploads\/2018\/06\/muensterbe_80pxhaut-1.jpg\" alt=\"\" width=\"35\" height=\"48\" \/><\/td>\n<td style=\"width: 199px;\" width=\"285\" height=\"\"><a href=\"http:\/\/www.bernermuensterstiftung.ch\/aktuell\/aktuell.php\" target=\"_blank\" rel=\"noopener\">Coll\u00e9giale de Berne<\/a>\u00a0(D)<\/td>\n<td style=\"width: 76px;\"><img loading=\"lazy\" decoding=\"async\" class=\"alignnone size-full wp-image-29010\" src=\"https:\/\/csc-sarl.ch\/wp-content\/uploads\/2018\/06\/ne_neuchatel_collegiale_090929_001.jpg\" alt=\"\" width=\"35\" height=\"50\" \/><\/td>\n<td style=\"width: 214px;\" width=\"285\" height=\"\"><a href=\"http:\/\/www.restaurationcollegialeneuchatel.ch\/\" target=\"_blank\" rel=\"noopener\">Coll\u00e9giale de Neuch\u00e2tel<\/a>\u00a0(F)<\/td>\n<\/tr>\n<tr>\n<td style=\"width: 90px;\"><img loading=\"lazy\" decoding=\"async\" class=\"alignnone size-full wp-image-29009\" src=\"https:\/\/csc-sarl.ch\/wp-content\/uploads\/2018\/06\/ktlausanne.jpg\" alt=\"\" width=\"35\" height=\"50\" \/><\/td>\n<td style=\"width: 199px;\"><a href=\"http:\/\/www.patrimoine.vd.ch\/cathedrale-de-lausanne\/accueil\/\" target=\"_blank\" rel=\"noopener\">Cath\u00e9drale de Lausanne<\/a>\u00a0(F)<\/td>\n<td style=\"width: 76px;\"><img loading=\"lazy\" decoding=\"async\" class=\"alignnone size-full wp-image-29008\" src=\"https:\/\/csc-sarl.ch\/wp-content\/uploads\/2018\/06\/ktbale.jpg\" alt=\"\" width=\"35\" height=\"50\" \/><\/td>\n<td style=\"width: 214px;\"><a href=\"http:\/\/www.baslermuenster.ch\/bauwerk\/baugeschichte\" target=\"_blank\" rel=\"noopener\">Cath\u00e9drale de B\u00e2le<\/a>\u00a0(D)<a href=\"http:\/\/www.baslermuenster.ch\/bauwerk\/baugeschichte\" target=\"_blank\" rel=\"noopener\"><br \/>\n<\/a><\/td>\n<\/tr>\n<\/tbody>\n<\/table>\n<p><span class=\"style2\">\u00a0Associations :\u00a0<\/span><\/p>\n<table class=\"style1\" border=\"0\" width=\"570\">\n<tbody>\n<tr>\n<td style=\"width: 88px;\"><img loading=\"lazy\" decoding=\"async\" class=\"rex_image alignnone\" src=\"https:\/\/csc-sarl.ch\/wp-content\/uploads\/2018\/06\/achiass.jpg\" alt=\"[Keine Beschreibung eingegeben]\" ismap=\"ismap\" width=\"35\" height=\"50\" \/><\/td>\n<td style=\"width: 200px;\" width=\"285\" height=\"\"><a href=\"http:\/\/www.achiassociation.org\/\" target=\"_blank\" rel=\"noopener\">ACHI<\/a>\u00a0&#8211; Association d\u00e9di\u00e9e \u00e0 la pr\u00e9servation du patrimoine bouddhiste (E)<\/td>\n<td style=\"width: 78px;\"><img loading=\"lazy\" decoding=\"async\" class=\"rex_image alignnone\" src=\"https:\/\/csc-sarl.ch\/wp-content\/uploads\/2018\/06\/armp.jpg\" alt=\"[Keine Beschreibung eingegeben]\" ismap=\"ismap\" width=\"35\" height=\"50\" \/><\/td>\n<td style=\"width: 213px;\" width=\"285\" height=\"\"><a href=\"http:\/\/www.armp.ch\/\" target=\"_blank\" rel=\"noopener\">ARMP<\/a>\u00a0&#8211; Association Romande des M\u00e9tiers de la Pierre (F)<\/td>\n<\/tr>\n<\/tbody>\n<\/table>\n<p><span class=\"style2\">\u00a0Glossaires, Wikis, &#8230; :<\/span><\/p>\n<table class=\"style1\" border=\"0\" width=\"570\">\n<tbody>\n<tr>\n<td style=\"width: 90px;\"><img decoding=\"async\" class=\"rex_image\" src=\"https:\/\/csc-sarl.ch\/wp-content\/uploads\/2018\/06\/glossaireicomos.jpg\" alt=\"[Keine Beschreibung eingegeben]\" ismap=\"ismap\" \/><\/td>\n<td style=\"width: 200px;\" width=\"285\" height=\"\"><a href=\"http:\/\/international.icomos.org\/publications\/monuments_and_sites\/15\/index.htm\" target=\"_blank\" rel=\"noopener\">ICOMOS-ISCS &#8211; Glossaire<\/a>\u00a0illustr\u00e9 sur les formes d&rsquo;alt\u00e9ration de la pierre (F, E, D)<\/td>\n<td style=\"width: 85px;\"><img decoding=\"async\" class=\"rex_image\" src=\"https:\/\/csc-sarl.ch\/wp-content\/uploads\/2018\/06\/saltwiki.jpg\" alt=\"[Keine Beschreibung eingegeben]\" ismap=\"ismap\" \/><\/td>\n<td style=\"width: 205px;\" width=\"285\" height=\"\"><a href=\"http:\/\/www.salzwiki.de\/\" target=\"_blank\" rel=\"noopener\">SalzWiki<\/a>\u00a0&#8211; Informations sur les sels et les alt\u00e9rations qu&rsquo;ils provoquent (E, D)<\/td>\n<\/tr>\n<tr>\n<td style=\"width: 90px;\"><img decoding=\"async\" class=\"rex_image\" src=\"https:\/\/csc-sarl.ch\/wp-content\/uploads\/2018\/06\/padfield.jpg\" alt=\"[Keine Beschreibung eingegeben]\" ismap=\"ismap\" \/><\/td>\n<td style=\"width: 200px;\">Tout ce que vous avez toujours voulu savoir sur<a href=\"http:\/\/www.conservationphysics.org\/\" target=\"_blank\" rel=\"noopener\">\u00a0la relation entre physique du b\u00e2timent et conservation mus\u00e9ale<\/a>\u00a0par Tim Padfield (E)<\/td>\n<td style=\"width: 85px;\"><img decoding=\"async\" class=\"rex_image\" src=\"https:\/\/csc-sarl.ch\/wp-content\/uploads\/2018\/06\/expoterre.jpg\" alt=\"[Keine Beschreibung eingegeben]\" ismap=\"ismap\" \/><\/td>\n<td style=\"width: 205px;\">Des grains, des argiles, des constructions&#8230;<br \/>\nS\u00e9rie de vid\u00e9os de\u00a0<a href=\"https:\/\/vimeo.com\/album\/3264861\/sort:alphabetical\/format:detail\" target=\"_blank\" rel=\"noopener\">Grains de B\u00e2tisseurs<\/a>\u00a0(F)<\/td>\n<\/tr>\n<\/tbody>\n<\/table>\n<p><span class=\"style2\">\u00a0Vieilles pierres et arch\u00e9ologie :<\/span><\/p>\n<table class=\"style1\" border=\"0\" width=\"570\">\n<tbody>\n<tr>\n<td style=\"width: 93px;\"><img decoding=\"async\" class=\"rex_image\" src=\"https:\/\/csc-sarl.ch\/wp-content\/uploads\/2018\/06\/perstoremyr.jpg\" alt=\"[Keine Beschreibung eingegeben]\" ismap=\"ismap\" \/><\/td>\n<td style=\"width: 196px;\" colspan=\"3\" width=\"285\" height=\"\"><a href=\"http:\/\/per-storemyr.net\/\" target=\"_blank\" rel=\"noopener\">Archaeology and Conservation Services<\/a>, entreprise de Per Storemyr (E)<\/td>\n<\/tr>\n<\/tbody>\n<\/table>\n<p><span class=\"style2\">\u00a0Vieilles pierres et g\u00e9ologie :<\/span><\/p>\n<table class=\"style1\" border=\"0\" width=\"570\">\n<tbody>\n<tr>\n<td style=\"width: 92px;\"><img decoding=\"async\" class=\"rex_image\" src=\"https:\/\/csc-sarl.ch\/wp-content\/uploads\/2018\/06\/thierrybasset.jpg\" alt=\"[Keine Beschreibung eingegeben]\" ismap=\"ismap\" \/><\/td>\n<td style=\"width: 198px;\" width=\"285\" height=\"\"><a href=\"https:\/\/www.thierrybasset.ch\/\" target=\"_blank\" rel=\"noopener\">Thierry Basset<\/a>, g\u00e9ologue volcanologue suisse, vulgarisateur scientifique vous fera r\u00eaver de g\u00e9ologie ! (F)<\/td>\n<td style=\"width: 83px;\"><img decoding=\"async\" class=\"rex_image\" src=\"https:\/\/csc-sarl.ch\/wp-content\/uploads\/2018\/06\/geologywriter.jpg\" alt=\"[Keine Beschreibung eingegeben]\" ismap=\"ismap\" \/><\/td>\n<td style=\"width: 206px;\" width=\"285\" height=\"\"><a href=\"http:\/\/geologywriter.com\/about\/\" target=\"_blank\" rel=\"noopener\">David B. Williams<\/a>, g\u00e9ologue am\u00e9ricain, lit l&rsquo;histoire de la Terre sur les fa\u00e7ades (E)<\/td>\n<\/tr>\n<\/tbody>\n<\/table>\n<p><span class=\"style2\">\u00a0Besoin d&rsquo;un hydrog\u00e9ologue ?<\/span><\/p>\n<table class=\"style1\" border=\"0\" width=\"570\">\n<tbody>\n<tr>\n<td style=\"width: 92px;\"><img decoding=\"async\" class=\"rex_image\" src=\"https:\/\/csc-sarl.ch\/wp-content\/uploads\/2018\/06\/boehmgeol.jpg\" alt=\"[Keine Beschreibung eingegeben]\" ismap=\"ismap\" \/><\/td>\n<td style=\"width: 201px;\" width=\"285\" height=\"\"><a href=\"http:\/\/www.boehmgeol.ch\/\" target=\"_blank\" rel=\"noopener\">Christian B\u00f6hm<\/a>, hydrog\u00e9ologue dans le canton des Grisons (D, I)<\/td>\n<td style=\"width: 14px;\"><\/td>\n<td style=\"width: 272px;\" width=\"285\" height=\"\"><\/td>\n<\/tr>\n<\/tbody>\n<\/table>\n<p><span class=\"style2\">\u00a0C&rsquo;est quoi la science ?<\/span><\/p>\n<table class=\"style1\" border=\"0\" width=\"570\">\n<tbody>\n<tr>\n<td style=\"width: 89px;\"><a href=\"https:\/\/explorable.com\/fr\" target=\"_blank\" rel=\"noopener\"><img loading=\"lazy\" decoding=\"async\" class=\"rex_image aligncenter\" src=\"https:\/\/csc-sarl.ch\/wp-content\/uploads\/2018\/06\/explorable.jpg\" alt=\"[Keine\u00a0Beschreibung\u00a0eingegeben]\" ismap=\"ismap\" width=\"66\" height=\"94\" \/><\/a><\/td>\n<td style=\"width: 205px;\" width=\"285\" height=\"\"><a href=\"https:\/\/explorable.com\/fr\" target=\"_blank\" rel=\"noopener\">explorable.com<\/a>\u00a0: un guide d&rsquo;initiation sur les concepts cl\u00e9s de la m\u00e9thode scientifique, de la science, de la recherche et des exp\u00e9riences pour les grands et les petits (E, F, D)<\/td>\n<td style=\"width: 14px;\"><\/td>\n<td style=\"width: 272px;\" width=\"285\" height=\"\"><\/td>\n<\/tr>\n<\/tbody>\n<\/table>\n","protected":false},"excerpt":{"rendered":"<p>Nous vous invitons \u00e0 visiter les sites suivants : \u00a0Pour suivre les travaux sur quelques monuments suisses : Coll\u00e9giale de Berne\u00a0(D) Coll\u00e9giale de Neuch\u00e2tel\u00a0(F) Cath\u00e9drale de Lausanne\u00a0(F) Cath\u00e9drale de B\u00e2le\u00a0(D) \u00a0Associations :\u00a0 ACHI\u00a0&#8211; Association d\u00e9di\u00e9e \u00e0 la pr\u00e9servation du patrimoine bouddhiste (E) ARMP\u00a0&#8211; Association Romande des M\u00e9tiers de la Pierre (F) \u00a0Glossaires, Wikis, &#8230; : &hellip; <a href=\"https:\/\/conservation-science.ch\/?page_id=28994\" class=\"more-link\">Continuer la lecture de <span class=\"screen-reader-text\">Liens<\/span><\/a><\/p>\n","protected":false},"author":1,"featured_media":0,"parent":28756,"menu_order":3,"comment_status":"closed","ping_status":"closed","template":"","meta":{"footnotes":""},"class_list":["post-28994","page","type-page","status-publish","hentry"],"yoast_head":"<!-- This site is optimized with the Yoast SEO plugin v27.2 - https:\/\/yoast.com\/product\/yoast-seo-wordpress\/ -->\n<title>Liens - Bl\u00e4uer - Conservation - Science<\/title>\n<meta name=\"robots\" content=\"index, follow, max-snippet:-1, max-image-preview:large, max-video-preview:-1\" \/>\n<link rel=\"canonical\" href=\"https:\/\/conservation-science.ch\/?page_id=28994\" \/>\n<meta property=\"og:locale\" content=\"fr_FR\" \/>\n<meta property=\"og:type\" content=\"article\" \/>\n<meta property=\"og:title\" content=\"Liens - Bl\u00e4uer - Conservation - Science\" \/>\n<meta property=\"og:description\" content=\"Nous vous invitons \u00e0 visiter les sites suivants : \u00a0Pour suivre les travaux sur quelques monuments suisses : Coll\u00e9giale de Berne\u00a0(D) Coll\u00e9giale de Neuch\u00e2tel\u00a0(F) Cath\u00e9drale de Lausanne\u00a0(F) Cath\u00e9drale de B\u00e2le\u00a0(D) \u00a0Associations :\u00a0 ACHI\u00a0&#8211; Association d\u00e9di\u00e9e \u00e0 la pr\u00e9servation du patrimoine bouddhiste (E) ARMP\u00a0&#8211; Association Romande des M\u00e9tiers de la Pierre (F) \u00a0Glossaires, Wikis, &#8230; : &hellip; Continuer la lecture de Liens\" \/>\n<meta property=\"og:url\" content=\"https:\/\/conservation-science.ch\/?page_id=28994\" \/>\n<meta property=\"og:site_name\" content=\"Bl\u00e4uer - Conservation - Science\" \/>\n<meta property=\"article:modified_time\" content=\"2018-12-08T16:32:02+00:00\" \/>\n<meta property=\"og:image\" content=\"https:\/\/csc-sarl.ch\/wp-content\/uploads\/2018\/06\/muensterbe_80pxhaut-1.jpg\" \/>\n<meta name=\"twitter:card\" content=\"summary_large_image\" \/>\n<meta name=\"twitter:label1\" content=\"Dur\u00e9e de lecture estim\u00e9e\" \/>\n\t<meta name=\"twitter:data1\" content=\"1 minute\" \/>\n<script type=\"application\/ld+json\" class=\"yoast-schema-graph\">{\"@context\":\"https:\/\/schema.org\",\"@graph\":[{\"@type\":\"WebPage\",\"@id\":\"https:\/\/conservation-science.ch\/?page_id=28994\",\"url\":\"https:\/\/conservation-science.ch\/?page_id=28994\",\"name\":\"Liens - Bl\u00e4uer - Conservation - Science\",\"isPartOf\":{\"@id\":\"https:\/\/conservation-science.ch\/#website\"},\"primaryImageOfPage\":{\"@id\":\"https:\/\/conservation-science.ch\/?page_id=28994#primaryimage\"},\"image\":{\"@id\":\"https:\/\/conservation-science.ch\/?page_id=28994#primaryimage\"},\"thumbnailUrl\":\"https:\/\/csc-sarl.ch\/wp-content\/uploads\/2018\/06\/muensterbe_80pxhaut-1.jpg\",\"datePublished\":\"2018-06-11T08:46:18+00:00\",\"dateModified\":\"2018-12-08T16:32:02+00:00\",\"breadcrumb\":{\"@id\":\"https:\/\/conservation-science.ch\/?page_id=28994#breadcrumb\"},\"inLanguage\":\"fr-FR\",\"potentialAction\":[{\"@type\":\"ReadAction\",\"target\":[\"https:\/\/conservation-science.ch\/?page_id=28994\"]}]},{\"@type\":\"ImageObject\",\"inLanguage\":\"fr-FR\",\"@id\":\"https:\/\/conservation-science.ch\/?page_id=28994#primaryimage\",\"url\":\"https:\/\/csc-sarl.ch\/wp-content\/uploads\/2018\/06\/muensterbe_80pxhaut-1.jpg\",\"contentUrl\":\"https:\/\/csc-sarl.ch\/wp-content\/uploads\/2018\/06\/muensterbe_80pxhaut-1.jpg\"},{\"@type\":\"BreadcrumbList\",\"@id\":\"https:\/\/conservation-science.ch\/?page_id=28994#breadcrumb\",\"itemListElement\":[{\"@type\":\"ListItem\",\"position\":1,\"name\":\"Accueil\",\"item\":\"https:\/\/conservation-science.ch\/\"},{\"@type\":\"ListItem\",\"position\":2,\"name\":\"Accueil\",\"item\":\"https:\/\/conservation-science.ch\/\"},{\"@type\":\"ListItem\",\"position\":3,\"name\":\"Liens\"}]},{\"@type\":\"WebSite\",\"@id\":\"https:\/\/conservation-science.ch\/#website\",\"url\":\"https:\/\/conservation-science.ch\/\",\"name\":\"CSC - Conservation - Sciences\",\"description\":\"Transmission de connaissances dans le domaine des sciences de la conservation du patrimoine b\u00e2ti\",\"potentialAction\":[{\"@type\":\"SearchAction\",\"target\":{\"@type\":\"EntryPoint\",\"urlTemplate\":\"https:\/\/conservation-science.ch\/?s={search_term_string}\"},\"query-input\":{\"@type\":\"PropertyValueSpecification\",\"valueRequired\":true,\"valueName\":\"search_term_string\"}}],\"inLanguage\":\"fr-FR\"}]}<\/script>\n<!-- \/ Yoast SEO plugin. -->","yoast_head_json":{"title":"Liens - Bl\u00e4uer - Conservation - Science","robots":{"index":"index","follow":"follow","max-snippet":"max-snippet:-1","max-image-preview":"max-image-preview:large","max-video-preview":"max-video-preview:-1"},"canonical":"https:\/\/conservation-science.ch\/?page_id=28994","og_locale":"fr_FR","og_type":"article","og_title":"Liens - Bl\u00e4uer - Conservation - Science","og_description":"Nous vous invitons \u00e0 visiter les sites suivants : \u00a0Pour suivre les travaux sur quelques monuments suisses : Coll\u00e9giale de Berne\u00a0(D) Coll\u00e9giale de Neuch\u00e2tel\u00a0(F) Cath\u00e9drale de Lausanne\u00a0(F) Cath\u00e9drale de B\u00e2le\u00a0(D) \u00a0Associations :\u00a0 ACHI\u00a0&#8211; Association d\u00e9di\u00e9e \u00e0 la pr\u00e9servation du patrimoine bouddhiste (E) ARMP\u00a0&#8211; Association Romande des M\u00e9tiers de la Pierre (F) \u00a0Glossaires, Wikis, &#8230; : &hellip; Continuer la lecture de Liens","og_url":"https:\/\/conservation-science.ch\/?page_id=28994","og_site_name":"Bl\u00e4uer - Conservation - Science","article_modified_time":"2018-12-08T16:32:02+00:00","og_image":[{"url":"https:\/\/csc-sarl.ch\/wp-content\/uploads\/2018\/06\/muensterbe_80pxhaut-1.jpg","type":"","width":"","height":""}],"twitter_card":"summary_large_image","twitter_misc":{"Dur\u00e9e de lecture estim\u00e9e":"1 minute"},"schema":{"@context":"https:\/\/schema.org","@graph":[{"@type":"WebPage","@id":"https:\/\/conservation-science.ch\/?page_id=28994","url":"https:\/\/conservation-science.ch\/?page_id=28994","name":"Liens - Bl\u00e4uer - Conservation - Science","isPartOf":{"@id":"https:\/\/conservation-science.ch\/#website"},"primaryImageOfPage":{"@id":"https:\/\/conservation-science.ch\/?page_id=28994#primaryimage"},"image":{"@id":"https:\/\/conservation-science.ch\/?page_id=28994#primaryimage"},"thumbnailUrl":"https:\/\/csc-sarl.ch\/wp-content\/uploads\/2018\/06\/muensterbe_80pxhaut-1.jpg","datePublished":"2018-06-11T08:46:18+00:00","dateModified":"2018-12-08T16:32:02+00:00","breadcrumb":{"@id":"https:\/\/conservation-science.ch\/?page_id=28994#breadcrumb"},"inLanguage":"fr-FR","potentialAction":[{"@type":"ReadAction","target":["https:\/\/conservation-science.ch\/?page_id=28994"]}]},{"@type":"ImageObject","inLanguage":"fr-FR","@id":"https:\/\/conservation-science.ch\/?page_id=28994#primaryimage","url":"https:\/\/csc-sarl.ch\/wp-content\/uploads\/2018\/06\/muensterbe_80pxhaut-1.jpg","contentUrl":"https:\/\/csc-sarl.ch\/wp-content\/uploads\/2018\/06\/muensterbe_80pxhaut-1.jpg"},{"@type":"BreadcrumbList","@id":"https:\/\/conservation-science.ch\/?page_id=28994#breadcrumb","itemListElement":[{"@type":"ListItem","position":1,"name":"Accueil","item":"https:\/\/conservation-science.ch\/"},{"@type":"ListItem","position":2,"name":"Accueil","item":"https:\/\/conservation-science.ch\/"},{"@type":"ListItem","position":3,"name":"Liens"}]},{"@type":"WebSite","@id":"https:\/\/conservation-science.ch\/#website","url":"https:\/\/conservation-science.ch\/","name":"CSC - Conservation - Sciences","description":"Transmission de connaissances dans le domaine des sciences de la conservation du patrimoine b\u00e2ti","potentialAction":[{"@type":"SearchAction","target":{"@type":"EntryPoint","urlTemplate":"https:\/\/conservation-science.ch\/?s={search_term_string}"},"query-input":{"@type":"PropertyValueSpecification","valueRequired":true,"valueName":"search_term_string"}}],"inLanguage":"fr-FR"}]}},"_links":{"self":[{"href":"https:\/\/conservation-science.ch\/index.php?rest_route=\/wp\/v2\/pages\/28994","targetHints":{"allow":["GET"]}}],"collection":[{"href":"https:\/\/conservation-science.ch\/index.php?rest_route=\/wp\/v2\/pages"}],"about":[{"href":"https:\/\/conservation-science.ch\/index.php?rest_route=\/wp\/v2\/types\/page"}],"author":[{"embeddable":true,"href":"https:\/\/conservation-science.ch\/index.php?rest_route=\/wp\/v2\/users\/1"}],"replies":[{"embeddable":true,"href":"https:\/\/conservation-science.ch\/index.php?rest_route=%2Fwp%2Fv2%2Fcomments&post=28994"}],"version-history":[{"count":6,"href":"https:\/\/conservation-science.ch\/index.php?rest_route=\/wp\/v2\/pages\/28994\/revisions"}],"predecessor-version":[{"id":38901,"href":"https:\/\/conservation-science.ch\/index.php?rest_route=\/wp\/v2\/pages\/28994\/revisions\/38901"}],"up":[{"embeddable":true,"href":"https:\/\/conservation-science.ch\/index.php?rest_route=\/wp\/v2\/pages\/28756"}],"wp:attachment":[{"href":"https:\/\/conservation-science.ch\/index.php?rest_route=%2Fwp%2Fv2%2Fmedia&parent=28994"}],"curies":[{"name":"wp","href":"https:\/\/api.w.org\/{rel}","templated":true}]}}