{"id":28936,"date":"2018-06-10T16:14:27","date_gmt":"2018-06-10T14:14:27","guid":{"rendered":"https:\/\/objectif-lune.ch\/?page_id=28936"},"modified":"2024-11-16T20:10:34","modified_gmt":"2024-11-16T19:10:34","slug":"constat-detat-des-materiaux","status":"publish","type":"page","link":"https:\/\/conservation-science.ch\/?page_id=28936","title":{"rendered":"Constat d&rsquo;\u00e9tat des mat\u00e9riaux"},"content":{"rendered":"<p style=\"text-align: justify;\"><strong>Constat d&rsquo;\u00e9tat des mat\u00e9riaux\u00a0<\/strong>: nos visites sur place sont g\u00e9n\u00e9ralement l&rsquo;occasion d&rsquo;\u00e9tablir un constat d&rsquo;\u00e9tat des mat\u00e9riaux des diff\u00e9rents \u00e9l\u00e9ments. Le niveau de d\u00e9tail de ce constat d\u00e9pend des questions \u00e0 r\u00e9soudre. L\u00e0 encore l&rsquo;\u00e9tude des archives est un atout non n\u00e9gligeable pour conna\u00eetre les \u00e9volutions et leur rapidit\u00e9.<\/p>\n<p><img loading=\"lazy\" decoding=\"async\" class=\"size-full wp-image-28937 aligncenter\" src=\"https:\/\/csc-sarl.ch\/wp-content\/uploads\/2018\/06\/gibb_viktoria_xb.jpg\" alt=\"\" width=\"346\" height=\"265\" \/><\/p>\n<p style=\"text-align: center;\"><em>Gewerblich industrielle Berufsschule GIBB-Viktoria, Berne &#8211; 2006<\/em><\/p>\n<p>&nbsp;<\/p>\n<p><a href=\"\/etudes-expertises\/\"><em>Pour en savoir plus&#8230;<\/em><\/a><\/p>\n","protected":false},"excerpt":{"rendered":"<p>Constat d&rsquo;\u00e9tat des mat\u00e9riaux\u00a0: nos visites sur place sont g\u00e9n\u00e9ralement l&rsquo;occasion d&rsquo;\u00e9tablir un constat d&rsquo;\u00e9tat des mat\u00e9riaux des diff\u00e9rents \u00e9l\u00e9ments. Le niveau de d\u00e9tail de ce constat d\u00e9pend des questions \u00e0 r\u00e9soudre. L\u00e0 encore l&rsquo;\u00e9tude des archives est un atout non n\u00e9gligeable pour conna\u00eetre les \u00e9volutions et leur rapidit\u00e9. Gewerblich industrielle Berufsschule GIBB-Viktoria, Berne &#8211; &hellip; <a href=\"https:\/\/conservation-science.ch\/?page_id=28936\" class=\"more-link\">Continuer la lecture de <span class=\"screen-reader-text\">Constat d&rsquo;\u00e9tat des mat\u00e9riaux<\/span><\/a><\/p>\n","protected":false},"author":1,"featured_media":0,"parent":28923,"menu_order":2,"comment_status":"closed","ping_status":"closed","template":"","meta":{"footnotes":""},"class_list":["post-28936","page","type-page","status-publish","hentry"],"yoast_head":"<!-- This site is optimized with the Yoast SEO plugin v27.2 - https:\/\/yoast.com\/product\/yoast-seo-wordpress\/ -->\n<title>Constat d&#039;\u00e9tat des mat\u00e9riaux - Bl\u00e4uer - Conservation - Science<\/title>\n<meta name=\"robots\" content=\"index, follow, max-snippet:-1, max-image-preview:large, max-video-preview:-1\" \/>\n<link rel=\"canonical\" href=\"https:\/\/conservation-science.ch\/?page_id=28936\" \/>\n<meta property=\"og:locale\" content=\"fr_FR\" \/>\n<meta property=\"og:type\" content=\"article\" \/>\n<meta property=\"og:title\" content=\"Constat d&#039;\u00e9tat des mat\u00e9riaux - Bl\u00e4uer - Conservation - Science\" \/>\n<meta property=\"og:description\" content=\"Constat d&rsquo;\u00e9tat des mat\u00e9riaux\u00a0: nos visites sur place sont g\u00e9n\u00e9ralement l&rsquo;occasion d&rsquo;\u00e9tablir un constat d&rsquo;\u00e9tat des mat\u00e9riaux des diff\u00e9rents \u00e9l\u00e9ments. Le niveau de d\u00e9tail de ce constat d\u00e9pend des questions \u00e0 r\u00e9soudre. L\u00e0 encore l&rsquo;\u00e9tude des archives est un atout non n\u00e9gligeable pour conna\u00eetre les \u00e9volutions et leur rapidit\u00e9. Gewerblich industrielle Berufsschule GIBB-Viktoria, Berne &#8211; &hellip; Continuer la lecture de Constat d&rsquo;\u00e9tat des mat\u00e9riaux\" \/>\n<meta property=\"og:url\" content=\"https:\/\/conservation-science.ch\/?page_id=28936\" \/>\n<meta property=\"og:site_name\" content=\"Bl\u00e4uer - Conservation - Science\" \/>\n<meta property=\"article:modified_time\" content=\"2024-11-16T19:10:34+00:00\" \/>\n<meta property=\"og:image\" content=\"https:\/\/csc-sarl.ch\/wp-content\/uploads\/2018\/06\/gibb_viktoria_xb.jpg\" \/>\n<meta name=\"twitter:card\" content=\"summary_large_image\" \/>\n<meta name=\"twitter:label1\" content=\"Dur\u00e9e de lecture estim\u00e9e\" \/>\n\t<meta name=\"twitter:data1\" content=\"1 minute\" \/>\n<script type=\"application\/ld+json\" class=\"yoast-schema-graph\">{\"@context\":\"https:\/\/schema.org\",\"@graph\":[{\"@type\":\"WebPage\",\"@id\":\"https:\/\/conservation-science.ch\/?page_id=28936\",\"url\":\"https:\/\/conservation-science.ch\/?page_id=28936\",\"name\":\"Constat d'\u00e9tat des mat\u00e9riaux - Bl\u00e4uer - Conservation - Science\",\"isPartOf\":{\"@id\":\"https:\/\/conservation-science.ch\/#website\"},\"primaryImageOfPage\":{\"@id\":\"https:\/\/conservation-science.ch\/?page_id=28936#primaryimage\"},\"image\":{\"@id\":\"https:\/\/conservation-science.ch\/?page_id=28936#primaryimage\"},\"thumbnailUrl\":\"https:\/\/csc-sarl.ch\/wp-content\/uploads\/2018\/06\/gibb_viktoria_xb.jpg\",\"datePublished\":\"2018-06-10T14:14:27+00:00\",\"dateModified\":\"2024-11-16T19:10:34+00:00\",\"breadcrumb\":{\"@id\":\"https:\/\/conservation-science.ch\/?page_id=28936#breadcrumb\"},\"inLanguage\":\"fr-FR\",\"potentialAction\":[{\"@type\":\"ReadAction\",\"target\":[\"https:\/\/conservation-science.ch\/?page_id=28936\"]}]},{\"@type\":\"ImageObject\",\"inLanguage\":\"fr-FR\",\"@id\":\"https:\/\/conservation-science.ch\/?page_id=28936#primaryimage\",\"url\":\"https:\/\/csc-sarl.ch\/wp-content\/uploads\/2018\/06\/gibb_viktoria_xb.jpg\",\"contentUrl\":\"https:\/\/csc-sarl.ch\/wp-content\/uploads\/2018\/06\/gibb_viktoria_xb.jpg\"},{\"@type\":\"BreadcrumbList\",\"@id\":\"https:\/\/conservation-science.ch\/?page_id=28936#breadcrumb\",\"itemListElement\":[{\"@type\":\"ListItem\",\"position\":1,\"name\":\"Accueil\",\"item\":\"https:\/\/conservation-science.ch\/\"},{\"@type\":\"ListItem\",\"position\":2,\"name\":\"Activit\u00e9s\",\"item\":\"https:\/\/conservation-science.ch\/?page_id=28902\"},{\"@type\":\"ListItem\",\"position\":3,\"name\":\"Expertises et Conseils\",\"item\":\"https:\/\/conservation-science.ch\/?page_id=28923\"},{\"@type\":\"ListItem\",\"position\":4,\"name\":\"Constat d&rsquo;\u00e9tat des mat\u00e9riaux\"}]},{\"@type\":\"WebSite\",\"@id\":\"https:\/\/conservation-science.ch\/#website\",\"url\":\"https:\/\/conservation-science.ch\/\",\"name\":\"CSC - Conservation - Sciences\",\"description\":\"Transmission de connaissances dans le domaine des sciences de la conservation du patrimoine b\u00e2ti\",\"potentialAction\":[{\"@type\":\"SearchAction\",\"target\":{\"@type\":\"EntryPoint\",\"urlTemplate\":\"https:\/\/conservation-science.ch\/?s={search_term_string}\"},\"query-input\":{\"@type\":\"PropertyValueSpecification\",\"valueRequired\":true,\"valueName\":\"search_term_string\"}}],\"inLanguage\":\"fr-FR\"}]}<\/script>\n<!-- \/ Yoast SEO plugin. -->","yoast_head_json":{"title":"Constat d'\u00e9tat des mat\u00e9riaux - Bl\u00e4uer - Conservation - Science","robots":{"index":"index","follow":"follow","max-snippet":"max-snippet:-1","max-image-preview":"max-image-preview:large","max-video-preview":"max-video-preview:-1"},"canonical":"https:\/\/conservation-science.ch\/?page_id=28936","og_locale":"fr_FR","og_type":"article","og_title":"Constat d'\u00e9tat des mat\u00e9riaux - Bl\u00e4uer - Conservation - Science","og_description":"Constat d&rsquo;\u00e9tat des mat\u00e9riaux\u00a0: nos visites sur place sont g\u00e9n\u00e9ralement l&rsquo;occasion d&rsquo;\u00e9tablir un constat d&rsquo;\u00e9tat des mat\u00e9riaux des diff\u00e9rents \u00e9l\u00e9ments. Le niveau de d\u00e9tail de ce constat d\u00e9pend des questions \u00e0 r\u00e9soudre. L\u00e0 encore l&rsquo;\u00e9tude des archives est un atout non n\u00e9gligeable pour conna\u00eetre les \u00e9volutions et leur rapidit\u00e9. Gewerblich industrielle Berufsschule GIBB-Viktoria, Berne &#8211; &hellip; Continuer la lecture de Constat d&rsquo;\u00e9tat des mat\u00e9riaux","og_url":"https:\/\/conservation-science.ch\/?page_id=28936","og_site_name":"Bl\u00e4uer - Conservation - Science","article_modified_time":"2024-11-16T19:10:34+00:00","og_image":[{"url":"https:\/\/csc-sarl.ch\/wp-content\/uploads\/2018\/06\/gibb_viktoria_xb.jpg","type":"","width":"","height":""}],"twitter_card":"summary_large_image","twitter_misc":{"Dur\u00e9e de lecture estim\u00e9e":"1 minute"},"schema":{"@context":"https:\/\/schema.org","@graph":[{"@type":"WebPage","@id":"https:\/\/conservation-science.ch\/?page_id=28936","url":"https:\/\/conservation-science.ch\/?page_id=28936","name":"Constat d'\u00e9tat des mat\u00e9riaux - Bl\u00e4uer - Conservation - Science","isPartOf":{"@id":"https:\/\/conservation-science.ch\/#website"},"primaryImageOfPage":{"@id":"https:\/\/conservation-science.ch\/?page_id=28936#primaryimage"},"image":{"@id":"https:\/\/conservation-science.ch\/?page_id=28936#primaryimage"},"thumbnailUrl":"https:\/\/csc-sarl.ch\/wp-content\/uploads\/2018\/06\/gibb_viktoria_xb.jpg","datePublished":"2018-06-10T14:14:27+00:00","dateModified":"2024-11-16T19:10:34+00:00","breadcrumb":{"@id":"https:\/\/conservation-science.ch\/?page_id=28936#breadcrumb"},"inLanguage":"fr-FR","potentialAction":[{"@type":"ReadAction","target":["https:\/\/conservation-science.ch\/?page_id=28936"]}]},{"@type":"ImageObject","inLanguage":"fr-FR","@id":"https:\/\/conservation-science.ch\/?page_id=28936#primaryimage","url":"https:\/\/csc-sarl.ch\/wp-content\/uploads\/2018\/06\/gibb_viktoria_xb.jpg","contentUrl":"https:\/\/csc-sarl.ch\/wp-content\/uploads\/2018\/06\/gibb_viktoria_xb.jpg"},{"@type":"BreadcrumbList","@id":"https:\/\/conservation-science.ch\/?page_id=28936#breadcrumb","itemListElement":[{"@type":"ListItem","position":1,"name":"Accueil","item":"https:\/\/conservation-science.ch\/"},{"@type":"ListItem","position":2,"name":"Activit\u00e9s","item":"https:\/\/conservation-science.ch\/?page_id=28902"},{"@type":"ListItem","position":3,"name":"Expertises et Conseils","item":"https:\/\/conservation-science.ch\/?page_id=28923"},{"@type":"ListItem","position":4,"name":"Constat d&rsquo;\u00e9tat des mat\u00e9riaux"}]},{"@type":"WebSite","@id":"https:\/\/conservation-science.ch\/#website","url":"https:\/\/conservation-science.ch\/","name":"CSC - Conservation - Sciences","description":"Transmission de connaissances dans le domaine des sciences de la conservation du patrimoine b\u00e2ti","potentialAction":[{"@type":"SearchAction","target":{"@type":"EntryPoint","urlTemplate":"https:\/\/conservation-science.ch\/?s={search_term_string}"},"query-input":{"@type":"PropertyValueSpecification","valueRequired":true,"valueName":"search_term_string"}}],"inLanguage":"fr-FR"}]}},"_links":{"self":[{"href":"https:\/\/conservation-science.ch\/index.php?rest_route=\/wp\/v2\/pages\/28936","targetHints":{"allow":["GET"]}}],"collection":[{"href":"https:\/\/conservation-science.ch\/index.php?rest_route=\/wp\/v2\/pages"}],"about":[{"href":"https:\/\/conservation-science.ch\/index.php?rest_route=\/wp\/v2\/types\/page"}],"author":[{"embeddable":true,"href":"https:\/\/conservation-science.ch\/index.php?rest_route=\/wp\/v2\/users\/1"}],"replies":[{"embeddable":true,"href":"https:\/\/conservation-science.ch\/index.php?rest_route=%2Fwp%2Fv2%2Fcomments&post=28936"}],"version-history":[{"count":2,"href":"https:\/\/conservation-science.ch\/index.php?rest_route=\/wp\/v2\/pages\/28936\/revisions"}],"predecessor-version":[{"id":40435,"href":"https:\/\/conservation-science.ch\/index.php?rest_route=\/wp\/v2\/pages\/28936\/revisions\/40435"}],"up":[{"embeddable":true,"href":"https:\/\/conservation-science.ch\/index.php?rest_route=\/wp\/v2\/pages\/28923"}],"wp:attachment":[{"href":"https:\/\/conservation-science.ch\/index.php?rest_route=%2Fwp%2Fv2%2Fmedia&parent=28936"}],"curies":[{"name":"wp","href":"https:\/\/api.w.org\/{rel}","templated":true}]}}