{"id":28915,"date":"2018-06-10T15:36:04","date_gmt":"2018-06-10T13:36:04","guid":{"rendered":"https:\/\/objectif-lune.ch\/?page_id=28915"},"modified":"2024-11-16T22:04:06","modified_gmt":"2024-11-16T21:04:06","slug":"etudes-expertises","status":"publish","type":"page","link":"https:\/\/conservation-science.ch\/?page_id=28915","title":{"rendered":"Etudes \/ Expertises"},"content":{"rendered":"<div>\n<p>Nous vous pr\u00e9sentons ici les travaux que nous avons d\u00e9j\u00e0 r\u00e9alis\u00e9s en Suisse ou \u00e0 l&rsquo;\u00e9tranger. Pour la majorit\u00e9 des \u00e9tudes pr\u00e9sent\u00e9es, le r\u00e9sum\u00e9 est consultable en cliquant sur l&rsquo;image correspondante.<\/p>\n<ul>\n<li>\u00e9tudes r\u00e9alis\u00e9es <a href=\"\/etudes-expertises\/suisse\/\">en\u00a0Suisse<\/a>, class\u00e9es par canton<\/li>\n<li>\u00e9tudes r\u00e9alis\u00e9es en\u00a0<a href=\"\/etudes-expertises\/allemagne\/\">Allemagne\u00a0<\/a>;<\/li>\n<li>\u00e9tudes r\u00e9alis\u00e9es dans la\u00a0principaut\u00e9 du <a href=\"\/etudes-expertises\/liechtenstein\/\">Liechtenstein\u00a0<\/a>;<\/li>\n<li>\u00e9tudes r\u00e9alis\u00e9es en\u00a0<a href=\"\/etudes-expertises\/italie\/\">Italie\u00a0<\/a>;<\/li>\n<li>\u00e9tudes r\u00e9alis\u00e9es en\u00a0<a href=\"\/etudes-expertises\/norvege\/\">Norv\u00e8ge<\/a>.<\/li>\n<\/ul>\n<p><em>(Listes mises \u00e0 jour le 2 f\u00e9vrier 2017)<\/em><\/p>\n<\/div>\n","protected":false},"excerpt":{"rendered":"<p>Nous vous pr\u00e9sentons ici les travaux que nous avons d\u00e9j\u00e0 r\u00e9alis\u00e9s en Suisse ou \u00e0 l&rsquo;\u00e9tranger. Pour la majorit\u00e9 des \u00e9tudes pr\u00e9sent\u00e9es, le r\u00e9sum\u00e9 est consultable en cliquant sur l&rsquo;image correspondante. \u00e9tudes r\u00e9alis\u00e9es en\u00a0Suisse, class\u00e9es par canton \u00e9tudes r\u00e9alis\u00e9es en\u00a0Allemagne\u00a0; \u00e9tudes r\u00e9alis\u00e9es dans la\u00a0principaut\u00e9 du Liechtenstein\u00a0; \u00e9tudes r\u00e9alis\u00e9es en\u00a0Italie\u00a0; \u00e9tudes r\u00e9alis\u00e9es en\u00a0Norv\u00e8ge. (Listes mises \u00e0 &hellip; <a href=\"https:\/\/conservation-science.ch\/?page_id=28915\" class=\"more-link\">Continuer la lecture de <span class=\"screen-reader-text\">Etudes \/ Expertises<\/span><\/a><\/p>\n","protected":false},"author":1,"featured_media":0,"parent":28756,"menu_order":8,"comment_status":"closed","ping_status":"closed","template":"","meta":{"footnotes":""},"class_list":["post-28915","page","type-page","status-publish","hentry"],"yoast_head":"<!-- This site is optimized with the Yoast SEO plugin v27.2 - https:\/\/yoast.com\/product\/yoast-seo-wordpress\/ -->\n<title>Etudes \/ Expertises - Bl\u00e4uer - Conservation - Science<\/title>\n<meta name=\"robots\" content=\"index, follow, max-snippet:-1, max-image-preview:large, max-video-preview:-1\" \/>\n<link rel=\"canonical\" href=\"https:\/\/conservation-science.ch\/?page_id=28915\" \/>\n<meta property=\"og:locale\" content=\"fr_FR\" \/>\n<meta property=\"og:type\" content=\"article\" \/>\n<meta property=\"og:title\" content=\"Etudes \/ Expertises - Bl\u00e4uer - Conservation - Science\" \/>\n<meta property=\"og:description\" content=\"Nous vous pr\u00e9sentons ici les travaux que nous avons d\u00e9j\u00e0 r\u00e9alis\u00e9s en Suisse ou \u00e0 l&rsquo;\u00e9tranger. Pour la majorit\u00e9 des \u00e9tudes pr\u00e9sent\u00e9es, le r\u00e9sum\u00e9 est consultable en cliquant sur l&rsquo;image correspondante. \u00e9tudes r\u00e9alis\u00e9es en\u00a0Suisse, class\u00e9es par canton \u00e9tudes r\u00e9alis\u00e9es en\u00a0Allemagne\u00a0; \u00e9tudes r\u00e9alis\u00e9es dans la\u00a0principaut\u00e9 du Liechtenstein\u00a0; \u00e9tudes r\u00e9alis\u00e9es en\u00a0Italie\u00a0; \u00e9tudes r\u00e9alis\u00e9es en\u00a0Norv\u00e8ge. (Listes mises \u00e0 &hellip; Continuer la lecture de Etudes \/ Expertises\" \/>\n<meta property=\"og:url\" content=\"https:\/\/conservation-science.ch\/?page_id=28915\" \/>\n<meta property=\"og:site_name\" content=\"Bl\u00e4uer - Conservation - Science\" \/>\n<meta property=\"article:modified_time\" content=\"2024-11-16T21:04:06+00:00\" \/>\n<meta name=\"twitter:card\" content=\"summary_large_image\" \/>\n<meta name=\"twitter:label1\" content=\"Dur\u00e9e de lecture estim\u00e9e\" \/>\n\t<meta name=\"twitter:data1\" content=\"1 minute\" \/>\n<script type=\"application\/ld+json\" class=\"yoast-schema-graph\">{\"@context\":\"https:\/\/schema.org\",\"@graph\":[{\"@type\":\"WebPage\",\"@id\":\"https:\/\/conservation-science.ch\/?page_id=28915\",\"url\":\"https:\/\/conservation-science.ch\/?page_id=28915\",\"name\":\"Etudes \/ Expertises - Bl\u00e4uer - Conservation - Science\",\"isPartOf\":{\"@id\":\"https:\/\/conservation-science.ch\/#website\"},\"datePublished\":\"2018-06-10T13:36:04+00:00\",\"dateModified\":\"2024-11-16T21:04:06+00:00\",\"breadcrumb\":{\"@id\":\"https:\/\/conservation-science.ch\/?page_id=28915#breadcrumb\"},\"inLanguage\":\"fr-FR\",\"potentialAction\":[{\"@type\":\"ReadAction\",\"target\":[\"https:\/\/conservation-science.ch\/?page_id=28915\"]}]},{\"@type\":\"BreadcrumbList\",\"@id\":\"https:\/\/conservation-science.ch\/?page_id=28915#breadcrumb\",\"itemListElement\":[{\"@type\":\"ListItem\",\"position\":1,\"name\":\"Accueil\",\"item\":\"https:\/\/conservation-science.ch\/\"},{\"@type\":\"ListItem\",\"position\":2,\"name\":\"Accueil\",\"item\":\"https:\/\/conservation-science.ch\/\"},{\"@type\":\"ListItem\",\"position\":3,\"name\":\"Etudes \/ Expertises\"}]},{\"@type\":\"WebSite\",\"@id\":\"https:\/\/conservation-science.ch\/#website\",\"url\":\"https:\/\/conservation-science.ch\/\",\"name\":\"CSC - Conservation - Sciences\",\"description\":\"Transmission de connaissances dans le domaine des sciences de la conservation du patrimoine b\u00e2ti\",\"potentialAction\":[{\"@type\":\"SearchAction\",\"target\":{\"@type\":\"EntryPoint\",\"urlTemplate\":\"https:\/\/conservation-science.ch\/?s={search_term_string}\"},\"query-input\":{\"@type\":\"PropertyValueSpecification\",\"valueRequired\":true,\"valueName\":\"search_term_string\"}}],\"inLanguage\":\"fr-FR\"}]}<\/script>\n<!-- \/ Yoast SEO plugin. -->","yoast_head_json":{"title":"Etudes \/ Expertises - Bl\u00e4uer - Conservation - Science","robots":{"index":"index","follow":"follow","max-snippet":"max-snippet:-1","max-image-preview":"max-image-preview:large","max-video-preview":"max-video-preview:-1"},"canonical":"https:\/\/conservation-science.ch\/?page_id=28915","og_locale":"fr_FR","og_type":"article","og_title":"Etudes \/ Expertises - Bl\u00e4uer - Conservation - Science","og_description":"Nous vous pr\u00e9sentons ici les travaux que nous avons d\u00e9j\u00e0 r\u00e9alis\u00e9s en Suisse ou \u00e0 l&rsquo;\u00e9tranger. Pour la majorit\u00e9 des \u00e9tudes pr\u00e9sent\u00e9es, le r\u00e9sum\u00e9 est consultable en cliquant sur l&rsquo;image correspondante. \u00e9tudes r\u00e9alis\u00e9es en\u00a0Suisse, class\u00e9es par canton \u00e9tudes r\u00e9alis\u00e9es en\u00a0Allemagne\u00a0; \u00e9tudes r\u00e9alis\u00e9es dans la\u00a0principaut\u00e9 du Liechtenstein\u00a0; \u00e9tudes r\u00e9alis\u00e9es en\u00a0Italie\u00a0; \u00e9tudes r\u00e9alis\u00e9es en\u00a0Norv\u00e8ge. (Listes mises \u00e0 &hellip; Continuer la lecture de Etudes \/ Expertises","og_url":"https:\/\/conservation-science.ch\/?page_id=28915","og_site_name":"Bl\u00e4uer - Conservation - Science","article_modified_time":"2024-11-16T21:04:06+00:00","twitter_card":"summary_large_image","twitter_misc":{"Dur\u00e9e de lecture estim\u00e9e":"1 minute"},"schema":{"@context":"https:\/\/schema.org","@graph":[{"@type":"WebPage","@id":"https:\/\/conservation-science.ch\/?page_id=28915","url":"https:\/\/conservation-science.ch\/?page_id=28915","name":"Etudes \/ Expertises - Bl\u00e4uer - Conservation - Science","isPartOf":{"@id":"https:\/\/conservation-science.ch\/#website"},"datePublished":"2018-06-10T13:36:04+00:00","dateModified":"2024-11-16T21:04:06+00:00","breadcrumb":{"@id":"https:\/\/conservation-science.ch\/?page_id=28915#breadcrumb"},"inLanguage":"fr-FR","potentialAction":[{"@type":"ReadAction","target":["https:\/\/conservation-science.ch\/?page_id=28915"]}]},{"@type":"BreadcrumbList","@id":"https:\/\/conservation-science.ch\/?page_id=28915#breadcrumb","itemListElement":[{"@type":"ListItem","position":1,"name":"Accueil","item":"https:\/\/conservation-science.ch\/"},{"@type":"ListItem","position":2,"name":"Accueil","item":"https:\/\/conservation-science.ch\/"},{"@type":"ListItem","position":3,"name":"Etudes \/ Expertises"}]},{"@type":"WebSite","@id":"https:\/\/conservation-science.ch\/#website","url":"https:\/\/conservation-science.ch\/","name":"CSC - Conservation - Sciences","description":"Transmission de connaissances dans le domaine des sciences de la conservation du patrimoine b\u00e2ti","potentialAction":[{"@type":"SearchAction","target":{"@type":"EntryPoint","urlTemplate":"https:\/\/conservation-science.ch\/?s={search_term_string}"},"query-input":{"@type":"PropertyValueSpecification","valueRequired":true,"valueName":"search_term_string"}}],"inLanguage":"fr-FR"}]}},"_links":{"self":[{"href":"https:\/\/conservation-science.ch\/index.php?rest_route=\/wp\/v2\/pages\/28915","targetHints":{"allow":["GET"]}}],"collection":[{"href":"https:\/\/conservation-science.ch\/index.php?rest_route=\/wp\/v2\/pages"}],"about":[{"href":"https:\/\/conservation-science.ch\/index.php?rest_route=\/wp\/v2\/types\/page"}],"author":[{"embeddable":true,"href":"https:\/\/conservation-science.ch\/index.php?rest_route=\/wp\/v2\/users\/1"}],"replies":[{"embeddable":true,"href":"https:\/\/conservation-science.ch\/index.php?rest_route=%2Fwp%2Fv2%2Fcomments&post=28915"}],"version-history":[{"count":3,"href":"https:\/\/conservation-science.ch\/index.php?rest_route=\/wp\/v2\/pages\/28915\/revisions"}],"predecessor-version":[{"id":40515,"href":"https:\/\/conservation-science.ch\/index.php?rest_route=\/wp\/v2\/pages\/28915\/revisions\/40515"}],"up":[{"embeddable":true,"href":"https:\/\/conservation-science.ch\/index.php?rest_route=\/wp\/v2\/pages\/28756"}],"wp:attachment":[{"href":"https:\/\/conservation-science.ch\/index.php?rest_route=%2Fwp%2Fv2%2Fmedia&parent=28915"}],"curies":[{"name":"wp","href":"https:\/\/api.w.org\/{rel}","templated":true}]}}