{"id":28898,"date":"2018-06-10T15:26:14","date_gmt":"2018-06-10T13:26:14","guid":{"rendered":"https:\/\/objectif-lune.ch\/?page_id=28898"},"modified":"2024-11-16T19:43:58","modified_gmt":"2024-11-16T18:43:58","slug":"qui-sommes-nous","status":"publish","type":"page","link":"https:\/\/conservation-science.ch\/?page_id=28898","title":{"rendered":"Qui sommes-nous?"},"content":{"rendered":"<p><strong>\u00a0<\/strong><\/p>\n<table style=\"width: 101.01%; height: 432px;\" border=\"0\" width=\"580\">\n<tbody>\n<tr style=\"height: 269px;\" valign=\"top\">\n<td style=\"width: 21.3822%; height: 269px; vertical-align: top;\" valign=\"top\" width=\"\" height=\"210\"><img loading=\"lazy\" decoding=\"async\" class=\"alignnone size-full wp-image-28899\" src=\"https:\/\/csc-sarl.ch\/wp-content\/uploads\/2018\/06\/nous_sommes_xb.jpg\" alt=\"\" width=\"160\" height=\"156\" \/><\/td>\n<td style=\"width: 47.1531%; height: 269px; vertical-align: top; text-align: left;\" valign=\"top\" width=\"\" height=\"\"><a href=\"mailto:blaeuer@conservation-science.ch\">Christine Bl\u00e4uer<\/a>, docteur en min\u00e9ralogie<br \/>\n&#8211; Scientifique de la conservation depuis 1988 ; \u00e0 la retraite depuis la la mi-2020<br \/>\n&#8211; membre de la <a href=\"https:\/\/www.bak.admin.ch\/bak\/fr\/home\/patrimoine-culturel\/patrimoine-culturel-et-monuments-historiques\/expertise\/commission-federale-des-monuments-historiques--cfmh-.html\" target=\"_blank\" rel=\"noopener noreferrer\">commission f\u00e9d\u00e9ral des monuments historiques<\/a> de 1997 \u00e0 2008<br \/>\n&#8211; IIC Fellow ;<br \/>\n&#8211; membre votant du comit\u00e9\u00a0<a href=\"http:\/\/iscs.icomos.org\/\" target=\"_blank\" rel=\"noopener noreferrer\">ICOMOS-ISCS<\/a>\u00a0;<br \/>\n&#8211; membre actif des comit\u00e9s techniques RILEM\u00a0<a href=\"https:\/\/www.rilem.net\/groupe\/271-asc-accelerated-laboratory-test-for-the-assessment-of-the-durability-of-materials-with-respect-to-salt-crystallization-355\" target=\"_blank\" rel=\"noopener noreferrer\">ASC<\/a>\u00a0et\u00a0<a href=\"https:\/\/www.rilem.net\/groupe\/243-sgm-specifications-for-non-structural-grouting-of-historic-masonries-and-architectural-surfaces-256\" target=\"_blank\" rel=\"noopener noreferrer\">SGM<\/a>\u00a0;<br \/>\n&#8211; examinatrice externe pour le Master Conservation of Wall Paintings de l&rsquo;institut des arts du Courtauld (Londres) pour la p\u00e9riode 2016\/17 &#8211; 2018\/19 ;<br \/>\nVoir les contributions de Christine sur\u00a0<a href=\"https:\/\/www.researchgate.net\/profile\/Christine_Blaeuer\/contributions\" target=\"_blank\" rel=\"noopener noreferrer\">researchgate<\/a><\/td>\n<\/tr>\n<tr style=\"height: 163px;\">\n<td style=\"width: 21.3822%; height: 163px; vertical-align: top;\" valign=\"top\" width=\"\" height=\"\"><img loading=\"lazy\" decoding=\"async\" class=\"alignnone size-full wp-image-28900\" src=\"https:\/\/csc-sarl.ch\/wp-content\/uploads\/2018\/06\/nous_sommes_br.jpg\" alt=\"\" width=\"160\" height=\"156\" \/><\/td>\n<td style=\"width: 47.1531%; height: 163px; vertical-align: top;\" valign=\"top\" width=\"\" height=\"\"><a href=\"mailto:benedicte.rousset@bernermuensterstiftung.ch\">B\u00e9n\u00e9dicte Rousset<\/a>, docteur en p\u00e9trophysique.<br \/>\n&#8211; Scientifique de la conservation depuis 2001 ; depuis 2020 collaboratrice \u00e0 la <a href=\"http:\/\/www.bernermuensterstiftung.ch\/aktuell\/aktuell.php\">Berner M\u00fcnsterstiftung<\/a><br \/>\n&#8211; charg\u00e9e de cours externe \u00e0 l&rsquo;EPFL de 2005 \u00e0 2018 ;<br \/>\n&#8211; membre expert du comit\u00e9\u00a0<a href=\"http:\/\/iscs.icomos.org\/\" target=\"_blank\" rel=\"noopener noreferrer\">ICOMOS-ISCS<\/a>\u00a0;<br \/>\nVoir les contributions de B\u00e9n\u00e9dicte sur\u00a0<a href=\"https:\/\/www.researchgate.net\/profile\/Benedicte_Rousset\" target=\"_blank\" rel=\"noopener noreferrer\">researchgate<\/a><\/td>\n<\/tr>\n<\/tbody>\n<\/table>\n","protected":false},"excerpt":{"rendered":"<p>\u00a0 Christine Bl\u00e4uer, docteur en min\u00e9ralogie &#8211; Scientifique de la conservation depuis 1988 ; \u00e0 la retraite depuis la la mi-2020 &#8211; membre de la commission f\u00e9d\u00e9ral des monuments historiques de 1997 \u00e0 2008 &#8211; IIC Fellow ; &#8211; membre votant du comit\u00e9\u00a0ICOMOS-ISCS\u00a0; &#8211; membre actif des comit\u00e9s techniques RILEM\u00a0ASC\u00a0et\u00a0SGM\u00a0; &#8211; examinatrice externe pour le &hellip; <a href=\"https:\/\/conservation-science.ch\/?page_id=28898\" class=\"more-link\">Continuer la lecture de <span class=\"screen-reader-text\">Qui sommes-nous?<\/span><\/a><\/p>\n","protected":false},"author":1,"featured_media":0,"parent":0,"menu_order":2,"comment_status":"closed","ping_status":"closed","template":"","meta":{"footnotes":""},"class_list":["post-28898","page","type-page","status-publish","hentry"],"yoast_head":"<!-- This site is optimized with the Yoast SEO plugin v27.2 - https:\/\/yoast.com\/product\/yoast-seo-wordpress\/ -->\n<title>Qui sommes-nous? - Bl\u00e4uer - Conservation - Science<\/title>\n<meta name=\"robots\" content=\"index, follow, max-snippet:-1, max-image-preview:large, max-video-preview:-1\" \/>\n<link rel=\"canonical\" href=\"https:\/\/conservation-science.ch\/?page_id=28898\" \/>\n<meta property=\"og:locale\" content=\"fr_FR\" \/>\n<meta property=\"og:type\" content=\"article\" \/>\n<meta property=\"og:title\" content=\"Qui sommes-nous? - Bl\u00e4uer - Conservation - Science\" \/>\n<meta property=\"og:description\" content=\"\u00a0 Christine Bl\u00e4uer, docteur en min\u00e9ralogie &#8211; Scientifique de la conservation depuis 1988 ; \u00e0 la retraite depuis la la mi-2020 &#8211; membre de la commission f\u00e9d\u00e9ral des monuments historiques de 1997 \u00e0 2008 &#8211; IIC Fellow ; &#8211; membre votant du comit\u00e9\u00a0ICOMOS-ISCS\u00a0; &#8211; membre actif des comit\u00e9s techniques RILEM\u00a0ASC\u00a0et\u00a0SGM\u00a0; &#8211; examinatrice externe pour le &hellip; Continuer la lecture de Qui sommes-nous?\" \/>\n<meta property=\"og:url\" content=\"https:\/\/conservation-science.ch\/?page_id=28898\" \/>\n<meta property=\"og:site_name\" content=\"Bl\u00e4uer - Conservation - Science\" \/>\n<meta property=\"article:modified_time\" content=\"2024-11-16T18:43:58+00:00\" \/>\n<meta property=\"og:image\" content=\"https:\/\/csc-sarl.ch\/wp-content\/uploads\/2018\/06\/nous_sommes_xb.jpg\" \/>\n<meta name=\"twitter:card\" content=\"summary_large_image\" \/>\n<meta name=\"twitter:label1\" content=\"Dur\u00e9e de lecture estim\u00e9e\" \/>\n\t<meta name=\"twitter:data1\" content=\"1 minute\" \/>\n<script type=\"application\/ld+json\" class=\"yoast-schema-graph\">{\"@context\":\"https:\/\/schema.org\",\"@graph\":[{\"@type\":\"WebPage\",\"@id\":\"https:\/\/conservation-science.ch\/?page_id=28898\",\"url\":\"https:\/\/conservation-science.ch\/?page_id=28898\",\"name\":\"Qui sommes-nous? - Bl\u00e4uer - Conservation - Science\",\"isPartOf\":{\"@id\":\"https:\/\/conservation-science.ch\/#website\"},\"primaryImageOfPage\":{\"@id\":\"https:\/\/conservation-science.ch\/?page_id=28898#primaryimage\"},\"image\":{\"@id\":\"https:\/\/conservation-science.ch\/?page_id=28898#primaryimage\"},\"thumbnailUrl\":\"https:\/\/csc-sarl.ch\/wp-content\/uploads\/2018\/06\/nous_sommes_xb.jpg\",\"datePublished\":\"2018-06-10T13:26:14+00:00\",\"dateModified\":\"2024-11-16T18:43:58+00:00\",\"breadcrumb\":{\"@id\":\"https:\/\/conservation-science.ch\/?page_id=28898#breadcrumb\"},\"inLanguage\":\"fr-FR\",\"potentialAction\":[{\"@type\":\"ReadAction\",\"target\":[\"https:\/\/conservation-science.ch\/?page_id=28898\"]}]},{\"@type\":\"ImageObject\",\"inLanguage\":\"fr-FR\",\"@id\":\"https:\/\/conservation-science.ch\/?page_id=28898#primaryimage\",\"url\":\"https:\/\/csc-sarl.ch\/wp-content\/uploads\/2018\/06\/nous_sommes_xb.jpg\",\"contentUrl\":\"https:\/\/csc-sarl.ch\/wp-content\/uploads\/2018\/06\/nous_sommes_xb.jpg\"},{\"@type\":\"BreadcrumbList\",\"@id\":\"https:\/\/conservation-science.ch\/?page_id=28898#breadcrumb\",\"itemListElement\":[{\"@type\":\"ListItem\",\"position\":1,\"name\":\"Accueil\",\"item\":\"https:\/\/conservation-science.ch\/\"},{\"@type\":\"ListItem\",\"position\":2,\"name\":\"Qui sommes-nous?\"}]},{\"@type\":\"WebSite\",\"@id\":\"https:\/\/conservation-science.ch\/#website\",\"url\":\"https:\/\/conservation-science.ch\/\",\"name\":\"CSC - Conservation - Sciences\",\"description\":\"Transmission de connaissances dans le domaine des sciences de la conservation du patrimoine b\u00e2ti\",\"potentialAction\":[{\"@type\":\"SearchAction\",\"target\":{\"@type\":\"EntryPoint\",\"urlTemplate\":\"https:\/\/conservation-science.ch\/?s={search_term_string}\"},\"query-input\":{\"@type\":\"PropertyValueSpecification\",\"valueRequired\":true,\"valueName\":\"search_term_string\"}}],\"inLanguage\":\"fr-FR\"}]}<\/script>\n<!-- \/ Yoast SEO plugin. -->","yoast_head_json":{"title":"Qui sommes-nous? - Bl\u00e4uer - Conservation - Science","robots":{"index":"index","follow":"follow","max-snippet":"max-snippet:-1","max-image-preview":"max-image-preview:large","max-video-preview":"max-video-preview:-1"},"canonical":"https:\/\/conservation-science.ch\/?page_id=28898","og_locale":"fr_FR","og_type":"article","og_title":"Qui sommes-nous? - Bl\u00e4uer - Conservation - Science","og_description":"\u00a0 Christine Bl\u00e4uer, docteur en min\u00e9ralogie &#8211; Scientifique de la conservation depuis 1988 ; \u00e0 la retraite depuis la la mi-2020 &#8211; membre de la commission f\u00e9d\u00e9ral des monuments historiques de 1997 \u00e0 2008 &#8211; IIC Fellow ; &#8211; membre votant du comit\u00e9\u00a0ICOMOS-ISCS\u00a0; &#8211; membre actif des comit\u00e9s techniques RILEM\u00a0ASC\u00a0et\u00a0SGM\u00a0; &#8211; examinatrice externe pour le &hellip; Continuer la lecture de Qui sommes-nous?","og_url":"https:\/\/conservation-science.ch\/?page_id=28898","og_site_name":"Bl\u00e4uer - Conservation - Science","article_modified_time":"2024-11-16T18:43:58+00:00","og_image":[{"url":"https:\/\/csc-sarl.ch\/wp-content\/uploads\/2018\/06\/nous_sommes_xb.jpg","type":"","width":"","height":""}],"twitter_card":"summary_large_image","twitter_misc":{"Dur\u00e9e de lecture estim\u00e9e":"1 minute"},"schema":{"@context":"https:\/\/schema.org","@graph":[{"@type":"WebPage","@id":"https:\/\/conservation-science.ch\/?page_id=28898","url":"https:\/\/conservation-science.ch\/?page_id=28898","name":"Qui sommes-nous? - Bl\u00e4uer - Conservation - Science","isPartOf":{"@id":"https:\/\/conservation-science.ch\/#website"},"primaryImageOfPage":{"@id":"https:\/\/conservation-science.ch\/?page_id=28898#primaryimage"},"image":{"@id":"https:\/\/conservation-science.ch\/?page_id=28898#primaryimage"},"thumbnailUrl":"https:\/\/csc-sarl.ch\/wp-content\/uploads\/2018\/06\/nous_sommes_xb.jpg","datePublished":"2018-06-10T13:26:14+00:00","dateModified":"2024-11-16T18:43:58+00:00","breadcrumb":{"@id":"https:\/\/conservation-science.ch\/?page_id=28898#breadcrumb"},"inLanguage":"fr-FR","potentialAction":[{"@type":"ReadAction","target":["https:\/\/conservation-science.ch\/?page_id=28898"]}]},{"@type":"ImageObject","inLanguage":"fr-FR","@id":"https:\/\/conservation-science.ch\/?page_id=28898#primaryimage","url":"https:\/\/csc-sarl.ch\/wp-content\/uploads\/2018\/06\/nous_sommes_xb.jpg","contentUrl":"https:\/\/csc-sarl.ch\/wp-content\/uploads\/2018\/06\/nous_sommes_xb.jpg"},{"@type":"BreadcrumbList","@id":"https:\/\/conservation-science.ch\/?page_id=28898#breadcrumb","itemListElement":[{"@type":"ListItem","position":1,"name":"Accueil","item":"https:\/\/conservation-science.ch\/"},{"@type":"ListItem","position":2,"name":"Qui sommes-nous?"}]},{"@type":"WebSite","@id":"https:\/\/conservation-science.ch\/#website","url":"https:\/\/conservation-science.ch\/","name":"CSC - Conservation - Sciences","description":"Transmission de connaissances dans le domaine des sciences de la conservation du patrimoine b\u00e2ti","potentialAction":[{"@type":"SearchAction","target":{"@type":"EntryPoint","urlTemplate":"https:\/\/conservation-science.ch\/?s={search_term_string}"},"query-input":{"@type":"PropertyValueSpecification","valueRequired":true,"valueName":"search_term_string"}}],"inLanguage":"fr-FR"}]}},"_links":{"self":[{"href":"https:\/\/conservation-science.ch\/index.php?rest_route=\/wp\/v2\/pages\/28898","targetHints":{"allow":["GET"]}}],"collection":[{"href":"https:\/\/conservation-science.ch\/index.php?rest_route=\/wp\/v2\/pages"}],"about":[{"href":"https:\/\/conservation-science.ch\/index.php?rest_route=\/wp\/v2\/types\/page"}],"author":[{"embeddable":true,"href":"https:\/\/conservation-science.ch\/index.php?rest_route=\/wp\/v2\/users\/1"}],"replies":[{"embeddable":true,"href":"https:\/\/conservation-science.ch\/index.php?rest_route=%2Fwp%2Fv2%2Fcomments&post=28898"}],"version-history":[{"count":17,"href":"https:\/\/conservation-science.ch\/index.php?rest_route=\/wp\/v2\/pages\/28898\/revisions"}],"predecessor-version":[{"id":40412,"href":"https:\/\/conservation-science.ch\/index.php?rest_route=\/wp\/v2\/pages\/28898\/revisions\/40412"}],"wp:attachment":[{"href":"https:\/\/conservation-science.ch\/index.php?rest_route=%2Fwp%2Fv2%2Fmedia&parent=28898"}],"curies":[{"name":"wp","href":"https:\/\/api.w.org\/{rel}","templated":true}]}}