{"id":28896,"date":"2018-06-10T15:23:08","date_gmt":"2018-06-10T13:23:08","guid":{"rendered":"https:\/\/objectif-lune.ch\/?page_id=28896"},"modified":"2024-11-16T21:11:21","modified_gmt":"2024-11-16T20:11:21","slug":"pierres-et-mortiers","status":"publish","type":"page","link":"https:\/\/conservation-science.ch\/?page_id=28896","title":{"rendered":"Pierres et mortiers"},"content":{"rendered":"<p>Master \u00ab\u00a0Denkmalpflege und Umnutzung\u00a0\u00bb ; Modul D5 Steine und M\u00f6rtel ; Haute \u00e9cole sp\u00e9cialis\u00e9e bernoise Architecture, bois et g\u00e9nie civil ; Burgdorf, Bienne.<br \/>\n<a href=\"https:\/\/www.ahb.bfh.ch\/de\/home\/bfh-ahb\/events\/detailview\/news\/detail\/News\/modul-steine-und-moertel-d5.html\" target=\"_blank\" rel=\"noopener\">Voir les d\u00e9tails<\/a><\/p>\n<p><strong>But du module D5, Pierres et mortiers <\/strong>:<\/p>\n<p>Reconna\u00eetre les rapports et interd\u00e9pendances entre les propri\u00e9t\u00e9s des mat\u00e9riaux, leurs conditions d&rsquo;expositions, leurs formes de d\u00e9gradation et les possibilit\u00e9s de les conserver.<br \/>\nPour plus de d\u00e9tails, voir la version allemande.<\/p>\n<p>D\u00e9tails<\/p>\n<p><a href=\"\/activites\/enseignement-et-formations\/pierres-et-mortiers\/2014-pierres-et-mortiers\/\">2014<\/a><\/p>\n<p><a href=\"\/activites\/enseignement-et-formations\/pierres-et-mortiers\/2011-pierres-et-mortiers\/\">2011<\/a><\/p>\n<p><a href=\"\/activites\/enseignement-et-formations\/pierres-et-mortiers\/2008-pierres-et-mortiers\/\">2008<\/a><\/p>\n","protected":false},"excerpt":{"rendered":"<p>Master \u00ab\u00a0Denkmalpflege und Umnutzung\u00a0\u00bb ; Modul D5 Steine und M\u00f6rtel ; Haute \u00e9cole sp\u00e9cialis\u00e9e bernoise Architecture, bois et g\u00e9nie civil ; Burgdorf, Bienne. Voir les d\u00e9tails But du module D5, Pierres et mortiers : Reconna\u00eetre les rapports et interd\u00e9pendances entre les propri\u00e9t\u00e9s des mat\u00e9riaux, leurs conditions d&rsquo;expositions, leurs formes de d\u00e9gradation et les possibilit\u00e9s de &hellip; <a href=\"https:\/\/conservation-science.ch\/?page_id=28896\" class=\"more-link\">Continuer la lecture de <span class=\"screen-reader-text\">Pierres et mortiers<\/span><\/a><\/p>\n","protected":false},"author":1,"featured_media":0,"parent":28925,"menu_order":2,"comment_status":"closed","ping_status":"closed","template":"","meta":{"footnotes":""},"class_list":["post-28896","page","type-page","status-publish","hentry"],"yoast_head":"<!-- This site is optimized with the Yoast SEO plugin v27.2 - https:\/\/yoast.com\/product\/yoast-seo-wordpress\/ -->\n<title>Pierres et mortiers - Bl\u00e4uer - Conservation - Science<\/title>\n<meta name=\"robots\" content=\"index, follow, max-snippet:-1, max-image-preview:large, max-video-preview:-1\" \/>\n<link rel=\"canonical\" href=\"https:\/\/conservation-science.ch\/?page_id=28896\" \/>\n<meta property=\"og:locale\" content=\"fr_FR\" \/>\n<meta property=\"og:type\" content=\"article\" \/>\n<meta property=\"og:title\" content=\"Pierres et mortiers - Bl\u00e4uer - Conservation - Science\" \/>\n<meta property=\"og:description\" content=\"Master \u00ab\u00a0Denkmalpflege und Umnutzung\u00a0\u00bb ; Modul D5 Steine und M\u00f6rtel ; Haute \u00e9cole sp\u00e9cialis\u00e9e bernoise Architecture, bois et g\u00e9nie civil ; Burgdorf, Bienne. Voir les d\u00e9tails But du module D5, Pierres et mortiers : Reconna\u00eetre les rapports et interd\u00e9pendances entre les propri\u00e9t\u00e9s des mat\u00e9riaux, leurs conditions d&rsquo;expositions, leurs formes de d\u00e9gradation et les possibilit\u00e9s de &hellip; Continuer la lecture de Pierres et mortiers\" \/>\n<meta property=\"og:url\" content=\"https:\/\/conservation-science.ch\/?page_id=28896\" \/>\n<meta property=\"og:site_name\" content=\"Bl\u00e4uer - Conservation - Science\" \/>\n<meta property=\"article:modified_time\" content=\"2024-11-16T20:11:21+00:00\" \/>\n<meta name=\"twitter:card\" content=\"summary_large_image\" \/>\n<meta name=\"twitter:label1\" content=\"Dur\u00e9e de lecture estim\u00e9e\" \/>\n\t<meta name=\"twitter:data1\" content=\"1 minute\" \/>\n<script type=\"application\/ld+json\" class=\"yoast-schema-graph\">{\"@context\":\"https:\/\/schema.org\",\"@graph\":[{\"@type\":\"WebPage\",\"@id\":\"https:\/\/conservation-science.ch\/?page_id=28896\",\"url\":\"https:\/\/conservation-science.ch\/?page_id=28896\",\"name\":\"Pierres et mortiers - Bl\u00e4uer - Conservation - Science\",\"isPartOf\":{\"@id\":\"https:\/\/conservation-science.ch\/#website\"},\"datePublished\":\"2018-06-10T13:23:08+00:00\",\"dateModified\":\"2024-11-16T20:11:21+00:00\",\"breadcrumb\":{\"@id\":\"https:\/\/conservation-science.ch\/?page_id=28896#breadcrumb\"},\"inLanguage\":\"fr-FR\",\"potentialAction\":[{\"@type\":\"ReadAction\",\"target\":[\"https:\/\/conservation-science.ch\/?page_id=28896\"]}]},{\"@type\":\"BreadcrumbList\",\"@id\":\"https:\/\/conservation-science.ch\/?page_id=28896#breadcrumb\",\"itemListElement\":[{\"@type\":\"ListItem\",\"position\":1,\"name\":\"Accueil\",\"item\":\"https:\/\/conservation-science.ch\/\"},{\"@type\":\"ListItem\",\"position\":2,\"name\":\"Activit\u00e9s\",\"item\":\"https:\/\/conservation-science.ch\/?page_id=28902\"},{\"@type\":\"ListItem\",\"position\":3,\"name\":\"Enseignement et Formations\",\"item\":\"https:\/\/conservation-science.ch\/?page_id=28925\"},{\"@type\":\"ListItem\",\"position\":4,\"name\":\"Pierres et mortiers\"}]},{\"@type\":\"WebSite\",\"@id\":\"https:\/\/conservation-science.ch\/#website\",\"url\":\"https:\/\/conservation-science.ch\/\",\"name\":\"CSC - Conservation - Sciences\",\"description\":\"Transmission de connaissances dans le domaine des sciences de la conservation du patrimoine b\u00e2ti\",\"potentialAction\":[{\"@type\":\"SearchAction\",\"target\":{\"@type\":\"EntryPoint\",\"urlTemplate\":\"https:\/\/conservation-science.ch\/?s={search_term_string}\"},\"query-input\":{\"@type\":\"PropertyValueSpecification\",\"valueRequired\":true,\"valueName\":\"search_term_string\"}}],\"inLanguage\":\"fr-FR\"}]}<\/script>\n<!-- \/ Yoast SEO plugin. -->","yoast_head_json":{"title":"Pierres et mortiers - Bl\u00e4uer - Conservation - Science","robots":{"index":"index","follow":"follow","max-snippet":"max-snippet:-1","max-image-preview":"max-image-preview:large","max-video-preview":"max-video-preview:-1"},"canonical":"https:\/\/conservation-science.ch\/?page_id=28896","og_locale":"fr_FR","og_type":"article","og_title":"Pierres et mortiers - Bl\u00e4uer - Conservation - Science","og_description":"Master \u00ab\u00a0Denkmalpflege und Umnutzung\u00a0\u00bb ; Modul D5 Steine und M\u00f6rtel ; Haute \u00e9cole sp\u00e9cialis\u00e9e bernoise Architecture, bois et g\u00e9nie civil ; Burgdorf, Bienne. Voir les d\u00e9tails But du module D5, Pierres et mortiers : Reconna\u00eetre les rapports et interd\u00e9pendances entre les propri\u00e9t\u00e9s des mat\u00e9riaux, leurs conditions d&rsquo;expositions, leurs formes de d\u00e9gradation et les possibilit\u00e9s de &hellip; Continuer la lecture de Pierres et mortiers","og_url":"https:\/\/conservation-science.ch\/?page_id=28896","og_site_name":"Bl\u00e4uer - Conservation - Science","article_modified_time":"2024-11-16T20:11:21+00:00","twitter_card":"summary_large_image","twitter_misc":{"Dur\u00e9e de lecture estim\u00e9e":"1 minute"},"schema":{"@context":"https:\/\/schema.org","@graph":[{"@type":"WebPage","@id":"https:\/\/conservation-science.ch\/?page_id=28896","url":"https:\/\/conservation-science.ch\/?page_id=28896","name":"Pierres et mortiers - Bl\u00e4uer - Conservation - Science","isPartOf":{"@id":"https:\/\/conservation-science.ch\/#website"},"datePublished":"2018-06-10T13:23:08+00:00","dateModified":"2024-11-16T20:11:21+00:00","breadcrumb":{"@id":"https:\/\/conservation-science.ch\/?page_id=28896#breadcrumb"},"inLanguage":"fr-FR","potentialAction":[{"@type":"ReadAction","target":["https:\/\/conservation-science.ch\/?page_id=28896"]}]},{"@type":"BreadcrumbList","@id":"https:\/\/conservation-science.ch\/?page_id=28896#breadcrumb","itemListElement":[{"@type":"ListItem","position":1,"name":"Accueil","item":"https:\/\/conservation-science.ch\/"},{"@type":"ListItem","position":2,"name":"Activit\u00e9s","item":"https:\/\/conservation-science.ch\/?page_id=28902"},{"@type":"ListItem","position":3,"name":"Enseignement et Formations","item":"https:\/\/conservation-science.ch\/?page_id=28925"},{"@type":"ListItem","position":4,"name":"Pierres et mortiers"}]},{"@type":"WebSite","@id":"https:\/\/conservation-science.ch\/#website","url":"https:\/\/conservation-science.ch\/","name":"CSC - Conservation - Sciences","description":"Transmission de connaissances dans le domaine des sciences de la conservation du patrimoine b\u00e2ti","potentialAction":[{"@type":"SearchAction","target":{"@type":"EntryPoint","urlTemplate":"https:\/\/conservation-science.ch\/?s={search_term_string}"},"query-input":{"@type":"PropertyValueSpecification","valueRequired":true,"valueName":"search_term_string"}}],"inLanguage":"fr-FR"}]}},"_links":{"self":[{"href":"https:\/\/conservation-science.ch\/index.php?rest_route=\/wp\/v2\/pages\/28896","targetHints":{"allow":["GET"]}}],"collection":[{"href":"https:\/\/conservation-science.ch\/index.php?rest_route=\/wp\/v2\/pages"}],"about":[{"href":"https:\/\/conservation-science.ch\/index.php?rest_route=\/wp\/v2\/types\/page"}],"author":[{"embeddable":true,"href":"https:\/\/conservation-science.ch\/index.php?rest_route=\/wp\/v2\/users\/1"}],"replies":[{"embeddable":true,"href":"https:\/\/conservation-science.ch\/index.php?rest_route=%2Fwp%2Fv2%2Fcomments&post=28896"}],"version-history":[{"count":4,"href":"https:\/\/conservation-science.ch\/index.php?rest_route=\/wp\/v2\/pages\/28896\/revisions"}],"predecessor-version":[{"id":40475,"href":"https:\/\/conservation-science.ch\/index.php?rest_route=\/wp\/v2\/pages\/28896\/revisions\/40475"}],"up":[{"embeddable":true,"href":"https:\/\/conservation-science.ch\/index.php?rest_route=\/wp\/v2\/pages\/28925"}],"wp:attachment":[{"href":"https:\/\/conservation-science.ch\/index.php?rest_route=%2Fwp%2Fv2%2Fmedia&parent=28896"}],"curies":[{"name":"wp","href":"https:\/\/api.w.org\/{rel}","templated":true}]}}